{"id":4755,"date":"2025-05-10T15:47:01","date_gmt":"2025-05-10T15:47:01","guid":{"rendered":"https:\/\/torettorefrigerant.com\/product\/r290-refrigerant-370g\/"},"modified":"2025-05-10T15:47:01","modified_gmt":"2025-05-10T15:47:01","slug":"r290-refrigerant-370g","status":"publish","type":"product","link":"https:\/\/torettorefrigerant.com\/fr\/product\/r290-refrigerant-370g\/","title":{"rendered":"R290 R\u00e9frig\u00e9rant 370g"},"content":{"rendered":"<p data-start=\"2001\" data-end=\"2091\"><strong data-start=\"2001\" data-end=\"2091\">R\u00e9frig\u00e9rant R290 &#8211; bouteille de 370 g avec vanne 7\/16-20 | Certifi\u00e9 T-PED | Inflammable (A3)<\/strong><\/p>\n<p data-start=\"2093\" data-end=\"2370\">Le r\u00e9frig\u00e9rant R290 (370g) est un gaz \u00e0 base de propane tr\u00e8s efficace et \u00e9cologique utilis\u00e9 dans les syst\u00e8mes de r\u00e9frig\u00e9ration domestique et commerciale. Avec un tr\u00e8s faible potentiel de r\u00e9chauffement climatique (PRG de 3), c\u2019est le choix durable pour les r\u00e9frig\u00e9rateurs, les cong\u00e9lateurs, les climatiseurs et les unit\u00e9s d\u2019affichage. <\/p>\n<p data-start=\"2372\" data-end=\"2408\">\u2705 <strong data-start=\"2374\" data-end=\"2406\">Avantages du r\u00e9frig\u00e9rant R290<\/strong><\/p>\n<ul data-start=\"2409\" data-end=\"2607\">\n<li data-start=\"2409\" data-end=\"2444\">\n<p data-start=\"2411\" data-end=\"2444\"><strong data-start=\"2411\" data-end=\"2427\">Eco-friendly <\/strong>: Ultra-low GWP<\/p>\n<\/li>\n<li data-start=\"2445\" data-end=\"2489\">\n<p data-start=\"2447\" data-end=\"2489\"><strong data-start=\"2447\" data-end=\"2462\">\u00c9conomie de co\u00fbts <\/strong>: Efficacit\u00e9 \u00e9lev\u00e9e du refroidissement<\/p>\n<\/li>\n<li data-start=\"2490\" data-end=\"2545\">\n<p data-start=\"2492\" data-end=\"2545\"><strong data-start=\"2492\" data-end=\"2512\">Large application<\/strong> : Syst\u00e8mes domestiques et industriels<\/p>\n<\/li>\n<li data-start=\"2546\" data-end=\"2607\">\n<p data-start=\"2548\" data-end=\"2607\"><strong data-start=\"2548\" data-end=\"2568\">S\u00e9curit\u00e9 certifi\u00e9e<\/strong> : bouteille conforme \u00e0 la norme T-PED \/ EN 13322-1<\/p>\n<\/li>\n<\/ul>\n<p data-start=\"2609\" data-end=\"2642\"><strong data-start=\"2612\" data-end=\"2640\">\ud83d\udd27 sp\u00e9cifications techniques<\/strong><\/p>\n<div class=\"_tableContainer_16hzy_1\">\n<div class=\"_tableWrapper_16hzy_14 group flex w-fit flex-col-reverse\" tabindex=\"-1\">\n<table class=\"w-fit min-w-(--thread-content-width)\" data-start=\"2643\" data-end=\"3058\">\n<thead data-start=\"2643\" data-end=\"2694\">\n<tr data-start=\"2643\" data-end=\"2694\">\n<th data-start=\"2643\" data-end=\"2662\" data-col-size=\"sm\">Propri\u00e9t\u00e9s <\/th>\n<p>et <\/p>\n<th data-start=\"2662\" data-end=\"2694\" data-col-size=\"sm\">d\u00e9tails<\/th>\n<\/tr>\n<\/thead>\n<tbody data-start=\"2747\" data-end=\"3058\">\n<tr data-start=\"2747\" data-end=\"2798\">\n<td data-start=\"2747\" data-end=\"2766\" data-col-size=\"sm\">Poids net<\/td>\n<td data-start=\"2766\" data-end=\"2798\" data-col-size=\"sm\">370g<\/td>\n<\/tr>\n<tr data-start=\"2799\" data-end=\"2850\">\n<td data-start=\"2799\" data-end=\"2818\" data-col-size=\"sm\">Valve<\/td>\n<td data-col-size=\"sm\" data-start=\"2818\" data-end=\"2850\">7\/16-20 (connexion viss\u00e9e)<\/td>\n<\/tr>\n<tr data-start=\"2851\" data-end=\"2902\">\n<td data-start=\"2851\" data-end=\"2870\" data-col-size=\"sm\">Type<\/td>\n<td data-col-size=\"sm\" data-start=\"2870\" data-end=\"2902\">R290 (Propane)<\/td>\n<\/tr>\n<tr data-start=\"2903\" data-end=\"2954\">\n<td data-start=\"2903\" data-end=\"2922\" data-col-size=\"sm\">GWP<\/td>\n<td data-col-size=\"sm\" data-start=\"2922\" data-end=\"2954\">3<\/td>\n<\/tr>\n<tr data-start=\"2955\" data-end=\"3006\">\n<td data-start=\"2955\" data-end=\"2974\" data-col-size=\"sm\">Classe de s\u00e9curit\u00e9<\/td>\n<td data-col-size=\"sm\" data-start=\"2974\" data-end=\"3006\">A3 &#8211; Hautement inflammable<\/td>\n<\/tr>\n<tr data-start=\"3007\" data-end=\"3058\">\n<td data-start=\"3007\" data-end=\"3026\" data-col-size=\"sm\">Certification<\/td>\n<td data-start=\"3026\" data-end=\"3058\" data-col-size=\"sm\">T-PED \/ EN 13322-1<\/td>\n<\/tr>\n<\/tbody>\n<\/table>\n<div class=\"sticky end-(--thread-content-margin) h-0 self-end select-none\">\n<div class=\"absolute end-0 flex items-end\"><\/div>\n<\/div>\n<\/div>\n<\/div>\n<p data-start=\"3060\" data-end=\"3246\">\ud83d\udce6 <strong data-start=\"3063\" data-end=\"3088\">Exp\u00e9dition et conformit\u00e9<\/strong><br data-start=\"3088\" data-end=\"3091\">Exp\u00e9di\u00e9 dans toute l\u2019UE en 24 \u00e0 48 heures avec un emballage s\u00e9curis\u00e9. Pour une utilisation professionnelle selon les r\u00e9glementations F-Gas de l\u2019UE. cylindre en acier rechargeable conforme CE inclus.  <\/p>\n","protected":false},"excerpt":{"rendered":"<p data-start=\"3279\" data-end=\"3497\">Premium R290 r\u00e9frig\u00e9rant (370g) dans cylindre certifi\u00e9 T-PED avec vanne 7\/16-20. Gaz inflammable A3, id\u00e9al pour les r\u00e9frig\u00e9rateurs, les syst\u00e8mes de climatisation et le refroidissement commercial. \u00c9cologique, durable et conforme aux normes de l\u2019UE. PRG : 3.   <\/p>\n","protected":false},"featured_media":5434,"comment_status":"open","ping_status":"closed","template":"","meta":{"site-sidebar-layout":"default","site-content-layout":"default","ast-site-content-layout":"default","site-content-style":"default","site-sidebar-style":"default","ast-global-header-display":"","ast-banner-title-visibility":"","ast-main-header-display":"","ast-hfb-above-header-display":"","ast-hfb-below-header-display":"","ast-hfb-mobile-header-display":"","site-post-title":"","ast-breadcrumbs-content":"","ast-featured-img":"","footer-sml-layout":"","theme-transparent-header-meta":"default","adv-header-id-meta":"","stick-header-meta":"default","header-above-stick-meta":"","header-main-stick-meta":"","header-below-stick-meta":"","astra-migrate-meta-layouts":"default","ast-page-background-enabled":"default","ast-page-background-meta":{"desktop":{"background-color":"","background-image":"","background-repeat":"repeat","background-position":"center center","background-size":"auto","background-attachment":"scroll","background-type":"","background-media":"","overlay-type":"","overlay-color":"","overlay-opacity":"","overlay-gradient":""},"tablet":{"background-color":"","background-image":"","background-repeat":"repeat","background-position":"center center","background-size":"auto","background-attachment":"scroll","background-type":"","background-media":"","overlay-type":"","overlay-color":"","overlay-opacity":"","overlay-gradient":""},"mobile":{"background-color":"","background-image":"","background-repeat":"repeat","background-position":"center center","background-size":"auto","background-attachment":"scroll","background-type":"","background-media":"","overlay-type":"","overlay-color":"","overlay-opacity":"","overlay-gradient":""}},"ast-content-background-meta":{"desktop":{"background-color":"var(--ast-global-color-5)","background-image":"","background-repeat":"repeat","background-position":"center center","background-size":"auto","background-attachment":"scroll","background-type":"","background-media":"","overlay-type":"","overlay-color":"","overlay-opacity":"","overlay-gradient":""},"tablet":{"background-color":"var(--ast-global-color-5)","background-image":"","background-repeat":"repeat","background-position":"center center","background-size":"auto","background-attachment":"scroll","background-type":"","background-media":"","overlay-type":"","overlay-color":"","overlay-opacity":"","overlay-gradient":""},"mobile":{"background-color":"var(--ast-global-color-5)","background-image":"","background-repeat":"repeat","background-position":"center center","background-size":"auto","background-attachment":"scroll","background-type":"","background-media":"","overlay-type":"","overlay-color":"","overlay-opacity":"","overlay-gradient":""}}},"product_brand":[],"product_cat":[229],"product_tag":[216,213],"class_list":{"0":"post-4755","1":"product","2":"type-product","3":"status-publish","4":"has-post-thumbnail","6":"product_cat-r290-fr","7":"product_tag-freon-fr","8":"product_tag-kaltemittel-fr","9":"desktop-align-center","10":"tablet-align-left","11":"mobile-align-left","13":"first","14":"instock","15":"sale","16":"featured","17":"shipping-taxable","18":"purchasable","19":"product-type-simple"},"_links":{"self":[{"href":"https:\/\/torettorefrigerant.com\/fr\/wp-json\/wp\/v2\/product\/4755","targetHints":{"allow":["GET"]}}],"collection":[{"href":"https:\/\/torettorefrigerant.com\/fr\/wp-json\/wp\/v2\/product"}],"about":[{"href":"https:\/\/torettorefrigerant.com\/fr\/wp-json\/wp\/v2\/types\/product"}],"replies":[{"embeddable":true,"href":"https:\/\/torettorefrigerant.com\/fr\/wp-json\/wp\/v2\/comments?post=4755"}],"version-history":[{"count":0,"href":"https:\/\/torettorefrigerant.com\/fr\/wp-json\/wp\/v2\/product\/4755\/revisions"}],"wp:featuredmedia":[{"embeddable":true,"href":"https:\/\/torettorefrigerant.com\/fr\/wp-json\/wp\/v2\/media\/5434"}],"wp:attachment":[{"href":"https:\/\/torettorefrigerant.com\/fr\/wp-json\/wp\/v2\/media?parent=4755"}],"wp:term":[{"taxonomy":"product_brand","embeddable":true,"href":"https:\/\/torettorefrigerant.com\/fr\/wp-json\/wp\/v2\/product_brand?post=4755"},{"taxonomy":"product_cat","embeddable":true,"href":"https:\/\/torettorefrigerant.com\/fr\/wp-json\/wp\/v2\/product_cat?post=4755"},{"taxonomy":"product_tag","embeddable":true,"href":"https:\/\/torettorefrigerant.com\/fr\/wp-json\/wp\/v2\/product_tag?post=4755"}],"curies":[{"name":"wp","href":"https:\/\/api.w.org\/{rel}","templated":true}]}}