{"id":4753,"date":"2025-05-10T15:08:34","date_gmt":"2025-05-10T15:08:34","guid":{"rendered":"https:\/\/torettorefrigerant.com\/product\/r134a-refrigerant-900g\/"},"modified":"2025-05-10T15:08:34","modified_gmt":"2025-05-10T15:08:34","slug":"r134a-refrigerant-900g","status":"publish","type":"product","link":"https:\/\/torettorefrigerant.com\/fr\/product\/r134a-refrigerant-900g\/","title":{"rendered":"R134a R\u00e9frig\u00e9rant 900g"},"content":{"rendered":"<p data-start=\"245\" data-end=\"462\">Si vous avez besoin d\u2019une bouteille de gaz fiable <strong data-start=\"268\" data-end=\"295\">R134a 900g <\/strong>pour remplir le syst\u00e8me de climatisation de votre v\u00e9hicule, vous \u00eates au bon endroit. Notre cylindre r\u00e9frig\u00e9rant R134a de 900g de haute qualit\u00e9 rend les r\u00e9parations de la climatisation rapides et faciles. <\/p>\n<h2 data-start=\"464\" data-end=\"514\">Avantages de notre cylindre r\u00e9frig\u00e9rant 900g R134a<\/h2>\n<p data-start=\"516\" data-end=\"857\">Cette <strong data-start=\"521\" data-end=\"548\">bouteille de gaz R134a 900g<\/strong> est certifi\u00e9e CE et r\u00e9pond \u00e0 toutes les normes de s\u00e9curit\u00e9 de l\u2019UE telles que T-PED et EN 13322-1. Gr\u00e2ce \u00e0 la valve SAE 1\/4&Prime; conviviale, les professionnels et les bricoleurs peuvent la manipuler en toute s\u00e9curit\u00e9 et facilement. De plus, le cylindre est rechargeable et durable, ce qui le rend parfait pour les syst\u00e8mes de climatisation automobiles petits et moyens.  <\/p>\n<h2 data-start=\"859\" data-end=\"901\">Principales caract\u00e9ristiques du cylindre 900g R134a<\/h2>\n<ul data-start=\"903\" data-end=\"1273\">\n<li data-start=\"903\" data-end=\"955\">\n<p data-start=\"905\" data-end=\"955\">Contient 900 grammes de gaz r\u00e9frig\u00e9rant R134a pur<\/p>\n<\/li>\n<li data-start=\"956\" data-end=\"1021\">\n<p data-start=\"958\" data-end=\"1021\">cylindre rechargeable certifi\u00e9 CE assure la s\u00e9curit\u00e9 et une longue dur\u00e9e de vie<\/p>\n<\/li>\n<li data-start=\"1022\" data-end=\"1107\">\n<p data-start=\"1024\" data-end=\"1107\">Conforme aux r\u00e9glementations de transport UN 3159, permettant une exp\u00e9dition facile \u00e0 travers l\u2019Europe<\/p>\n<\/li>\n<li data-start=\"1108\" data-end=\"1212\">\n<p data-start=\"1110\" data-end=\"1212\">R\u00e9frig\u00e9rant respectueux de l\u2019environnement et ininflammable avec un potentiel de r\u00e9chauffement global (PRG) de 1430<\/p>\n<\/li>\n<li data-start=\"1213\" data-end=\"1273\">\n<p data-start=\"1215\" data-end=\"1273\">Compact et l\u00e9ger, ce qui le rend facile \u00e0 transporter et \u00e0 ranger<\/p>\n<\/li>\n<\/ul>\n<h2 data-start=\"1275\" data-end=\"1317\">O\u00f9 utiliser le r\u00e9frig\u00e9rant R134a de 900 g<\/h2>\n<p data-start=\"1319\" data-end=\"1482\">Notre cylindre de 900g fonctionne parfaitement pour le remplissage des climatiseurs automobiles ou le maintien des unit\u00e9s mobiles et fixes de climatisation. C\u2019est la taille id\u00e9ale pour un usage quotidien. <\/p>\n<h2 data-start=\"1484\" data-end=\"1519\">S\u00e9curit\u00e9, conformit\u00e9 et garantie<\/h2>\n<p data-start=\"1521\" data-end=\"1813\">Nous produisons et stockons notre <strong data-start=\"1546\" data-end=\"1585\">bouteille de gaz r\u00e9frig\u00e9rant R134a 900g<\/strong> selon les r\u00e9glementations strictes de l\u2019UE. Elle est enti\u00e8rement conforme \u00e0 la l\u00e9gislation F-Gas. Nous emballons soigneusement chaque cylindre pour une exp\u00e9dition s\u00e9curis\u00e9e. De plus, il est livr\u00e9 avec une garantie de 12 mois et un certificat de conformit\u00e9 pour votre tranquillit\u00e9 d\u2019esprit.   <\/p>\n<hr data-start=\"1815\" data-end=\"1818\">\n<h3 data-start=\"1820\" data-end=\"1876\">Foire aux questions sur les bouteilles de gaz R134a<\/h3>\n<p data-start=\"1878\" data-end=\"2002\"><strong data-start=\"1878\" data-end=\"1920\">Cette bouteille de gaz R134a est-elle rechargeable?<\/strong><br data-start=\"1920\" data-end=\"1923\">Oui, tous nos cylindres sont certifi\u00e9s CE et con\u00e7us pour \u00eatre remplis plusieurs fois.<\/p>\n<p data-start=\"2004\" data-end=\"2155\"><strong data-start=\"2004\" data-end=\"2059\">Puis-je utiliser ce r\u00e9frig\u00e9rant pour le syst\u00e8me A\/C de ma voiture?<\/strong><br data-start=\"2059\" data-end=\"2062\">D\u00e9finitivement. Le cylindre 900g convient parfaitement aux syst\u00e8mes de climatisation automobiles et mobiles. <\/p>\n<hr data-start=\"2157\" data-end=\"2160\">\n<h3 data-start=\"2162\" data-end=\"2179\">Helpful Links<\/h3>\n<ul data-start=\"2181\" data-end=\"2353\">\n<li data-start=\"2181\" data-end=\"2255\">\n<p data-start=\"2183\" data-end=\"2255\"><a class=\"\" href=\"#\" rel=\"noopener\" data-start=\"2183\" data-end=\"2223\">Comment remplir le syst\u00e8me A\/C de votre voiture<\/a> <em data-start=\"2224\" data-end=\"2253\">(espace r\u00e9serv\u00e9 au lien interne)<\/em><\/p>\n<\/li>\n<li data-start=\"2256\" data-end=\"2353\">\n<p data-start=\"2258\" data-end=\"2353\"><a class=\"\" href=\"https:\/\/ec.europa.eu\/clima\/policies\/f-gas_en\" target=\"_new\" rel=\"noopener\" data-start=\"2258\" data-end=\"2335\">EU F-Gas Regulations Overview<\/a> <em data-start=\"2336\" data-end=\"2353\">(outbound link)<\/em><\/p>\n<\/li>\n<\/ul>\n","protected":false},"excerpt":{"rendered":"<p><strong data-start=\"2491\" data-end=\"2620\">Premium R134a gaz r\u00e9frig\u00e9rant, 900g bouteille rechargeable avec 7\/16-20 valve. T-PED et certifi\u00e9 CE, id\u00e9al pour automobile A\/C. <\/strong><\/p>\n<p><strong>GWP[1430]<\/strong><\/p>\n","protected":false},"featured_media":5437,"comment_status":"open","ping_status":"closed","template":"","meta":{"site-sidebar-layout":"default","site-content-layout":"default","ast-site-content-layout":"default","site-content-style":"default","site-sidebar-style":"default","ast-global-header-display":"","ast-banner-title-visibility":"","ast-main-header-display":"","ast-hfb-above-header-display":"","ast-hfb-below-header-display":"","ast-hfb-mobile-header-display":"","site-post-title":"","ast-breadcrumbs-content":"","ast-featured-img":"","footer-sml-layout":"","theme-transparent-header-meta":"default","adv-header-id-meta":"","stick-header-meta":"default","header-above-stick-meta":"","header-main-stick-meta":"","header-below-stick-meta":"","astra-migrate-meta-layouts":"default","ast-page-background-enabled":"default","ast-page-background-meta":{"desktop":{"background-color":"","background-image":"","background-repeat":"repeat","background-position":"center center","background-size":"auto","background-attachment":"scroll","background-type":"","background-media":"","overlay-type":"","overlay-color":"","overlay-opacity":"","overlay-gradient":""},"tablet":{"background-color":"","background-image":"","background-repeat":"repeat","background-position":"center center","background-size":"auto","background-attachment":"scroll","background-type":"","background-media":"","overlay-type":"","overlay-color":"","overlay-opacity":"","overlay-gradient":""},"mobile":{"background-color":"","background-image":"","background-repeat":"repeat","background-position":"center center","background-size":"auto","background-attachment":"scroll","background-type":"","background-media":"","overlay-type":"","overlay-color":"","overlay-opacity":"","overlay-gradient":""}},"ast-content-background-meta":{"desktop":{"background-color":"var(--ast-global-color-5)","background-image":"","background-repeat":"repeat","background-position":"center center","background-size":"auto","background-attachment":"scroll","background-type":"","background-media":"","overlay-type":"","overlay-color":"","overlay-opacity":"","overlay-gradient":""},"tablet":{"background-color":"var(--ast-global-color-5)","background-image":"","background-repeat":"repeat","background-position":"center center","background-size":"auto","background-attachment":"scroll","background-type":"","background-media":"","overlay-type":"","overlay-color":"","overlay-opacity":"","overlay-gradient":""},"mobile":{"background-color":"var(--ast-global-color-5)","background-image":"","background-repeat":"repeat","background-position":"center center","background-size":"auto","background-attachment":"scroll","background-type":"","background-media":"","overlay-type":"","overlay-color":"","overlay-opacity":"","overlay-gradient":""}}},"product_brand":[],"product_cat":[209],"product_tag":[],"class_list":{"0":"post-4753","1":"product","2":"type-product","3":"status-publish","4":"has-post-thumbnail","6":"product_cat-r134a-fr","7":"desktop-align-center","8":"tablet-align-left","9":"mobile-align-left","11":"first","12":"instock","13":"sale","14":"featured","15":"shipping-taxable","16":"purchasable","17":"product-type-simple"},"_links":{"self":[{"href":"https:\/\/torettorefrigerant.com\/fr\/wp-json\/wp\/v2\/product\/4753","targetHints":{"allow":["GET"]}}],"collection":[{"href":"https:\/\/torettorefrigerant.com\/fr\/wp-json\/wp\/v2\/product"}],"about":[{"href":"https:\/\/torettorefrigerant.com\/fr\/wp-json\/wp\/v2\/types\/product"}],"replies":[{"embeddable":true,"href":"https:\/\/torettorefrigerant.com\/fr\/wp-json\/wp\/v2\/comments?post=4753"}],"version-history":[{"count":0,"href":"https:\/\/torettorefrigerant.com\/fr\/wp-json\/wp\/v2\/product\/4753\/revisions"}],"wp:featuredmedia":[{"embeddable":true,"href":"https:\/\/torettorefrigerant.com\/fr\/wp-json\/wp\/v2\/media\/5437"}],"wp:attachment":[{"href":"https:\/\/torettorefrigerant.com\/fr\/wp-json\/wp\/v2\/media?parent=4753"}],"wp:term":[{"taxonomy":"product_brand","embeddable":true,"href":"https:\/\/torettorefrigerant.com\/fr\/wp-json\/wp\/v2\/product_brand?post=4753"},{"taxonomy":"product_cat","embeddable":true,"href":"https:\/\/torettorefrigerant.com\/fr\/wp-json\/wp\/v2\/product_cat?post=4753"},{"taxonomy":"product_tag","embeddable":true,"href":"https:\/\/torettorefrigerant.com\/fr\/wp-json\/wp\/v2\/product_tag?post=4753"}],"curies":[{"name":"wp","href":"https:\/\/api.w.org\/{rel}","templated":true}]}}