{"id":4604,"date":"2025-05-10T16:42:08","date_gmt":"2025-05-10T16:42:08","guid":{"rendered":"https:\/\/torettorefrigerant.com\/product\/r407c-refrigerant-10-kg\/"},"modified":"2025-05-10T16:42:08","modified_gmt":"2025-05-10T16:42:08","slug":"r407c-refrigerant-10-kg","status":"publish","type":"product","link":"https:\/\/torettorefrigerant.com\/fr\/product\/r407c-refrigerant-10-kg\/","title":{"rendered":"R407C R\u00e9frig\u00e9rant 10 kg"},"content":{"rendered":"<p data-start=\"542\" data-end=\"902\">Vous cherchez du <strong data-start=\"554\" data-end=\"580\">r\u00e9frig\u00e9rant R407C<\/strong> de 10 kg dans un format s\u00fbr, certifi\u00e9 et rechargeable? Notre <strong data-start=\"630\" data-end=\"653\">cylindre R407C de 10 kg <\/strong>est certifi\u00e9 CE et id\u00e9al pour une utilisation dans les <strong data-start=\"691\" data-end=\"707\">syst\u00e8mes HVAC<\/strong>, la <strong data-start=\"709\" data-end=\"740\">climatisation automobile <\/strong>et les unit\u00e9s de <strong data-start=\"746\" data-end=\"789\">refroidissement r\u00e9sidentielles ou commerciales<\/strong>. Il est \u00e9quip\u00e9 d\u2019une vanne <strong data-start=\"816\" data-end=\"834\">SAE de 1\/4 po<\/strong>, ce qui garantit une manipulation facile et une compatibilit\u00e9 totale avec les outils standard.  <\/p>\n<p data-start=\"904\" data-end=\"1167\">Le gaz r\u00e9frig\u00e9rant est un m\u00e9lange <strong data-start=\"946\" data-end=\"989\">zeotropique \u00e0 haute performance de R32<\/strong>, R125 et R134a con\u00e7u pour remplacer directement R22. Il offre <strong data-start=\"1045\" data-end=\"1068\">un faible appauvrissement<\/strong> de la couche d\u2019ozone, <strong data-start=\"1070\" data-end=\"1095\">une non-inflammabilit\u00e9 (A1)<\/strong> et un <strong data-start=\"1103\" data-end=\"1118\">PRG de 1774<\/strong>, conform\u00e9ment \u00e0 la r\u00e9glementation actuelle de <strong data-start=\"1142\" data-end=\"1166\">l\u2019UE sur les gaz fluor\u00e9s.<\/strong> <\/p>\n<hr data-start=\"1169\" data-end=\"1172\">\n<h3 data-start=\"1174\" data-end=\"1219\">\u2705 Caract\u00e9ristiques principales du cylindre R407C 10kg<\/h3>\n<ul data-start=\"1221\" data-end=\"1568\">\n<li data-start=\"1221\" data-end=\"1263\">\n<p data-start=\"1223\" data-end=\"1263\"><strong data-start=\"1223\" data-end=\"1261\">10kg de gaz r\u00e9frig\u00e9rant pur R407C<\/strong><\/p>\n<\/li>\n<li data-start=\"1264\" data-end=\"1308\">\n<p data-start=\"1266\" data-end=\"1308\"><strong data-start=\"1266\" data-end=\"1306\">Cylindre certifi\u00e9 CE et rechargeable<\/strong><\/p>\n<\/li>\n<li data-start=\"1309\" data-end=\"1345\">\n<p data-start=\"1311\" data-end=\"1345\">Conforme \u00e0 la norme <strong data-start=\"1311\" data-end=\"1333\">T-PED \/ EN 13322-1<\/strong><\/p>\n<\/li>\n<li data-start=\"1346\" data-end=\"1400\">\n<p data-start=\"1348\" data-end=\"1400\">Label <strong data-start=\"1348\" data-end=\"1359\">UN 3340<\/strong> pour le transport international en toute s\u00e9curit\u00e9<\/p>\n<\/li>\n<li data-start=\"1401\" data-end=\"1466\">\n<p data-start=\"1403\" data-end=\"1466\">Convient aux syst\u00e8mes <strong data-start=\"1416\" data-end=\"1424\">HVAC<\/strong>, <strong data-start=\"1426\" data-end=\"1444\">A\/C automobile<\/strong> et <strong data-start=\"1450\" data-end=\"1464\">pompes \u00e0 chaleur<\/strong><\/p>\n<\/li>\n<li data-start=\"1467\" data-end=\"1514\">\n<p data-start=\"1469\" data-end=\"1514\">R\u00e9frig\u00e9rant non inflammable et \u00e9cologique<\/p>\n<\/li>\n<li data-start=\"1515\" data-end=\"1568\">\n<p data-start=\"1517\" data-end=\"1568\"><strong data-start=\"1517\" data-end=\"1548\">Exp\u00e9dition rapide au sein de l\u2019UE <\/strong>(2 \u00e0 5 jours ouvrables)<\/p>\n<\/li>\n<\/ul>\n<hr data-start=\"1570\" data-end=\"1573\">\n<h3 data-start=\"1575\" data-end=\"1606\">\ud83d\udd27 sp\u00e9cifications techniques<\/h3>\n<div class=\"_tableContainer_16hzy_1\">\n<div class=\"_tableWrapper_16hzy_14 group flex w-fit flex-col-reverse\" tabindex=\"-1\">\n<table class=\"w-fit min-w-(--thread-content-width)\" data-start=\"1608\" data-end=\"1850\">\n<thead data-start=\"1608\" data-end=\"1630\">\n<tr data-start=\"1608\" data-end=\"1630\">\n<th data-start=\"1608\" data-end=\"1619\" data-col-size=\"sm\">Propri\u00e9t\u00e9s <\/th>\n<p>et <\/p>\n<th data-start=\"1619\" data-end=\"1630\" data-col-size=\"sm\">d\u00e9tails<\/th>\n<\/tr>\n<\/thead>\n<tbody data-start=\"1653\" data-end=\"1850\">\n<tr data-start=\"1653\" data-end=\"1674\">\n<td data-start=\"1653\" data-end=\"1666\" data-col-size=\"sm\">Net Weight<\/td>\n<td data-col-size=\"sm\" data-start=\"1666\" data-end=\"1674\">10kg<\/td>\n<\/tr>\n<tr data-start=\"1675\" data-end=\"1727\">\n<td data-start=\"1675\" data-end=\"1689\" data-col-size=\"sm\">Composition<\/td>\n<td data-col-size=\"sm\" data-start=\"1689\" data-end=\"1727\">R32 (23%), R125 (25%), R134a (52%)<\/td>\n<\/tr>\n<tr data-start=\"1728\" data-end=\"1748\">\n<td data-start=\"1728\" data-end=\"1736\" data-col-size=\"sm\">Valve<\/td>\n<td data-col-size=\"sm\" data-start=\"1736\" data-end=\"1748\">1\/4&Prime; SAE<\/td>\n<\/tr>\n<tr data-start=\"1749\" data-end=\"1770\">\n<td data-start=\"1749\" data-end=\"1764\" data-col-size=\"sm\">Safety Group<\/td>\n<td data-col-size=\"sm\" data-start=\"1764\" data-end=\"1770\">A1<\/td>\n<\/tr>\n<tr data-start=\"1771\" data-end=\"1785\">\n<td data-start=\"1771\" data-end=\"1777\" data-col-size=\"sm\">GWP<\/td>\n<td data-col-size=\"sm\" data-start=\"1777\" data-end=\"1785\">1774<\/td>\n<\/tr>\n<tr data-start=\"1786\" data-end=\"1828\">\n<td data-start=\"1786\" data-end=\"1803\" data-col-size=\"sm\">Certifications<\/td>\n<td data-col-size=\"sm\" data-start=\"1803\" data-end=\"1828\">CE, T-PED, EN 13322-1<\/td>\n<\/tr>\n<tr data-start=\"1829\" data-end=\"1850\">\n<td data-start=\"1829\" data-end=\"1839\" data-col-size=\"sm\">UN Code<\/td>\n<td data-col-size=\"sm\" data-start=\"1839\" data-end=\"1850\">UN 3340<\/td>\n<\/tr>\n<\/tbody>\n<\/table>\n<div class=\"sticky end-(--thread-content-margin) h-0 self-end select-none\">\n<div class=\"absolute end-0 flex items-end\"><\/div>\n<\/div>\n<\/div>\n<\/div>\n<hr data-start=\"1852\" data-end=\"1855\">\n<h3 data-start=\"1857\" data-end=\"1885\">\ud83d\udce6 Exp\u00e9dition et conformit\u00e9<\/h3>\n<p data-start=\"1887\" data-end=\"2251\">Nous exp\u00e9dions dans les 24 \u00e0 48 heures, en utilisant un emballage s\u00e9curis\u00e9 pour \u00e9viter tout dommage. <strong data-start=\"1955\" data-end=\"2017\">Chaque commande comprend un certificat CE et une garantie de 12 mois<\/strong>. Le r\u00e9frig\u00e9rant R407C convient \u00e0 un <strong data-start=\"2057\" data-end=\"2077\">usage professionnel<\/strong> conforme aux lois sur les<strong data-start=\"2097\" data-end=\"2111\"> gaz fluor\u00e9s<\/strong>. Vous pouvez en savoir plus sur la <a class=\"\" href=\"https:\/\/climate.ec.europa.eu\/eu-action\/fluorinated-greenhouse-gases_en\" target=\"_new\" rel=\"noopener\" data-start=\"2121\" data-end=\"2234\">r\u00e9glementation relative aux gaz fluor\u00e9s ici<\/a> (lien externe).  <\/p>\n<hr data-start=\"2253\" data-end=\"2256\">\n<h3 data-start=\"2258\" data-end=\"2277\">\ud83d\udd17 explorer plus<\/h3>\n<p data-start=\"2279\" data-end=\"2446\">Vous cherchez d\u2019autres options de r\u00e9frig\u00e9rant? Consultez notre gamme compl\u00e8te dans la collection <a class=\"cursor-pointer\" target=\"_new\" rel=\"noopener\" data-start=\"2346\" data-end=\"2429\">de gaz r\u00e9frig\u00e9rants <\/a>(lien interne). <\/p>\n","protected":false},"excerpt":{"rendered":"<div id=\"animation-variants-provider\" class=\"overflow-visible\">\n<div class=\"word-break-anywhere flex max-w-full flex-col items-stretch break-words [&amp;&lt;encoded_tag_closed \/&gt;*:nth-child(1)]:mt-0\" style=\"box-sizing: border-box; border: 0px solid #e4e4e7; scrollbar-color: rgba(39, 39, 42, 0.6) #ffffff; scrollbar-width: thin; scroll-behavior: smooth; --scrollbar-track: hsl(0 0% 100%); --scrollbar-thumb: rgba(39,39,42,.6); --scrollbar-track-radius: 0.5rem; --scrollbar-thumb-radius: 0.5rem; --scrollbar-corner-radius: 0.5rem; --tw-border-spacing-x: 0; --tw-border-spacing-y: 0; --tw-translate-x: 0; --tw-translate-y: 0; --tw-rotate: 0; --tw-skew-x: 0; --tw-skew-y: 0; --tw-scale-x: 1; --tw-scale-y: 1; --tw-scroll-snap-strictness: proximity; --tw-ring-offset-width: 0px; --tw-ring-offset-color: #fff; --tw-ring-color: rgba(59,130,246,.5); --tw-ring-offset-shadow: 0 0 #0000; --tw-ring-shadow: 0 0 #0000; --tw-shadow: 0 0 #0000; --tw-shadow-colored: 0 0 #0000; display: flex; max-width: 100%; flex-direction: column; align-items: stretch; overflow-wrap: anywhere; overflow-anchor: none;\">\n<p>R\u00e9frig\u00e9rant Premium Chemours FreonTM <strong>R407C <\/strong>(10 kg) en cylindre certifi\u00e9 T-PED\/EN 13322-1 avec vanne SAE professionnelle 1\/4&Prime;. Ce m\u00e9lange sp\u00e9cialis\u00e9 de HFC (52 % HFC-134a, 25 % HFC-125, 23 % HFC-32) sert de remplacement direct du R22 pour les syst\u00e8mes de climatisation et de pompe \u00e0 chaleur. Caract\u00e9ristiques de la certification CE, construction en acier durable et conception rechargeable. Id\u00e9al pour la maintenance AC divis\u00e9e, la r\u00e9frig\u00e9ration commerciale et les applications professionnelles de CVC avec un <strong>PRG de 1774<\/strong>.   <\/p>\n<\/div>\n<\/div>\n","protected":false},"featured_media":5428,"comment_status":"open","ping_status":"closed","template":"","meta":{"site-sidebar-layout":"default","site-content-layout":"default","ast-site-content-layout":"default","site-content-style":"default","site-sidebar-style":"default","ast-global-header-display":"","ast-banner-title-visibility":"","ast-main-header-display":"","ast-hfb-above-header-display":"","ast-hfb-below-header-display":"","ast-hfb-mobile-header-display":"","site-post-title":"","ast-breadcrumbs-content":"","ast-featured-img":"","footer-sml-layout":"","theme-transparent-header-meta":"default","adv-header-id-meta":"","stick-header-meta":"","header-above-stick-meta":"","header-main-stick-meta":"","header-below-stick-meta":"","astra-migrate-meta-layouts":"default","ast-page-background-enabled":"default","ast-page-background-meta":{"desktop":{"background-color":"","background-image":"","background-repeat":"repeat","background-position":"center center","background-size":"auto","background-attachment":"scroll","background-type":"","background-media":"","overlay-type":"","overlay-color":"","overlay-opacity":"","overlay-gradient":""},"tablet":{"background-color":"","background-image":"","background-repeat":"repeat","background-position":"center center","background-size":"auto","background-attachment":"scroll","background-type":"","background-media":"","overlay-type":"","overlay-color":"","overlay-opacity":"","overlay-gradient":""},"mobile":{"background-color":"","background-image":"","background-repeat":"repeat","background-position":"center center","background-size":"auto","background-attachment":"scroll","background-type":"","background-media":"","overlay-type":"","overlay-color":"","overlay-opacity":"","overlay-gradient":""}},"ast-content-background-meta":{"desktop":{"background-color":"var(--ast-global-color-5)","background-image":"","background-repeat":"repeat","background-position":"center center","background-size":"auto","background-attachment":"scroll","background-type":"","background-media":"","overlay-type":"","overlay-color":"","overlay-opacity":"","overlay-gradient":""},"tablet":{"background-color":"var(--ast-global-color-5)","background-image":"","background-repeat":"repeat","background-position":"center center","background-size":"auto","background-attachment":"scroll","background-type":"","background-media":"","overlay-type":"","overlay-color":"","overlay-opacity":"","overlay-gradient":""},"mobile":{"background-color":"var(--ast-global-color-5)","background-image":"","background-repeat":"repeat","background-position":"center center","background-size":"auto","background-attachment":"scroll","background-type":"","background-media":"","overlay-type":"","overlay-color":"","overlay-opacity":"","overlay-gradient":""}}},"product_brand":[],"product_cat":[228],"product_tag":[],"class_list":{"0":"post-4604","1":"product","2":"type-product","3":"status-publish","4":"has-post-thumbnail","6":"product_cat-r407c-fr","7":"product_shipping_class-produit-12kg-fr","8":"desktop-align-center","9":"tablet-align-left","10":"mobile-align-left","12":"first","13":"instock","14":"sale","15":"featured","16":"shipping-taxable","17":"purchasable","18":"product-type-simple"},"_links":{"self":[{"href":"https:\/\/torettorefrigerant.com\/fr\/wp-json\/wp\/v2\/product\/4604","targetHints":{"allow":["GET"]}}],"collection":[{"href":"https:\/\/torettorefrigerant.com\/fr\/wp-json\/wp\/v2\/product"}],"about":[{"href":"https:\/\/torettorefrigerant.com\/fr\/wp-json\/wp\/v2\/types\/product"}],"replies":[{"embeddable":true,"href":"https:\/\/torettorefrigerant.com\/fr\/wp-json\/wp\/v2\/comments?post=4604"}],"version-history":[{"count":0,"href":"https:\/\/torettorefrigerant.com\/fr\/wp-json\/wp\/v2\/product\/4604\/revisions"}],"wp:featuredmedia":[{"embeddable":true,"href":"https:\/\/torettorefrigerant.com\/fr\/wp-json\/wp\/v2\/media\/5428"}],"wp:attachment":[{"href":"https:\/\/torettorefrigerant.com\/fr\/wp-json\/wp\/v2\/media?parent=4604"}],"wp:term":[{"taxonomy":"product_brand","embeddable":true,"href":"https:\/\/torettorefrigerant.com\/fr\/wp-json\/wp\/v2\/product_brand?post=4604"},{"taxonomy":"product_cat","embeddable":true,"href":"https:\/\/torettorefrigerant.com\/fr\/wp-json\/wp\/v2\/product_cat?post=4604"},{"taxonomy":"product_tag","embeddable":true,"href":"https:\/\/torettorefrigerant.com\/fr\/wp-json\/wp\/v2\/product_tag?post=4604"}],"curies":[{"name":"wp","href":"https:\/\/api.w.org\/{rel}","templated":true}]}}