{"id":4553,"date":"2025-05-16T14:10:08","date_gmt":"2025-05-16T14:10:08","guid":{"rendered":"https:\/\/torettorefrigerant.com\/product\/r410a-refrigerant-10-kg\/"},"modified":"2025-06-11T09:01:01","modified_gmt":"2025-06-11T09:01:01","slug":"r410a-refrigerant-10-kg","status":"publish","type":"product","link":"https:\/\/torettorefrigerant.com\/fr\/product\/r410a-refrigerant-10-kg\/","title":{"rendered":"R410A R\u00e9frig\u00e9rant 10 Kg"},"content":{"rendered":"<h2>Aper\u00e7u du produit<\/h2>\n<p>Vous recherchez un r\u00e9frig\u00e9rant haute performance pour vos syst\u00e8mes de refroidissement ? Notre gaz r\u00e9frig\u00e9rant R410A se pr\u00e9sente sous la forme d&rsquo;une bouteille de 10 kg certifi\u00e9e T-PED\/EN 13322-1 avec une vanne SAE 1\/4&Prime; de qualit\u00e9 professionnelle. Ce produit de qualit\u00e9 sup\u00e9rieure est enti\u00e8rement conforme \u00e0 la r\u00e9glementation UN 3163, ce qui garantit un transport s\u00fbr dans toute l&rsquo;Europe.  <\/p>\n<h2>Caract\u00e9ristiques sup\u00e9rieures<\/h2>\n<p>Notre r\u00e9frig\u00e9rant R410A est sp\u00e9cialement formul\u00e9 pour une efficacit\u00e9 de refroidissement optimale dans les applications r\u00e9sidentielles et commerciales. La bouteille est fabriqu\u00e9e en acier durable et certifi\u00e9e CE conform\u00e9ment \u00e0 la directive F-GAS 517\/2014 &#8211; TPED &#8211; CE &#8211; REACH.<sup class=\"inline not-prose select-none [&amp;&lt;encoded_tag_closed \/&gt;a]:rounded-2xl [&amp;&lt;encoded_tag_closed \/&gt;a]:border [&amp;&lt;encoded_tag_closed \/&gt;a]:px-1.5 [&amp;&lt;encoded_tag_closed \/&gt;a]:py-0.5 [&amp;&lt;encoded_tag_closed \/&gt;a]:transition-colors shadow [&amp;&lt;encoded_tag_closed \/&gt;a]:bg-ds-bg-subtle [&amp;&lt;encoded_tag_closed \/&gt;a]:text-xs [&amp;&lt;encoded_tag_closed \/&gt;svg]:w-4 [&amp;&lt;encoded_tag_closed \/&gt;svg]:h-4 relative -top-[2px] citation-shimmer no-underline\" style=\"box-sizing: border-box; border: 0px solid #e4e4e7; scrollbar-color: rgba(39, 39, 42, 0.6) #ffffff; scrollbar-width: thin; scroll-behavior: smooth; --scrollbar-track: hsl(0 0% 100%); --scrollbar-thumb: rgba(39,39,42,.6); --scrollbar-track-radius: 0.5rem; --scrollbar-thumb-radius: 0.5rem; --scrollbar-corner-radius: 0.5rem; --tw-border-spacing-x: 0; --tw-border-spacing-y: 0; --tw-translate-x: 0; --tw-translate-y: 0; --tw-rotate: 0; --tw-skew-x: 0; --tw-skew-y: 0; --tw-scale-x: 1; --tw-scale-y: 1; --tw-scroll-snap-strictness: proximity; --tw-ring-offset-width: 0px; --tw-ring-offset-color: #fff; --tw-ring-color: rgba(59,130,246,.5); --tw-ring-offset-shadow: 0 0 #0000; --tw-ring-shadow: 0 0 #0000; --tw-shadow: 0 1px 3px 0 rgba(0,0,0,.1),0 1px 2px -1px rgba(0,0,0,.1); --tw-shadow-colored: 0 1px 3px 0 var(--tw-shadow-color),0 1px 2px -1px var(--tw-shadow-color); font-size: 12px; line-height: 0; position: relative; vertical-align: baseline; top: -2px; display: inline; user-select: none; text-decoration-line: none; box-shadow: rgba(0, 0, 0, 0) 0px 0px 0px 0px, rgba(0, 0, 0, 0) 0px 0px 0px 0px, rgba(0, 0, 0, 0.1) 0px 1px 3px 0px, rgba(0, 0, 0, 0.1) 0px 1px 2px -1px; overflow-anchor: none;\" data-citation=\"5\"><a class=\"not-prose group inline break-all rounded-md px-1 text-sm font-medium text-ds-text-info focus-visible:outline-none focus-visible:ring-1 focus-visible:ring-ring md:text-base\" title=\"R\u00e9frig\u00e9rants l\u00e9gaux - Entalpia Europe\" href=\"https:\/\/entalpiaeurope.eu\/en\/refigerants\/#:~:text=We%20trade%20refrigerants%20in%20accordance,%E2%80%93%20CE%20%E2%80%93%20REACH%20directive%2E\" target=\"_blank\" rel=\"noopener\"><span class=\"underline\">5<\/span><\/a><\/sup>. De plus, sa conception rechargeable la rend \u00e0 la fois \u00e9conomique et respectueuse de l&rsquo;environnement.  <\/p>\n<h2>Normes de s\u00e9curit\u00e9<\/h2>\n<p>La s\u00e9curit\u00e9 est notre priorit\u00e9 absolue. Chaque bouteille r\u00e9pond \u00e0 des normes strictes de qualit\u00e9 et de s\u00e9curit\u00e9<sup class=\"inline not-prose select-none [&amp;&lt;encoded_tag_closed \/&gt;a]:rounded-2xl [&amp;&lt;encoded_tag_closed \/&gt;a]:border [&amp;&lt;encoded_tag_closed \/&gt;a]:px-1.5 [&amp;&lt;encoded_tag_closed \/&gt;a]:py-0.5 [&amp;&lt;encoded_tag_closed \/&gt;a]:transition-colors shadow [&amp;&lt;encoded_tag_closed \/&gt;a]:bg-ds-bg-subtle [&amp;&lt;encoded_tag_closed \/&gt;a]:text-xs [&amp;&lt;encoded_tag_closed \/&gt;svg]:w-4 [&amp;&lt;encoded_tag_closed \/&gt;svg]:h-4 relative -top-[2px] citation-shimmer no-underline\" style=\"box-sizing: border-box; border: 0px solid #e4e4e7; scrollbar-color: rgba(39, 39, 42, 0.6) #ffffff; scrollbar-width: thin; scroll-behavior: smooth; --scrollbar-track: hsl(0 0% 100%); --scrollbar-thumb: rgba(39,39,42,.6); --scrollbar-track-radius: 0.5rem; --scrollbar-thumb-radius: 0.5rem; --scrollbar-corner-radius: 0.5rem; --tw-border-spacing-x: 0; --tw-border-spacing-y: 0; --tw-translate-x: 0; --tw-translate-y: 0; --tw-rotate: 0; --tw-skew-x: 0; --tw-skew-y: 0; --tw-scale-x: 1; --tw-scale-y: 1; --tw-scroll-snap-strictness: proximity; --tw-ring-offset-width: 0px; --tw-ring-offset-color: #fff; --tw-ring-color: rgba(59,130,246,.5); --tw-ring-offset-shadow: 0 0 #0000; --tw-ring-shadow: 0 0 #0000; --tw-shadow: 0 1px 3px 0 rgba(0,0,0,.1),0 1px 2px -1px rgba(0,0,0,.1); --tw-shadow-colored: 0 1px 3px 0 var(--tw-shadow-color),0 1px 2px -1px var(--tw-shadow-color); font-size: 12px; line-height: 0; position: relative; vertical-align: baseline; top: -2px; display: inline; user-select: none; text-decoration-line: none; box-shadow: rgba(0, 0, 0, 0) 0px 0px 0px 0px, rgba(0, 0, 0, 0) 0px 0px 0px 0px, rgba(0, 0, 0, 0.1) 0px 1px 3px 0px, rgba(0, 0, 0, 0.1) 0px 1px 2px -1px; overflow-anchor: none;\" data-citation=\"5\"><a class=\"not-prose group inline break-all rounded-md px-1 text-sm font-medium text-ds-text-info focus-visible:outline-none focus-visible:ring-1 focus-visible:ring-ring md:text-base\" title=\"R\u00e9frig\u00e9rants l\u00e9gaux - Entalpia Europe\" href=\"https:\/\/entalpiaeurope.eu\/en\/refigerants\/#:~:text=All%20refrigerants%20meet%20stringent%20quality%20and%20safety%20standards%2E\" target=\"_blank\" rel=\"noopener\"><span class=\"underline\">5<\/span><\/a><\/sup> avec la certification T-PED\/EN 13322-1. Le robinet professionnel 1\/4&Prime; SAE garantit une manipulation s\u00fbre pendant toutes les op\u00e9rations de service. En outre, toutes les bouteilles sont soumises \u00e0 un essai de pression et \u00e0 un contr\u00f4le d \u00ab \u00e9tanch\u00e9it\u00e9 avant d \u00bb \u00eatre exp\u00e9di\u00e9es.   <\/p>\n<h2>Applications polyvalentes<\/h2>\n<p>Le R410A est id\u00e9al pour une large gamme d&rsquo;applications de refroidissement, notamment :<\/p>\n<ul>\n<li>Syst\u00e8mes de climatisation split<\/li>\n<li>Pompes \u00e0 chaleur<\/li>\n<li>Unit\u00e9s de r\u00e9frig\u00e9ration commerciale<\/li>\n<li>Nouvelles installations<\/li>\n<li>Maintenance du syst\u00e8me<\/li>\n<\/ul>\n<h2>Consid\u00e9rations environnementales<\/h2>\n<p>Avec un PRG (potentiel de r\u00e9chauffement de la plan\u00e8te) de 2088, notre r\u00e9frig\u00e9rant R410A est con\u00e7u pour les professionnels qui ont besoin de performances fiables tout en respectant les r\u00e9glementations environnementales. Lors de la livraison, vous recevrez une documentation compl\u00e8te, y compris la fiche de donn\u00e9es de s\u00e9curit\u00e9 du produit.<sup class=\"inline not-prose select-none [&amp;&lt;encoded_tag_closed \/&gt;a]:rounded-2xl [&amp;&lt;encoded_tag_closed \/&gt;a]:border [&amp;&lt;encoded_tag_closed \/&gt;a]:px-1.5 [&amp;&lt;encoded_tag_closed \/&gt;a]:py-0.5 [&amp;&lt;encoded_tag_closed \/&gt;a]:transition-colors shadow [&amp;&lt;encoded_tag_closed \/&gt;a]:bg-ds-bg-subtle [&amp;&lt;encoded_tag_closed \/&gt;a]:text-xs [&amp;&lt;encoded_tag_closed \/&gt;svg]:w-4 [&amp;&lt;encoded_tag_closed \/&gt;svg]:h-4 relative -top-[2px] citation-shimmer no-underline\" style=\"box-sizing: border-box; border: 0px solid #e4e4e7; scrollbar-color: rgba(39, 39, 42, 0.6) #ffffff; scrollbar-width: thin; scroll-behavior: smooth; --scrollbar-track: hsl(0 0% 100%); --scrollbar-thumb: rgba(39,39,42,.6); --scrollbar-track-radius: 0.5rem; --scrollbar-thumb-radius: 0.5rem; --scrollbar-corner-radius: 0.5rem; --tw-border-spacing-x: 0; --tw-border-spacing-y: 0; --tw-translate-x: 0; --tw-translate-y: 0; --tw-rotate: 0; --tw-skew-x: 0; --tw-skew-y: 0; --tw-scale-x: 1; --tw-scale-y: 1; --tw-scroll-snap-strictness: proximity; --tw-ring-offset-width: 0px; --tw-ring-offset-color: #fff; --tw-ring-color: rgba(59,130,246,.5); --tw-ring-offset-shadow: 0 0 #0000; --tw-ring-shadow: 0 0 #0000; --tw-shadow: 0 1px 3px 0 rgba(0,0,0,.1),0 1px 2px -1px rgba(0,0,0,.1); --tw-shadow-colored: 0 1px 3px 0 var(--tw-shadow-color),0 1px 2px -1px var(--tw-shadow-color); font-size: 12px; line-height: 0; position: relative; vertical-align: baseline; top: -2px; display: inline; user-select: none; text-decoration-line: none; box-shadow: rgba(0, 0, 0, 0) 0px 0px 0px 0px, rgba(0, 0, 0, 0) 0px 0px 0px 0px, rgba(0, 0, 0, 0.1) 0px 1px 3px 0px, rgba(0, 0, 0, 0.1) 0px 1px 2px -1px; overflow-anchor: none;\" data-citation=\"5\"><a class=\"not-prose group inline break-all rounded-md px-1 text-sm font-medium text-ds-text-info focus-visible:outline-none focus-visible:ring-1 focus-visible:ring-ring md:text-base\" title=\"R\u00e9frig\u00e9rants l\u00e9gaux - Entalpia Europe\" href=\"https:\/\/entalpiaeurope.eu\/en\/refigerants\/#:~:text=The%20Customer%20receives%20a%20complete,when%20the%20refrigerants%20are%20delivered%2E\" target=\"_blank\" rel=\"noopener\"><span class=\"underline\">5<\/span><\/a><\/sup>pr\u00e9par\u00e9e conform\u00e9ment aux r\u00e9glementations en vigueur. <\/p>\n<h2>Assurance qualit\u00e9<\/h2>\n<p>Nous fournissons un produit enti\u00e8rement l\u00e9gal et s\u00fbr, toujours en conformit\u00e9 avec les lois applicables.<sup class=\"inline not-prose select-none [&amp;&lt;encoded_tag_closed \/&gt;a]:rounded-2xl [&amp;&lt;encoded_tag_closed \/&gt;a]:border [&amp;&lt;encoded_tag_closed \/&gt;a]:px-1.5 [&amp;&lt;encoded_tag_closed \/&gt;a]:py-0.5 [&amp;&lt;encoded_tag_closed \/&gt;a]:transition-colors shadow [&amp;&lt;encoded_tag_closed \/&gt;a]:bg-ds-bg-subtle [&amp;&lt;encoded_tag_closed \/&gt;a]:text-xs [&amp;&lt;encoded_tag_closed \/&gt;svg]:w-4 [&amp;&lt;encoded_tag_closed \/&gt;svg]:h-4 relative -top-[2px] citation-shimmer no-underline\" style=\"box-sizing: border-box; border: 0px solid #e4e4e7; scrollbar-color: rgba(39, 39, 42, 0.6) #ffffff; scrollbar-width: thin; scroll-behavior: smooth; --scrollbar-track: hsl(0 0% 100%); --scrollbar-thumb: rgba(39,39,42,.6); --scrollbar-track-radius: 0.5rem; --scrollbar-thumb-radius: 0.5rem; --scrollbar-corner-radius: 0.5rem; --tw-border-spacing-x: 0; --tw-border-spacing-y: 0; --tw-translate-x: 0; --tw-translate-y: 0; --tw-rotate: 0; --tw-skew-x: 0; --tw-skew-y: 0; --tw-scale-x: 1; --tw-scale-y: 1; --tw-scroll-snap-strictness: proximity; --tw-ring-offset-width: 0px; --tw-ring-offset-color: #fff; --tw-ring-color: rgba(59,130,246,.5); --tw-ring-offset-shadow: 0 0 #0000; --tw-ring-shadow: 0 0 #0000; --tw-shadow: 0 1px 3px 0 rgba(0,0,0,.1),0 1px 2px -1px rgba(0,0,0,.1); --tw-shadow-colored: 0 1px 3px 0 var(--tw-shadow-color),0 1px 2px -1px var(--tw-shadow-color); font-size: 12px; line-height: 0; position: relative; vertical-align: baseline; top: -2px; display: inline; user-select: none; text-decoration-line: none; box-shadow: rgba(0, 0, 0, 0) 0px 0px 0px 0px, rgba(0, 0, 0, 0) 0px 0px 0px 0px, rgba(0, 0, 0, 0.1) 0px 1px 3px 0px, rgba(0, 0, 0, 0.1) 0px 1px 2px -1px; overflow-anchor: none;\" data-citation=\"5\"><a class=\"not-prose group inline break-all rounded-md px-1 text-sm font-medium text-ds-text-info focus-visible:outline-none focus-visible:ring-1 focus-visible:ring-ring md:text-base\" title=\"R\u00e9frig\u00e9rants l\u00e9gaux - Entalpia Europe\" href=\"https:\/\/entalpiaeurope.eu\/en\/refigerants\/#:~:text=We%20provide%20a%20fully%20legal,in%20accordance%20with%20applicable%20laws%2E\" target=\"_blank\" rel=\"noopener\"><span class=\"underline\">5<\/span><\/a><\/sup>. Nos bouteilles sont soumises \u00e0 des tests rigoureux afin de garantir une qualit\u00e9 et une s\u00e9curit\u00e9 optimales pour un usage professionnel. La conception rechargeable signifie moins de d\u00e9chets et plus de valeur pour votre entreprise.  <\/p>\n<h2>Exp\u00e9dition rapide<\/h2>\n<p>Nous assurons une livraison rapide dans toute l&rsquo;Union europ\u00e9enne. Tous les colis respectent des consignes de s\u00e9curit\u00e9 strictes pour le transport de mati\u00e8res dangereuses, ce qui vous permet d&rsquo;avoir l&rsquo;esprit tranquille \u00e0 chaque fois que vous passez une commande. <\/p>\n<p>Choisissez notre r\u00e9frig\u00e9rant R410A pour des performances de refroidissement fiables, efficaces et conformes dans toutes vos applications HVAC !<\/p>\n","protected":false},"excerpt":{"rendered":"<p>R\u00e9frig\u00e9rant R410A de qualit\u00e9 sup\u00e9rieure (10 kg) dans une bouteille certifi\u00e9e T-PED\/EN 13322-1 avec vanne professionnelle 1\/4&Prime; SAE. Con\u00e7ue pour les syst\u00e8mes de climatisation r\u00e9sidentiels et commerciaux et les pompes \u00e0 chaleur, elle est conforme \u00e0 la norme UN 3163 pour un transport en toute s\u00e9curit\u00e9. Certifi\u00e9 CE, construction en acier durable et conception rechargeable pour une utilisation durable. Id\u00e9al pour les professionnels du CVC qui ont besoin d&rsquo;une performance de refroidissement fiable avec un <strong>PRP de 2088<\/strong>.   <\/p>\n","protected":false},"featured_media":5422,"comment_status":"open","ping_status":"closed","template":"","meta":{"site-sidebar-layout":"default","site-content-layout":"default","ast-site-content-layout":"default","site-content-style":"default","site-sidebar-style":"default","ast-global-header-display":"","ast-banner-title-visibility":"","ast-main-header-display":"","ast-hfb-above-header-display":"","ast-hfb-below-header-display":"","ast-hfb-mobile-header-display":"","site-post-title":"","ast-breadcrumbs-content":"","ast-featured-img":"","footer-sml-layout":"","theme-transparent-header-meta":"default","adv-header-id-meta":"","stick-header-meta":"","header-above-stick-meta":"","header-main-stick-meta":"","header-below-stick-meta":"","astra-migrate-meta-layouts":"default","ast-page-background-enabled":"default","ast-page-background-meta":{"desktop":{"background-color":"","background-image":"","background-repeat":"repeat","background-position":"center center","background-size":"auto","background-attachment":"scroll","background-type":"","background-media":"","overlay-type":"","overlay-color":"","overlay-opacity":"","overlay-gradient":""},"tablet":{"background-color":"","background-image":"","background-repeat":"repeat","background-position":"center center","background-size":"auto","background-attachment":"scroll","background-type":"","background-media":"","overlay-type":"","overlay-color":"","overlay-opacity":"","overlay-gradient":""},"mobile":{"background-color":"","background-image":"","background-repeat":"repeat","background-position":"center center","background-size":"auto","background-attachment":"scroll","background-type":"","background-media":"","overlay-type":"","overlay-color":"","overlay-opacity":"","overlay-gradient":""}},"ast-content-background-meta":{"desktop":{"background-color":"var(--ast-global-color-5)","background-image":"","background-repeat":"repeat","background-position":"center center","background-size":"auto","background-attachment":"scroll","background-type":"","background-media":"","overlay-type":"","overlay-color":"","overlay-opacity":"","overlay-gradient":""},"tablet":{"background-color":"var(--ast-global-color-5)","background-image":"","background-repeat":"repeat","background-position":"center center","background-size":"auto","background-attachment":"scroll","background-type":"","background-media":"","overlay-type":"","overlay-color":"","overlay-opacity":"","overlay-gradient":""},"mobile":{"background-color":"var(--ast-global-color-5)","background-image":"","background-repeat":"repeat","background-position":"center center","background-size":"auto","background-attachment":"scroll","background-type":"","background-media":"","overlay-type":"","overlay-color":"","overlay-opacity":"","overlay-gradient":""}}},"product_brand":[],"product_cat":[200],"product_tag":[216,208,206,226,225,203],"class_list":{"0":"post-4553","1":"product","2":"type-product","3":"status-publish","4":"has-post-thumbnail","6":"product_cat-r410a-fr","7":"product_tag-freon-fr","8":"product_tag-gaz-fr","9":"product_tag-r410a-fr-2","10":"product_tag-r41a-10kg-fr","11":"product_tag-rechargeable","12":"product_tag-refrigerant-fr-2","13":"product_shipping_class-produit-12kg-fr","14":"desktop-align-center","15":"tablet-align-left","16":"mobile-align-left","18":"first","19":"instock","20":"sale","21":"featured","22":"shipping-taxable","23":"purchasable","24":"product-type-simple"},"_links":{"self":[{"href":"https:\/\/torettorefrigerant.com\/fr\/wp-json\/wp\/v2\/product\/4553","targetHints":{"allow":["GET"]}}],"collection":[{"href":"https:\/\/torettorefrigerant.com\/fr\/wp-json\/wp\/v2\/product"}],"about":[{"href":"https:\/\/torettorefrigerant.com\/fr\/wp-json\/wp\/v2\/types\/product"}],"replies":[{"embeddable":true,"href":"https:\/\/torettorefrigerant.com\/fr\/wp-json\/wp\/v2\/comments?post=4553"}],"version-history":[{"count":1,"href":"https:\/\/torettorefrigerant.com\/fr\/wp-json\/wp\/v2\/product\/4553\/revisions"}],"predecessor-version":[{"id":4554,"href":"https:\/\/torettorefrigerant.com\/fr\/wp-json\/wp\/v2\/product\/4553\/revisions\/4554"}],"wp:featuredmedia":[{"embeddable":true,"href":"https:\/\/torettorefrigerant.com\/fr\/wp-json\/wp\/v2\/media\/5422"}],"wp:attachment":[{"href":"https:\/\/torettorefrigerant.com\/fr\/wp-json\/wp\/v2\/media?parent=4553"}],"wp:term":[{"taxonomy":"product_brand","embeddable":true,"href":"https:\/\/torettorefrigerant.com\/fr\/wp-json\/wp\/v2\/product_brand?post=4553"},{"taxonomy":"product_cat","embeddable":true,"href":"https:\/\/torettorefrigerant.com\/fr\/wp-json\/wp\/v2\/product_cat?post=4553"},{"taxonomy":"product_tag","embeddable":true,"href":"https:\/\/torettorefrigerant.com\/fr\/wp-json\/wp\/v2\/product_tag?post=4553"}],"curies":[{"name":"wp","href":"https:\/\/api.w.org\/{rel}","templated":true}]}}