{"id":4549,"date":"2025-05-10T15:08:34","date_gmt":"2025-05-10T15:08:34","guid":{"rendered":"https:\/\/torettorefrigerant.com\/product\/freon-r134a-900g-net-ventil-kaltemittel-refrigerant\/"},"modified":"2026-01-18T08:07:45","modified_gmt":"2026-01-18T08:07:45","slug":"gaz-refrigerant-r134a-900g","status":"publish","type":"product","link":"https:\/\/torettorefrigerant.com\/fr\/product\/gaz-refrigerant-r134a-900g\/","title":{"rendered":"Gaz r\u00e9frig\u00e9rant R134a 900g"},"content":{"rendered":"<p data-start=\"283\" data-end=\"348\"><strong data-start=\"283\" data-end=\"348\">Bouteille de gaz R134a &#8211; 900g pour les v\u00e9hicules \u00e0 moteur<\/strong><\/p>\n<p data-start=\"350\" data-end=\"581\">Si vous souhaitez utiliser une bouteille de gaz R134a de 900 g pour alimenter votre v\u00e9hicule, vous avez tout int\u00e9r\u00eat \u00e0 vous adresser \u00e0 nous. Nos bouteilles de gaz R134a \u00e0 haute performance permettent d&rsquo;effectuer des \u00e9conomies d&rsquo;\u00e9nergie de mani\u00e8re simple et rapide.<\/p>\n<p data-start=\"583\" data-end=\"971\"><strong data-start=\"583\" data-end=\"633\">Avantages de notre bouteille de 900 g de gaz R134a<\/strong><br data-start=\"633\" data-end=\"636\" \/>Cette bouteille de gaz R134a est certifi\u00e9e CE et satisfait \u00e0 toutes les normes de s\u00e9curit\u00e9 de l&rsquo;UE, telles que T-PED et EN 13322-1. Gr\u00e2ce \u00e0 son \u00e9vent 1\/4&Prime;-SAE, il est facile et s\u00fbr \u00e0 manipuler, tant pour les professionnels que pour les chauffeurs. L&rsquo;\u00e9tui souple et flexible est id\u00e9al pour les petites et moyennes installations climatiques.<\/p>\n<p data-start=\"973\" data-end=\"994\"><strong data-start=\"973\" data-end=\"994\">Les grands enjeux<\/strong><\/p>\n<ul data-start=\"996\" data-end=\"1279\">\n<li data-start=\"996\" data-end=\"1038\">\n<p data-start=\"998\" data-end=\"1038\">Contient 900 g de produits \u00e0 base de R134a<\/p>\n<\/li>\n<li data-start=\"1039\" data-end=\"1090\">\n<p data-start=\"1041\" data-end=\"1090\">Certification CE pour les flacons en plastique \u00e0 faible encombrement<\/p>\n<\/li>\n<li data-start=\"1091\" data-end=\"1160\">\n<p data-start=\"1093\" data-end=\"1160\">Les normes UN 3159 pour un transport s\u00fbr dans l&rsquo;UE sont approuv\u00e9es<\/p>\n<\/li>\n<li data-start=\"1161\" data-end=\"1219\">\n<p data-start=\"1163\" data-end=\"1219\">Umweltfreundlich und nicht entflammbar, GWP-Wert : 1430<\/p>\n<\/li>\n<li data-start=\"1220\" data-end=\"1279\">\n<p data-start=\"1222\" data-end=\"1279\">Kompakt und leicht f\u00fcr einfach Lagerung und Handhabung<\/p>\n<\/li>\n<\/ul>\n<p data-start=\"1281\" data-end=\"1441\"><strong data-start=\"1281\" data-end=\"1303\">Domaines d&rsquo;application<\/strong><br data-start=\"1303\" data-end=\"1306\" \/>Id\u00e9al pour l&rsquo;alimentation des v\u00e9hicules automobiles et des syst\u00e8mes de climatisation mobiles et stationnaires. La taille id\u00e9ale pour un usage courant.<\/p>\n<p data-start=\"1443\" data-end=\"1665\"><strong data-start=\"1443\" data-end=\"1470\">S\u00e9curit\u00e9 et garantie<\/strong><br data-start=\"1470\" data-end=\"1473\" \/>Les lampes 900g-R134a sont produites et emball\u00e9es conform\u00e9ment \u00e0 des normes europ\u00e9ennes strictes. Elles sont conformes \u00e0 la norme F-Gas, emball\u00e9es de mani\u00e8re s\u00fbre et b\u00e9n\u00e9ficient d&rsquo;un certificat de conformit\u00e9 et d&rsquo;une garantie de 12 mois.<\/p>\n<p data-start=\"1667\" data-end=\"1685\"><strong data-start=\"1667\" data-end=\"1685\">Questions fr\u00e9quentes<\/strong><\/p>\n<p data-start=\"1687\" data-end=\"1789\"><strong data-start=\"1687\" data-end=\"1719\">La flasque est-elle pr\u00eate \u00e0 l&#8217;emploi ?<\/strong><br data-start=\"1719\" data-end=\"1722\" \/>Ja, all unsere Flaschen sind CE-zertifiziert und wiederverwendbar.<\/p>\n<p data-start=\"1791\" data-end=\"1889\"><strong data-start=\"1791\" data-end=\"1836\">Puis-je utiliser ce gaz pour mon v\u00e9hicule ?<\/strong><br data-start=\"1836\" data-end=\"1839\" \/>Naturellement &#8211; id\u00e9al pour les installations mobiles et climatiques.<\/p>\n","protected":false},"excerpt":{"rendered":"<p data-start=\"1952\" data-end=\"2095\">Produit de qualit\u00e9 sup\u00e9rieure au R134a, pochette de 900 g avec ventilation 7\/16-20. Certifi\u00e9 T-PED et CE, id\u00e9al pour les syst\u00e8mes climatiques des v\u00e9hicules. GWP 1430.<\/p>\n","protected":false},"featured_media":4347,"comment_status":"open","ping_status":"closed","template":"","meta":{"site-sidebar-layout":"default","site-content-layout":"default","ast-site-content-layout":"default","site-content-style":"default","site-sidebar-style":"default","ast-global-header-display":"","ast-banner-title-visibility":"","ast-main-header-display":"","ast-hfb-above-header-display":"","ast-hfb-below-header-display":"","ast-hfb-mobile-header-display":"","site-post-title":"","ast-breadcrumbs-content":"","ast-featured-img":"","footer-sml-layout":"","theme-transparent-header-meta":"default","adv-header-id-meta":"","stick-header-meta":"default","header-above-stick-meta":"","header-main-stick-meta":"","header-below-stick-meta":"","astra-migrate-meta-layouts":"set","ast-page-background-enabled":"default","ast-page-background-meta":{"desktop":{"background-color":"","background-image":"","background-repeat":"repeat","background-position":"center center","background-size":"auto","background-attachment":"scroll","background-type":"","background-media":"","overlay-type":"","overlay-color":"","overlay-opacity":"","overlay-gradient":""},"tablet":{"background-color":"","background-image":"","background-repeat":"repeat","background-position":"center center","background-size":"auto","background-attachment":"scroll","background-type":"","background-media":"","overlay-type":"","overlay-color":"","overlay-opacity":"","overlay-gradient":""},"mobile":{"background-color":"","background-image":"","background-repeat":"repeat","background-position":"center center","background-size":"auto","background-attachment":"scroll","background-type":"","background-media":"","overlay-type":"","overlay-color":"","overlay-opacity":"","overlay-gradient":""}},"ast-content-background-meta":{"desktop":{"background-color":"var(--ast-global-color-5)","background-image":"","background-repeat":"repeat","background-position":"center center","background-size":"auto","background-attachment":"scroll","background-type":"","background-media":"","overlay-type":"","overlay-color":"","overlay-opacity":"","overlay-gradient":""},"tablet":{"background-color":"var(--ast-global-color-5)","background-image":"","background-repeat":"repeat","background-position":"center center","background-size":"auto","background-attachment":"scroll","background-type":"","background-media":"","overlay-type":"","overlay-color":"","overlay-opacity":"","overlay-gradient":""},"mobile":{"background-color":"var(--ast-global-color-5)","background-image":"","background-repeat":"repeat","background-position":"center center","background-size":"auto","background-attachment":"scroll","background-type":"","background-media":"","overlay-type":"","overlay-color":"","overlay-opacity":"","overlay-gradient":""}}},"product_brand":[],"product_cat":[197],"product_tag":[],"class_list":{"0":"post-4549","1":"product","2":"type-product","3":"status-publish","4":"has-post-thumbnail","6":"product_cat-non-categorise","7":"desktop-align-center","8":"tablet-align-left","9":"mobile-align-left","11":"first","12":"instock","13":"sale","14":"featured","15":"shipping-taxable","16":"purchasable","17":"product-type-simple"},"_links":{"self":[{"href":"https:\/\/torettorefrigerant.com\/fr\/wp-json\/wp\/v2\/product\/4549","targetHints":{"allow":["GET"]}}],"collection":[{"href":"https:\/\/torettorefrigerant.com\/fr\/wp-json\/wp\/v2\/product"}],"about":[{"href":"https:\/\/torettorefrigerant.com\/fr\/wp-json\/wp\/v2\/types\/product"}],"replies":[{"embeddable":true,"href":"https:\/\/torettorefrigerant.com\/fr\/wp-json\/wp\/v2\/comments?post=4549"}],"version-history":[{"count":3,"href":"https:\/\/torettorefrigerant.com\/fr\/wp-json\/wp\/v2\/product\/4549\/revisions"}],"predecessor-version":[{"id":4742,"href":"https:\/\/torettorefrigerant.com\/fr\/wp-json\/wp\/v2\/product\/4549\/revisions\/4742"}],"wp:featuredmedia":[{"embeddable":true,"href":"https:\/\/torettorefrigerant.com\/fr\/wp-json\/wp\/v2\/media\/4347"}],"wp:attachment":[{"href":"https:\/\/torettorefrigerant.com\/fr\/wp-json\/wp\/v2\/media?parent=4549"}],"wp:term":[{"taxonomy":"product_brand","embeddable":true,"href":"https:\/\/torettorefrigerant.com\/fr\/wp-json\/wp\/v2\/product_brand?post=4549"},{"taxonomy":"product_cat","embeddable":true,"href":"https:\/\/torettorefrigerant.com\/fr\/wp-json\/wp\/v2\/product_cat?post=4549"},{"taxonomy":"product_tag","embeddable":true,"href":"https:\/\/torettorefrigerant.com\/fr\/wp-json\/wp\/v2\/product_tag?post=4549"}],"curies":[{"name":"wp","href":"https:\/\/api.w.org\/{rel}","templated":true}]}}