{"id":6780,"date":"2026-04-20T07:41:01","date_gmt":"2026-04-20T07:41:01","guid":{"rendered":"https:\/\/torettorefrigerant.com\/about-us\/"},"modified":"2026-05-07T13:10:51","modified_gmt":"2026-05-07T13:10:51","slug":"about-us","status":"publish","type":"page","link":"https:\/\/torettorefrigerant.com\/fr\/about-us\/","title":{"rendered":"About us"},"content":{"rendered":"\n<style>\n.rb-about,.rb-about *{box-sizing:border-box;margin:0;padding:0}\n.rb-about{position:relative;overflow:hidden;border-radius:20px;background:#fff;padding:80px 48px;text-align:center;border:1px solid #e8e8e8;box-shadow:0 4px 32px rgba(0,0,0,.06)}\n.rb-about__bg{position:absolute;inset:-60px;background-image:url('https:\/\/www.refrigerantboys.com\/wp-content\/uploads\/2023\/02\/gas-refrigerant.png');background-size:cover;background-position:center;opacity:.05;will-change:transform;transition:transform .1s linear}\n.rb-about__overlay{position:absolute;inset:0;background:linear-gradient(160deg,rgba(255,255,255,.95) 0%,rgba(255,255,255,.80) 50%,rgba(255,255,255,.95) 100%);pointer-events:none}\n.rb-about__inner{position:relative;z-index:2;max-width:860px;margin:0 auto;display:flex;flex-direction:column;gap:56px}\n.rb-about__block{display:flex;flex-direction:column;gap:16px}\n.rb-about__pill{display:inline-flex;align-items:center;gap:7px;background:rgba(230,50,34,.08);border:1px solid rgba(230,50,34,.25);border-radius:999px;padding:5px 14px;font-size:11px;font-weight:700;letter-spacing:.1em;text-transform:uppercase;color:#e63222;width:fit-content;margin:0 auto 4px}\n.rb-about__pill-dot{width:5px;height:5px;border-radius:50%;background:#e63222;animation:rb-pulse 1.8s ease-in-out infinite}\n.rb-about__title{font-size:clamp(22px,3vw,34px);font-weight:800;color:#1a1a1a;line-height:1.2;letter-spacing:-.02em}\n.rb-about__subtitle{font-size:clamp(15px,2vw,18px);font-weight:700;color:#e63222;letter-spacing:-.01em;line-height:1.3}\n.rb-about__text{font-size:15px;color:#555;line-height:1.75;max-width:700px;margin:0 auto}\n.rb-about__text strong{color:#1a1a1a}\n.rb-about__tagline{font-size:14px;font-weight:700;color:#888;letter-spacing:.04em;font-style:italic;max-width:600px;margin:0 auto;padding-top:4px}\n.rb-about__stats{display:grid;grid-template-columns:repeat(3,1fr);gap:14px;margin-top:4px}\n.rb-stat{background:#f9f9f9;border:1px solid #e8e8e8;border-radius:14px;padding:20px 16px;display:flex;flex-direction:column;align-items:center;gap:6px;transition:box-shadow .2s,border-color .2s}\n.rb-stat:hover{box-shadow:0 4px 16px rgba(230,50,34,.08);border-color:rgba(230,50,34,.2)}\n.rb-stat__num{font-size:28px;font-weight:900;color:#e63222;line-height:1;letter-spacing:-.02em}\n.rb-stat__label{font-size:11px;font-weight:600;color:#888;text-transform:uppercase;letter-spacing:.06em;text-align:center;line-height:1.4}\n.rb-about__divider{width:48px;height:2px;background:linear-gradient(90deg,#e63222,transparent);margin:0 auto;border-radius:2px}\n.rb-gas-tags{display:flex;flex-wrap:wrap;justify-content:center;gap:8px}\n.rb-gas-tag{background:#f0f8ff;border:1px solid #c0e0f5;color:#1a7fbf;font-size:12px;font-weight:700;padding:5px 14px;border-radius:999px;letter-spacing:.06em;text-decoration:none;transition:background .2s,border-color .2s,color .2s}\n.rb-gas-tag:hover{background:#d0eeff;border-color:#1a7fbf;color:#0d5a8a}\n.rb-about__value{background:#fff5f4;border:1px solid rgba(230,50,34,.15);border-radius:14px;padding:20px 24px;max-width:680px;margin:0 auto;display:flex;align-items:center;gap:14px;text-align:left}\n.rb-about__value-icon{font-size:28px;flex-shrink:0}\n.rb-about__value-text{font-size:14px;color:#444;line-height:1.6}\n.rb-about__value-text strong{color:#c0281a}\n@keyframes rb-pulse{0%,100%{opacity:1;transform:scale(1)}50%{opacity:.4;transform:scale(.7)}}\n@media(max-width:700px){.rb-about__stats{grid-template-columns:repeat(2,1fr)}}\n@media(max-width:600px){.rb-about{padding:48px 24px;border-radius:0}.rb-about__value{flex-direction:column;gap:10px}}\n<\/style>\n\n<div class=\"rb-about\" id=\"rb-about\">\n<div class=\"rb-about__bg\" id=\"rb-about-bg\"><\/div>\n<div class=\"rb-about__overlay\"><\/div>\n<div class=\"rb-about__inner\">\n\n    <div class=\"rb-about__block\">\n        <div class=\"rb-about__pill\">\n            <span class=\"rb-about__pill-dot\"><\/span>\n            \u00c0 propos de nous \u00b7 Depuis 2013        <\/div>\n        <h2 class=\"rb-about__title\">Toretto Service s.r.o.<\/h2>\n        <div class=\"rb-about__subtitle\">L\u00e0 o\u00f9 la chimie devient performance<\/div>\n        <p class=\"rb-about__text\">\n            Fond\u00e9e en 2013, Toretto Service s.r.o. est un fournisseur de confiance de            <strong>gaz r\u00e9frig\u00e9rants haute performance<\/strong>\n            et des m\u00e9langes de r\u00e9frig\u00e9rants avanc\u00e9s pour les march\u00e9s europ\u00e9ens et mondiaux. Nous sommes sp\u00e9cialis\u00e9s dans            <strong>la formulation chimique, la synth\u00e8se et les tests de performance avanc\u00e9s<\/strong>,\n            fournir des solutions compl\u00e8tes aux professionnels dans            <strong>CVC, automobile et r\u00e9frig\u00e9ration industrielle<\/strong>.\n        <\/p>\n    <\/div>\n\n    <div class=\"rb-about__stats\">\n        <div class=\"rb-stat\">\n            <div class=\"rb-stat__num\">2013<\/div>\n            <div class=\"rb-stat__label\">fond\u00e9<\/div>\n        <\/div>\n        <div class=\"rb-stat\">\n            <div class=\"rb-stat__num\">EU+<\/div>\n            <div class=\"rb-stat__label\">March\u00e9s mondiaux desservis<\/div>\n        <\/div>\n        <div class=\"rb-stat\">\n            <div class=\"rb-stat__num\">100%<\/div>\n            <div class=\"rb-stat__label\">production interne<\/div>\n        <\/div>\n    <\/div>\n\n    <div class=\"rb-about__divider\"><\/div>\n\n    <div class=\"rb-about__block\">\n        <div class=\"rb-about__pill\">\n            <span class=\"rb-about__pill-dot\"><\/span>\n            notre mod\u00e8le        <\/div>\n        <h2 class=\"rb-about__title\">Pas d\u2019interm\u00e9diaires. Contr\u00f4le total.<\/h2>\n        <p class=\"rb-about__text\">\n            En g\u00e9rant chaque \u00e9tape en interne \u2014 de            <strong>recherche et d\u00e9veloppement<\/strong>\n            vers            <strong>production et la distribution<\/strong>\n            \u2014nous \u00e9liminons les interm\u00e9diaires et garantissons une qualit\u00e9 constante, une disponibilit\u00e9 imm\u00e9diate et des prix directs tr\u00e8s comp\u00e9titifs.        <\/p>\n        <div class=\"rb-about__value\">\n            <div class=\"rb-about__value-icon\">\ud83c\udfc6<\/div>\n            <div class=\"rb-about__value-text\">\n                Toretto Service propose l\u2019un des                <strong>meilleures propositions de valeur en Europe<\/strong>\n                \u2014 o\u00f9 les prix les plus comp\u00e9titifs r\u00e9pondent aux normes de qualit\u00e9 les plus \u00e9lev\u00e9es. Choisir Toretto, c\u2019est travailler avec un                <strong>partenaire fiable, rapide et ax\u00e9 sur la performance<\/strong>\n                dans l&#039;industrie de la r\u00e9frig\u00e9ration.            <\/div>\n        <\/div>\n    <\/div>\n\n    <div class=\"rb-about__divider\"><\/div>\n\n    <div class=\"rb-about__block\">\n        <div class=\"rb-about__pill\">\n            <span class=\"rb-about__pill-dot\"><\/span>\n            notre gamme        <\/div>\n        <h2 class=\"rb-about__title\">Nous traitons la plupart des gaz r\u00e9frig\u00e9rants<\/h2>\n        <p class=\"rb-about__text\">\n            Notre portefeuille comprend des r\u00e9frig\u00e9rants largement utilis\u00e9s con\u00e7us pour fournir            <strong>efficacit\u00e9 maximale, fiabilit\u00e9 et performance \u00e0 long terme<\/strong>\n            \u00e0 travers des applications exigeantes.        <\/p>\n        <div class=\"rb-gas-tags\">\n            <a class=\"rb-gas-tag\" href=\"https:\/\/torettorefrigerant.com\/fr\/products-page\/\">R32<\/a><a class=\"rb-gas-tag\" href=\"https:\/\/torettorefrigerant.com\/fr\/products-page\/\">R134a<\/a><a class=\"rb-gas-tag\" href=\"https:\/\/torettorefrigerant.com\/fr\/products-page\/\">R407C<\/a><a class=\"rb-gas-tag\" href=\"https:\/\/torettorefrigerant.com\/fr\/products-page\/\">R410A<\/a><a class=\"rb-gas-tag\" href=\"https:\/\/torettorefrigerant.com\/fr\/products-page\/\">R290<\/a><a class=\"rb-gas-tag\" href=\"https:\/\/torettorefrigerant.com\/fr\/products-page\/\">R1234yf<\/a><a class=\"rb-gas-tag\" href=\"https:\/\/torettorefrigerant.com\/fr\/products-page\/\">R448A<\/a><a class=\"rb-gas-tag\" href=\"https:\/\/torettorefrigerant.com\/fr\/products-page\/\">R449A<\/a><a class=\"rb-gas-tag\" href=\"https:\/\/torettorefrigerant.com\/fr\/products-page\/\">R452A<\/a><a class=\"rb-gas-tag\" href=\"https:\/\/torettorefrigerant.com\/fr\/products-page\/\">R600a<\/a>        <\/div>\n        <div class=\"rb-about__tagline\">\n            Des m\u00e9langes de fluides frigorig\u00e8nes haute performance, con\u00e7us et livr\u00e9s sans interm\u00e9diaires.        <\/div>\n    <\/div>\n\n<\/div>\n<\/div>\n\n<script>\n(function(){\n    var bg=document.getElementById('rb-about-bg');\n    var s=document.getElementById('rb-about');\n    if(!bg||!s)return;\n    function upd(){bg.style.transform='translateY('+(s.getBoundingClientRect().top\/innerHeight*28)+'px)';}\n    window.addEventListener('scroll',upd,{passive:true});\n    upd();\n})();\n<\/script>\n        \n","protected":false},"excerpt":{"rendered":"","protected":false},"author":1,"featured_media":0,"parent":0,"menu_order":0,"comment_status":"closed","ping_status":"closed","template":"","meta":{"site-sidebar-layout":"default","site-content-layout":"","ast-site-content-layout":"default","site-content-style":"default","site-sidebar-style":"default","ast-global-header-display":"","ast-banner-title-visibility":"","ast-main-header-display":"","ast-hfb-above-header-display":"","ast-hfb-below-header-display":"","ast-hfb-mobile-header-display":"","site-post-title":"disabled","ast-breadcrumbs-content":"","ast-featured-img":"","footer-sml-layout":"","ast-disable-related-posts":"","theme-transparent-header-meta":"","adv-header-id-meta":"","stick-header-meta":"","header-above-stick-meta":"","header-main-stick-meta":"","header-below-stick-meta":"","astra-migrate-meta-layouts":"default","ast-page-background-enabled":"default","ast-page-background-meta":{"desktop":{"background-color":"","background-image":"","background-repeat":"repeat","background-position":"center center","background-size":"auto","background-attachment":"scroll","background-type":"","background-media":"","overlay-type":"","overlay-color":"","overlay-opacity":"","overlay-gradient":""},"tablet":{"background-color":"","background-image":"","background-repeat":"repeat","background-position":"center center","background-size":"auto","background-attachment":"scroll","background-type":"","background-media":"","overlay-type":"","overlay-color":"","overlay-opacity":"","overlay-gradient":""},"mobile":{"background-color":"","background-image":"","background-repeat":"repeat","background-position":"center center","background-size":"auto","background-attachment":"scroll","background-type":"","background-media":"","overlay-type":"","overlay-color":"","overlay-opacity":"","overlay-gradient":""}},"ast-content-background-meta":{"desktop":{"background-color":"var(--ast-global-color-5)","background-image":"","background-repeat":"repeat","background-position":"center center","background-size":"auto","background-attachment":"scroll","background-type":"","background-media":"","overlay-type":"","overlay-color":"","overlay-opacity":"","overlay-gradient":""},"tablet":{"background-color":"var(--ast-global-color-5)","background-image":"","background-repeat":"repeat","background-position":"center center","background-size":"auto","background-attachment":"scroll","background-type":"","background-media":"","overlay-type":"","overlay-color":"","overlay-opacity":"","overlay-gradient":""},"mobile":{"background-color":"var(--ast-global-color-5)","background-image":"","background-repeat":"repeat","background-position":"center center","background-size":"auto","background-attachment":"scroll","background-type":"","background-media":"","overlay-type":"","overlay-color":"","overlay-opacity":"","overlay-gradient":""}},"footnotes":""},"class_list":["post-6780","page","type-page","status-publish","hentry"],"_links":{"self":[{"href":"https:\/\/torettorefrigerant.com\/fr\/wp-json\/wp\/v2\/pages\/6780","targetHints":{"allow":["GET"]}}],"collection":[{"href":"https:\/\/torettorefrigerant.com\/fr\/wp-json\/wp\/v2\/pages"}],"about":[{"href":"https:\/\/torettorefrigerant.com\/fr\/wp-json\/wp\/v2\/types\/page"}],"author":[{"embeddable":true,"href":"https:\/\/torettorefrigerant.com\/fr\/wp-json\/wp\/v2\/users\/1"}],"replies":[{"embeddable":true,"href":"https:\/\/torettorefrigerant.com\/fr\/wp-json\/wp\/v2\/comments?post=6780"}],"version-history":[{"count":1,"href":"https:\/\/torettorefrigerant.com\/fr\/wp-json\/wp\/v2\/pages\/6780\/revisions"}],"predecessor-version":[{"id":6783,"href":"https:\/\/torettorefrigerant.com\/fr\/wp-json\/wp\/v2\/pages\/6780\/revisions\/6783"}],"wp:attachment":[{"href":"https:\/\/torettorefrigerant.com\/fr\/wp-json\/wp\/v2\/media?parent=6780"}],"curies":[{"name":"wp","href":"https:\/\/api.w.org\/{rel}","templated":true}]}}