{"id":6776,"date":"2026-05-07T12:47:18","date_gmt":"2026-05-07T12:47:18","guid":{"rendered":"https:\/\/torettorefrigerant.com\/politique-de-cookies\/"},"modified":"2026-05-07T13:05:15","modified_gmt":"2026-05-07T13:05:15","slug":"politique-de-cookies","status":"publish","type":"page","link":"https:\/\/torettorefrigerant.com\/fr\/politique-de-cookies\/","title":{"rendered":"politique de cookies"},"content":{"rendered":"\t\t<div data-elementor-type=\"wp-page\" data-elementor-id=\"6776\" class=\"elementor elementor-6776 elementor-6769\">\n\t\t\t\t<div class=\"elementor-element elementor-element-7dc9e20 e-flex e-con-boxed wpr-particle-no wpr-jarallax-no wpr-parallax-no wpr-sticky-section-no wpr-equal-height-no e-con e-parent\" data-id=\"7dc9e20\" data-element_type=\"container\" data-e-type=\"container\">\n\t\t\t\t\t<div class=\"e-con-inner\">\n\t\t\t\t<div class=\"elementor-element elementor-element-82c478f elementor-widget elementor-widget-text-editor\" data-id=\"82c478f\" data-element_type=\"widget\" data-e-type=\"widget\" data-widget_type=\"text-editor.default\">\n\t\t\t\t<div class=\"elementor-widget-container\">\n\t\t\t\t\t\t\t\t\t<p>Politique relative aux cookies \u2013 r\u00e9frig\u00e9rant Toretto<\/p><p>Derni\u00e8re mise \u00e0 jour : mai 2026<\/p><p>Cette politique de cookies explique comment Toretto Service s.r.o. (\u00ab nous \u00bb, \u00ab notre \u00bb ou \u00ab nos \u00bb), <br>exploite le site torettorefrigerant.com et utilise des cookies et similaires <br>technologies de suivi.<\/p><p>&#8212;<\/p><p>1. Que sont les cookies<\/p><p>Les cookies sont de petits fichiers texte stock\u00e9s sur votre appareil lorsque vous visitez un site web. <br>Ils sont largement utilis\u00e9s pour faire fonctionner efficacement les sites web et pour fournir <br>information aux propri\u00e9taires de sites Web.<\/p><p>&#8212;<\/p><p>2. Qui sommes-nous<\/p><p>Toretto Service s.r.o.<br>Prague, R\u00e9publique tch\u00e8que<br>Contact : torettositedirection@gmail.com<\/p><p>&#8212;<\/p><p>3. Cookies que nous utilisons<\/p><p>3.1 Cookies strictement n\u00e9cessaires<br>Ces cookies sont essentiels au fonctionnement du site web et ne peuvent pas \u00eatre <br>d\u00e9sactiv\u00e9. Ils incluent des cookies d\u00e9finis par WooCommerce pour le panier. <br>et la fonctionnalit\u00e9 de paiement, ainsi que les cookies de session requis pour une connexion s\u00e9curis\u00e9e. <\/p><p>3.2 Cookies fonctionnels<br>Ces cookies activent des fonctionnalit\u00e9s am\u00e9lior\u00e9es telles que la m\u00e9morisation de votre <br>pr\u00e9f\u00e9rence de langue (d\u00e9finie par WPML) et les param\u00e8tres de votre r\u00e9gion.<\/p><p>3.3 Cookies d\u2019analyse<br>Nous pouvons utiliser des outils d\u2019analyse pour comprendre comment les visiteurs interagissent avec notre <br>site web. Ces cookies recueillent des informations sous une forme anonyme, y compris <br>le nombre de visiteurs et les pages qu\u2019ils visitent. <\/p><p>3.4 Cookies marketing<br>Nous pouvons utiliser des cookies marketing pour suivre les visiteurs sur les sites Web et afficher <br>publicit\u00e9s pertinentes. Celles-ci ne sont activ\u00e9es qu\u2019avec votre consentement explicite. <\/p><p>&#8212;<\/p><p>4. Gestion de vos cookies<\/p><p>Vous pouvez g\u00e9rer vos pr\u00e9f\u00e9rences de cookies \u00e0 tout moment en cliquant sur le <br>Le bouton \u00ab Param\u00e8tres des cookies \u00bb est disponible en bas de notre site Web.<\/p><p>Vous pouvez \u00e9galement contr\u00f4ler les cookies via les param\u00e8tres de votre navigateur. Veuillez noter <br>la d\u00e9sactivation de certains cookies peut affecter le fonctionnement de ce site Web. <\/p><p>Pour plus d\u2019informations sur la gestion des cookies dans votre navigateur :<br>&#8211; Chrome : support.google.com\/chrome\/answer\/95647<br>&#8211; Firefox : support.mozilla.org\/kb\/enable-and-disable-cookies-website-preferences<br>&#8211; Safari : support.apple.com\/guide\/safari\/manage-cookies-sfri11471<\/p><p>&#8212;<\/p><p>de parties tierces<\/p><p>Certains cookies sur notre site sont d\u00e9finis par des services tiers. Nous ne contr\u00f4lons pas <br>ces cookies. Veuillez vous r\u00e9f\u00e9rer aux politiques de confidentialit\u00e9 respectives de ces <br>services pour plus d\u2019informations.  <\/p><p>&#8212;<\/p><p>6. Modifications apport\u00e9es \u00e0 la pr\u00e9sente politique<\/p><p>Nous pouvons mettre \u00e0 jour cette politique en mati\u00e8re de cookies de temps \u00e0 autre. Tout changement sera <br>post\u00e9 sur cette page avec une date de r\u00e9vision mise \u00e0 jour. <\/p><p>&#8212;<\/p><p>7. nous contacteraient<\/p><p>Si vous avez des questions sur notre utilisation des cookies, veuillez nous contacter \u00e0 l\u2019adresse suivante :<br>torettositedirection@gmail.com<\/p>\t\t\t\t\t\t\t\t<\/div>\n\t\t\t\t<\/div>\n\t\t\t\t\t<\/div>\n\t\t\t\t<\/div>\n\t\t\t\t<\/div>\n\t\t","protected":false},"excerpt":{"rendered":"<p>Politique relative aux cookies \u2013 r\u00e9frig\u00e9rant Toretto Derni\u00e8re mise \u00e0 jour : mai 2026 Cette politique de cookies explique comment Toretto Service s.r.o. (\u00ab nous \u00bb, \u00ab notre \u00bb ou \u00ab nos \u00bb), exploite le site torettorefrigerant.com et utilise des cookies et similaires technologies de suivi. &#8212; 1. Que sont les cookies Les cookies sont de petits fichiers texte stock\u00e9s sur votre appareil lorsque vous visitez un site web. Ils sont largement utilis\u00e9s pour faire fonctionner efficacement les sites web et pour fournir information aux propri\u00e9taires de sites Web. &#8212; 2. Qui sommes-nous Toretto Service s.r.o.Prague, R\u00e9publique tch\u00e8queContact : torettositedirection@gmail.com &#8212; 3. Cookies que nous utilisons 3.1 Cookies strictement n\u00e9cessairesCes cookies sont essentiels au fonctionnement du site web et ne peuvent pas \u00eatre d\u00e9sactiv\u00e9. Ils incluent des cookies d\u00e9finis par WooCommerce pour le panier. et la fonctionnalit\u00e9 de paiement, ainsi que les cookies de session requis pour une connexion s\u00e9curis\u00e9e. 3.2 Cookies fonctionnelsCes cookies activent des fonctionnalit\u00e9s am\u00e9lior\u00e9es telles que la m\u00e9morisation de votre pr\u00e9f\u00e9rence de langue (d\u00e9finie par WPML) et les param\u00e8tres de votre r\u00e9gion. 3.3 Cookies d\u2019analyseNous pouvons utiliser des outils d\u2019analyse pour comprendre comment les visiteurs interagissent avec notre site web. Ces cookies recueillent des informations sous une forme anonyme, y compris le nombre de visiteurs et les pages qu\u2019ils visitent. 3.4 Cookies marketingNous pouvons utiliser des cookies marketing pour suivre les visiteurs sur les sites Web et afficher publicit\u00e9s pertinentes. Celles-ci ne sont activ\u00e9es qu\u2019avec votre consentement explicite. &#8212; 4. Gestion de vos cookies Vous pouvez g\u00e9rer vos pr\u00e9f\u00e9rences de cookies \u00e0 tout moment en cliquant sur le Le bouton \u00ab Param\u00e8tres des cookies \u00bb est disponible en bas de notre site Web. Vous pouvez \u00e9galement contr\u00f4ler les cookies via les param\u00e8tres de votre navigateur. Veuillez noter la d\u00e9sactivation de certains cookies peut affecter le fonctionnement de ce site Web. Pour plus d\u2019informations sur la gestion des cookies dans votre navigateur :&#8211; Chrome : support.google.com\/chrome\/answer\/95647&#8211; Firefox : support.mozilla.org\/kb\/enable-and-disable-cookies-website-preferences&#8211; Safari : support.apple.com\/guide\/safari\/manage-cookies-sfri11471 &#8212; de parties tierces Certains cookies sur notre site sont d\u00e9finis par des services tiers. Nous ne contr\u00f4lons pas ces cookies. Veuillez vous r\u00e9f\u00e9rer aux politiques de confidentialit\u00e9 respectives de ces services pour plus d\u2019informations. &#8212; 6. Modifications apport\u00e9es \u00e0 la pr\u00e9sente politique Nous pouvons mettre \u00e0 jour cette politique en mati\u00e8re de cookies de temps \u00e0 autre. Tout changement sera post\u00e9 sur cette page avec une date de r\u00e9vision mise \u00e0 jour. &#8212; 7. nous contacteraient Si vous avez des questions sur notre utilisation des cookies, veuillez nous contacter \u00e0 l\u2019adresse suivante :torettositedirection@gmail.com<\/p>\n","protected":false},"author":1,"featured_media":0,"parent":0,"menu_order":0,"comment_status":"closed","ping_status":"closed","template":"","meta":{"site-sidebar-layout":"no-sidebar","site-content-layout":"page-builder","ast-site-content-layout":"full-width-container","site-content-style":"default","site-sidebar-style":"default","ast-global-header-display":"","ast-banner-title-visibility":"","ast-main-header-display":"","ast-hfb-above-header-display":"","ast-hfb-below-header-display":"","ast-hfb-mobile-header-display":"","site-post-title":"","ast-breadcrumbs-content":"","ast-featured-img":"disabled","footer-sml-layout":"","ast-disable-related-posts":"","theme-transparent-header-meta":"","adv-header-id-meta":"","stick-header-meta":"","header-above-stick-meta":"","header-main-stick-meta":"","header-below-stick-meta":"","astra-migrate-meta-layouts":"default","ast-page-background-enabled":"default","ast-page-background-meta":{"desktop":{"background-color":"","background-image":"","background-repeat":"repeat","background-position":"center center","background-size":"auto","background-attachment":"scroll","background-type":"","background-media":"","overlay-type":"","overlay-color":"","overlay-opacity":"","overlay-gradient":""},"tablet":{"background-color":"","background-image":"","background-repeat":"repeat","background-position":"center center","background-size":"auto","background-attachment":"scroll","background-type":"","background-media":"","overlay-type":"","overlay-color":"","overlay-opacity":"","overlay-gradient":""},"mobile":{"background-color":"","background-image":"","background-repeat":"repeat","background-position":"center center","background-size":"auto","background-attachment":"scroll","background-type":"","background-media":"","overlay-type":"","overlay-color":"","overlay-opacity":"","overlay-gradient":""}},"ast-content-background-meta":{"desktop":{"background-color":"var(--ast-global-color-5)","background-image":"","background-repeat":"repeat","background-position":"center center","background-size":"auto","background-attachment":"scroll","background-type":"","background-media":"","overlay-type":"","overlay-color":"","overlay-opacity":"","overlay-gradient":""},"tablet":{"background-color":"var(--ast-global-color-5)","background-image":"","background-repeat":"repeat","background-position":"center center","background-size":"auto","background-attachment":"scroll","background-type":"","background-media":"","overlay-type":"","overlay-color":"","overlay-opacity":"","overlay-gradient":""},"mobile":{"background-color":"var(--ast-global-color-5)","background-image":"","background-repeat":"repeat","background-position":"center center","background-size":"auto","background-attachment":"scroll","background-type":"","background-media":"","overlay-type":"","overlay-color":"","overlay-opacity":"","overlay-gradient":""}},"footnotes":""},"class_list":["post-6776","page","type-page","status-publish","hentry"],"_links":{"self":[{"href":"https:\/\/torettorefrigerant.com\/fr\/wp-json\/wp\/v2\/pages\/6776","targetHints":{"allow":["GET"]}}],"collection":[{"href":"https:\/\/torettorefrigerant.com\/fr\/wp-json\/wp\/v2\/pages"}],"about":[{"href":"https:\/\/torettorefrigerant.com\/fr\/wp-json\/wp\/v2\/types\/page"}],"author":[{"embeddable":true,"href":"https:\/\/torettorefrigerant.com\/fr\/wp-json\/wp\/v2\/users\/1"}],"replies":[{"embeddable":true,"href":"https:\/\/torettorefrigerant.com\/fr\/wp-json\/wp\/v2\/comments?post=6776"}],"version-history":[{"count":1,"href":"https:\/\/torettorefrigerant.com\/fr\/wp-json\/wp\/v2\/pages\/6776\/revisions"}],"predecessor-version":[{"id":6779,"href":"https:\/\/torettorefrigerant.com\/fr\/wp-json\/wp\/v2\/pages\/6776\/revisions\/6779"}],"wp:attachment":[{"href":"https:\/\/torettorefrigerant.com\/fr\/wp-json\/wp\/v2\/media?parent=6776"}],"curies":[{"name":"wp","href":"https:\/\/api.w.org\/{rel}","templated":true}]}}