{"id":4510,"date":"2025-06-05T21:36:33","date_gmt":"2025-06-05T21:36:33","guid":{"rendered":"https:\/\/torettorefrigerant.com\/faq\/"},"modified":"2025-06-07T15:06:34","modified_gmt":"2025-06-07T15:06:34","slug":"faq","status":"publish","type":"page","link":"https:\/\/torettorefrigerant.com\/fr\/faq\/","title":{"rendered":"Faq"},"content":{"rendered":"\t\t<div data-elementor-type=\"wp-page\" data-elementor-id=\"4510\" class=\"elementor elementor-4510 elementor-3918\">\n\t\t\t\t<div class=\"elementor-element elementor-element-58a1bac e-flex e-con-boxed wpr-particle-no wpr-jarallax-no wpr-parallax-no wpr-sticky-section-no wpr-equal-height-no e-con e-parent\" data-id=\"58a1bac\" data-element_type=\"container\" data-e-type=\"container\">\n\t\t\t\t\t<div class=\"e-con-inner\">\n\t\t\t\t<div class=\"elementor-element elementor-element-155f3d6 elementor-widget-divider--view-line elementor-widget elementor-widget-divider\" data-id=\"155f3d6\" data-element_type=\"widget\" data-e-type=\"widget\" data-widget_type=\"divider.default\">\n\t\t\t\t<div class=\"elementor-widget-container\">\n\t\t\t\t\t\t\t<div class=\"elementor-divider\">\n\t\t\t<span class=\"elementor-divider-separator\">\n\t\t\t\t\t\t<\/span>\n\t\t<\/div>\n\t\t\t\t\t\t<\/div>\n\t\t\t\t<\/div>\n\t\t\t\t\t<\/div>\n\t\t\t\t<\/div>\n\t\t<div class=\"elementor-element elementor-element-f4a1989 e-flex e-con-boxed wpr-particle-no wpr-jarallax-no wpr-parallax-no wpr-sticky-section-no wpr-equal-height-no e-con e-parent\" data-id=\"f4a1989\" data-element_type=\"container\" data-e-type=\"container\">\n\t\t\t\t\t<div class=\"e-con-inner\">\n\t\t\t\t<div class=\"elementor-element elementor-element-97bdc33 elementor-widget elementor-widget-text-editor\" data-id=\"97bdc33\" data-element_type=\"widget\" data-e-type=\"widget\" data-widget_type=\"text-editor.default\">\n\t\t\t\t<div class=\"elementor-widget-container\">\n\t\t\t\t\t\t\t\t\t<h3 data-start=\"272\" data-end=\"331\"><img decoding=\"async\" class=\"emoji\" role=\"img\" draggable=\"false\" src=\"https:\/\/s.w.org\/images\/core\/emoji\/15.1.0\/svg\/2753.svg\" alt=\"\u2753\" title=\"\">  Quelle est la diff\u00e9rence entre le R134a, le R410A et le R32 ?<\/h3><p data-start=\"333\" data-end=\"573\"><img decoding=\"async\" class=\"emoji\" role=\"img\" draggable=\"false\" src=\"https:\/\/s.w.org\/images\/core\/emoji\/15.1.0\/svg\/1f539.svg\" alt=\"\ud83d\udd39\" title=\"\"> Le <strong data-start=\"336\" data-end=\"345\">R134a<\/strong> est couramment utilis\u00e9 dans les syst\u00e8mes de climatisation automobile.<br data-start=\"402\" data-end=\"405\"><img decoding=\"async\" class=\"emoji\" role=\"img\" draggable=\"false\" src=\"https:\/\/s.w.org\/images\/core\/emoji\/15.1.0\/svg\/1f539.svg\" alt=\"\ud83d\udd39\" title=\"\"> Le <strong data-start=\"408\" data-end=\"417\">R410A<\/strong> est utilis\u00e9 dans les syst\u00e8mes de climatisation r\u00e9sidentiels et commerciaux.<br data-start=\"473\" data-end=\"476\"><img decoding=\"async\" class=\"emoji\" role=\"img\" draggable=\"false\" src=\"https:\/\/s.w.org\/images\/core\/emoji\/15.1.0\/svg\/1f539.svg\" alt=\"\ud83d\udd39\" title=\"\"> Le <strong data-start=\"479\" data-end=\"486\">R32<\/strong> est un r\u00e9frig\u00e9rant plus r\u00e9cent et plus respectueux de l&rsquo;environnement, dont le PRP (potentiel de r\u00e9chauffement plan\u00e9taire) est plus faible.<\/p><hr data-start=\"575\" data-end=\"578\"><h3 data-start=\"580\" data-end=\"641\"><img decoding=\"async\" class=\"emoji\" role=\"img\" draggable=\"false\" src=\"https:\/\/s.w.org\/images\/core\/emoji\/15.1.0\/svg\/2753.svg\" alt=\"\u2753\" title=\"\">  Puis-je acheter du gaz r\u00e9frig\u00e9rant sans certificat F-GAS ?<\/h3><p data-start=\"643\" data-end=\"927\">Conform\u00e9ment \u00e0 la r\u00e9glementation europ\u00e9enne sur les gaz fluor\u00e9s, l&rsquo;achat et l&rsquo;utilisation de <strong data-start=\"678\" data-end=\"712\">certains r\u00e9frig\u00e9rants (comme le R410A<\/strong> ) n\u00e9cessitent une <strong data-start=\"729\" data-end=\"752\">certification F-GAS<\/strong> valide.<br data-start=\"773\" data-end=\"776\">Cependant, les particuliers peuvent souvent acheter du <strong data-start=\"785\" data-end=\"823\">R134a en petits formats (par exemple 900 g)<\/strong>.<br data-start=\"870\" data-end=\"873\">V\u00e9rifiez toujours la description du produit pour conna\u00eetre les restrictions.<\/p><hr data-start=\"929\" data-end=\"932\"><h3 data-start=\"934\" data-end=\"998\"><img decoding=\"async\" class=\"emoji\" role=\"img\" draggable=\"false\" src=\"https:\/\/s.w.org\/images\/core\/emoji\/15.1.0\/svg\/2753.svg\" alt=\"\u2753\" title=\"\">  Vous exp\u00e9diez des fluides frigorig\u00e8nes \u00e0 travers l&rsquo;Europe et au niveau international ?<\/h3><p data-start=\"1000\" data-end=\"1177\">Oui, nous livrons <strong data-start=\"1013\" data-end=\"1029\">dans toute l&rsquo;Allemagne<\/strong> et dans <strong data-start=\"1037\" data-end=\"1067\">plusieurs pays europ\u00e9ens<\/strong>.<br data-start=\"1068\" data-end=\"1071\">Tous les r\u00e9frig\u00e9rants sont exp\u00e9di\u00e9s dans des conteneurs certifi\u00e9s, conform\u00e9ment aux r\u00e9glementations en mati\u00e8re de transport des gaz comprim\u00e9s.<\/p><hr data-start=\"1179\" data-end=\"1182\"><h3 data-start=\"1184\" data-end=\"1233\"><img decoding=\"async\" class=\"emoji\" role=\"img\" draggable=\"false\" src=\"https:\/\/s.w.org\/images\/core\/emoji\/15.1.0\/svg\/2753.svg\" alt=\"\u2753\" title=\"\">  Les bouteilles sont-elles rechargeables ou jetables ?<\/h3><p data-start=\"1235\" data-end=\"1393\">Nous proposons \u00e0 la fois des <strong data-start=\"1249\" data-end=\"1273\">bouteilles jetables<\/strong> et des <strong data-start=\"1278\" data-end=\"1300\">bouteilles rechargeables<\/strong>.<br data-start=\"1301\" data-end=\"1304\">Veuillez v\u00e9rifier la description du produit : s&rsquo;il est indiqu\u00e9 \u00ab jetable \u00bb, il s&rsquo;agit d&rsquo;un produit <strong data-start=\"1373\" data-end=\"1387\">\u00e0 usage unique<\/strong>.<\/p><hr data-start=\"1395\" data-end=\"1398\"><h3 data-start=\"1400\" data-end=\"1443\"><img decoding=\"async\" class=\"emoji\" role=\"img\" draggable=\"false\" src=\"https:\/\/s.w.org\/images\/core\/emoji\/15.1.0\/svg\/2753.svg\" alt=\"\u2753\" title=\"\">  Comment dois-je stocker les gaz r\u00e9frig\u00e9rants ?<\/h3><p data-start=\"1445\" data-end=\"1616\">Conserver dans un <strong data-start=\"1456\" data-end=\"1495\">endroit frais, sec et bien ventil\u00e9<\/strong>, \u00e0 l&rsquo;abri de la lumi\u00e8re directe du soleil et des sources de chaleur.<br data-start=\"1540\" data-end=\"1543\">Conserver hors de port\u00e9e des enfants et \u00e9viter l&rsquo;exposition \u00e0 des temp\u00e9ratures extr\u00eames.<\/p><hr data-start=\"1618\" data-end=\"1621\"><h3 data-start=\"1623\" data-end=\"1665\"><img decoding=\"async\" class=\"emoji\" role=\"img\" draggable=\"false\" src=\"https:\/\/s.w.org\/images\/core\/emoji\/15.1.0\/svg\/2753.svg\" alt=\"\u2753\" title=\"\">  Puis-je retourner une bouteille de r\u00e9frig\u00e9rant ?<\/h3><p data-start=\"1667\" data-end=\"1842\">Les retours <strong data-start=\"1688\" data-end=\"1756\">ne<\/strong> sont accept\u00e9s <strong data-start=\"1688\" data-end=\"1756\">que si le produit est scell\u00e9, inutilis\u00e9 et dans son \u00e9tat d&rsquo;origine<\/strong>.<br data-start=\"1757\" data-end=\"1760\">Pour des raisons de s\u00e9curit\u00e9, les <strong data-start=\"1780\" data-end=\"1841\">bouteilles de gaz ouvertes ou partiellement utilis\u00e9es ne peuvent pas \u00eatre retourn\u00e9es<\/strong>.<\/p>\t\t\t\t\t\t\t\t<\/div>\n\t\t\t\t<\/div>\n\t\t<div class=\"elementor-element elementor-element-68623c5 e-con-full e-flex wpr-particle-no wpr-jarallax-no wpr-parallax-no wpr-sticky-section-no wpr-equal-height-no e-con e-child\" data-id=\"68623c5\" data-element_type=\"container\" data-e-type=\"container\">\n\t\t\t\t<div class=\"elementor-element elementor-element-45fe7ef elementor-widget-divider--view-line elementor-widget elementor-widget-divider\" data-id=\"45fe7ef\" data-element_type=\"widget\" data-e-type=\"widget\" data-widget_type=\"divider.default\">\n\t\t\t\t<div class=\"elementor-widget-container\">\n\t\t\t\t\t\t\t<div class=\"elementor-divider\">\n\t\t\t<span class=\"elementor-divider-separator\">\n\t\t\t\t\t\t<\/span>\n\t\t<\/div>\n\t\t\t\t\t\t<\/div>\n\t\t\t\t<\/div>\n\t\t\t\t<\/div>\n\t\t\t\t\t<\/div>\n\t\t\t\t<\/div>\n\t\t\t\t<\/div>\n\t\t","protected":false},"excerpt":{"rendered":"<p>Quelle est la diff\u00e9rence entre le R134a, le R410A et le R32 ? Le R134a est couramment utilis\u00e9 dans les syst\u00e8mes de climatisation automobile. Le R410A est utilis\u00e9 dans les syst\u00e8mes de climatisation r\u00e9sidentiels et commerciaux. Le R32 est un r\u00e9frig\u00e9rant plus r\u00e9cent et plus respectueux de l&rsquo;environnement, dont le PRP (potentiel de r\u00e9chauffement plan\u00e9taire) est plus faible. Puis-je acheter du gaz r\u00e9frig\u00e9rant sans certificat F-GAS ? Conform\u00e9ment \u00e0 la r\u00e9glementation europ\u00e9enne sur les gaz fluor\u00e9s, l&rsquo;achat et l&rsquo;utilisation de certains r\u00e9frig\u00e9rants (comme le R410A ) n\u00e9cessitent une certification F-GAS valide.Cependant, les particuliers peuvent souvent acheter du R134a en petits formats (par exemple 900 g).V\u00e9rifiez toujours la description du produit pour conna\u00eetre les restrictions. Vous exp\u00e9diez des fluides frigorig\u00e8nes \u00e0 travers l&rsquo;Europe et au niveau international ? Oui, nous livrons dans toute l&rsquo;Allemagne et dans plusieurs pays europ\u00e9ens.Tous les r\u00e9frig\u00e9rants sont exp\u00e9di\u00e9s dans des conteneurs certifi\u00e9s, conform\u00e9ment aux r\u00e9glementations en mati\u00e8re de transport des gaz comprim\u00e9s. Les bouteilles sont-elles rechargeables ou jetables ? Nous proposons \u00e0 la fois des bouteilles jetables et des bouteilles rechargeables.Veuillez v\u00e9rifier la description du produit : s&rsquo;il est indiqu\u00e9 \u00ab jetable \u00bb, il s&rsquo;agit d&rsquo;un produit \u00e0 usage unique. Comment dois-je stocker les gaz r\u00e9frig\u00e9rants ? Conserver dans un endroit frais, sec et bien ventil\u00e9, \u00e0 l&rsquo;abri de la lumi\u00e8re directe du soleil et des sources de chaleur.Conserver hors de port\u00e9e des enfants et \u00e9viter l&rsquo;exposition \u00e0 des temp\u00e9ratures extr\u00eames. Puis-je retourner une bouteille de r\u00e9frig\u00e9rant ? Les retours ne sont accept\u00e9s que si le produit est scell\u00e9, inutilis\u00e9 et dans son \u00e9tat d&rsquo;origine.Pour des raisons de s\u00e9curit\u00e9, les bouteilles de gaz ouvertes ou partiellement utilis\u00e9es ne peuvent pas \u00eatre retourn\u00e9es.<\/p>\n","protected":false},"author":1,"featured_media":0,"parent":0,"menu_order":0,"comment_status":"closed","ping_status":"closed","template":"","meta":{"site-sidebar-layout":"no-sidebar","site-content-layout":"page-builder","ast-site-content-layout":"full-width-container","site-content-style":"default","site-sidebar-style":"default","ast-global-header-display":"","ast-banner-title-visibility":"","ast-main-header-display":"","ast-hfb-above-header-display":"","ast-hfb-below-header-display":"","ast-hfb-mobile-header-display":"","site-post-title":"disabled","ast-breadcrumbs-content":"","ast-featured-img":"disabled","footer-sml-layout":"","theme-transparent-header-meta":"","adv-header-id-meta":"","stick-header-meta":"","header-above-stick-meta":"","header-main-stick-meta":"","header-below-stick-meta":"","astra-migrate-meta-layouts":"default","ast-page-background-enabled":"default","ast-page-background-meta":{"desktop":{"background-color":"","background-image":"","background-repeat":"repeat","background-position":"center center","background-size":"auto","background-attachment":"scroll","background-type":"","background-media":"","overlay-type":"","overlay-color":"","overlay-opacity":"","overlay-gradient":""},"tablet":{"background-color":"","background-image":"","background-repeat":"repeat","background-position":"center center","background-size":"auto","background-attachment":"scroll","background-type":"","background-media":"","overlay-type":"","overlay-color":"","overlay-opacity":"","overlay-gradient":""},"mobile":{"background-color":"","background-image":"","background-repeat":"repeat","background-position":"center center","background-size":"auto","background-attachment":"scroll","background-type":"","background-media":"","overlay-type":"","overlay-color":"","overlay-opacity":"","overlay-gradient":""}},"ast-content-background-meta":{"desktop":{"background-color":"var(--ast-global-color-5)","background-image":"","background-repeat":"repeat","background-position":"center center","background-size":"auto","background-attachment":"scroll","background-type":"","background-media":"","overlay-type":"","overlay-color":"","overlay-opacity":"","overlay-gradient":""},"tablet":{"background-color":"var(--ast-global-color-5)","background-image":"","background-repeat":"repeat","background-position":"center center","background-size":"auto","background-attachment":"scroll","background-type":"","background-media":"","overlay-type":"","overlay-color":"","overlay-opacity":"","overlay-gradient":""},"mobile":{"background-color":"var(--ast-global-color-5)","background-image":"","background-repeat":"repeat","background-position":"center center","background-size":"auto","background-attachment":"scroll","background-type":"","background-media":"","overlay-type":"","overlay-color":"","overlay-opacity":"","overlay-gradient":""}},"footnotes":""},"class_list":["post-4510","page","type-page","status-publish","hentry"],"_links":{"self":[{"href":"https:\/\/torettorefrigerant.com\/fr\/wp-json\/wp\/v2\/pages\/4510","targetHints":{"allow":["GET"]}}],"collection":[{"href":"https:\/\/torettorefrigerant.com\/fr\/wp-json\/wp\/v2\/pages"}],"about":[{"href":"https:\/\/torettorefrigerant.com\/fr\/wp-json\/wp\/v2\/types\/page"}],"author":[{"embeddable":true,"href":"https:\/\/torettorefrigerant.com\/fr\/wp-json\/wp\/v2\/users\/1"}],"replies":[{"embeddable":true,"href":"https:\/\/torettorefrigerant.com\/fr\/wp-json\/wp\/v2\/comments?post=4510"}],"version-history":[{"count":2,"href":"https:\/\/torettorefrigerant.com\/fr\/wp-json\/wp\/v2\/pages\/4510\/revisions"}],"predecessor-version":[{"id":4515,"href":"https:\/\/torettorefrigerant.com\/fr\/wp-json\/wp\/v2\/pages\/4510\/revisions\/4515"}],"wp:attachment":[{"href":"https:\/\/torettorefrigerant.com\/fr\/wp-json\/wp\/v2\/media?parent=4510"}],"curies":[{"name":"wp","href":"https:\/\/api.w.org\/{rel}","templated":true}]}}