{"id":6735,"date":"2026-04-14T22:18:38","date_gmt":"2026-04-14T22:18:38","guid":{"rendered":"https:\/\/torettorefrigerant.com\/product\/r134a-900g-lindal-7-16-kaeltemittel-gaszylinder\/"},"modified":"2026-04-14T22:18:38","modified_gmt":"2026-04-14T22:18:38","slug":"r134a-900g-lindal-7-16-kaeltemittel-gaszylinder","status":"publish","type":"product","link":"https:\/\/torettorefrigerant.com\/de\/product\/r134a-900g-lindal-7-16-kaeltemittel-gaszylinder\/","title":{"rendered":"R134a 900g Lindal 7\/16: K\u00e4ltemittel-Gaszylinder"},"content":{"rendered":"<h2 id=\"r134a-900g-lindal-valve-716-premium-refrigerant-fo\" class=\"font-editorial font-bold mb-2 mt-4 [.has-inline-images_&amp;]:clear-end text-lg first:mt-0 md:text-lg [hr+&amp;]:mt-4\">[ez-toc]<\/h2>\n<h2 class=\"font-editorial font-bold mb-2 mt-4 [.has-inline-images_&amp;]:clear-end text-lg first:mt-0 md:text-lg [hr+&amp;]:mt-4\">R134a 900g Lindal-Ventil 7\/16: Premium-K\u00e4ltemittel zum Aufladen mit Wechselstrom<\/h2>\n<p class=\"my-2 [&amp;+p]:mt-4 [&amp;_strong:has(+br)]:inline-block [&amp;_strong:has(+br)]:pb-2\">Wenn Sie einen zuverl\u00e4ssigen R134a 900g-Zylinder mit einem Lindal 7\/16-Ventil ben\u00f6tigen, ist dieses Produkt f\u00fcr professionelle Techniker konzipiert, die an Klimaanlagen und kleinen K\u00fchlsystemen f\u00fcr Kraftfahrzeuge arbeiten. Es bietet hohe Reinheit, sichere Handhabung und ein praktisches Einwegformat f\u00fcr Arbeiten vor Ort\u2011. <\/p>\n<h2 id=\"key-benefits-of-this-r134a-900g-cylinder\" class=\"font-editorial font-bold mb-2 mt-4 [.has-inline-images_&amp;]:clear-end text-base first:mt-0\">Hauptvorteile dieses R134a 900g Zylinders<\/h2>\n<ul class=\"marker:text-quiet list-disc pl-8\">\n<li class=\"py-0 my-0 prose-p:pt-0 prose-p:mb-2 prose-p:my-0 [&amp;&gt;p]:pt-0 [&amp;&gt;p]:mb-2 [&amp;&gt;p]:my-0\">\n<p class=\"my-2 [&amp;+p]:mt-4 [&amp;_strong:has(+br)]:inline-block [&amp;_strong:has(+br)]:pb-2\">Standard Lindal 7\/16&#8243; Ventil f\u00fcr schnelle, leckagefreie\u2011Verbindung<\/p>\n<\/li>\n<li class=\"py-0 my-0 prose-p:pt-0 prose-p:mb-2 prose-p:my-0 [&amp;&lt;encoded_tag_closed \/&gt;p]:pt-0 [&amp;&lt;encoded_tag_closed \/&gt;p]:mb-2 [&amp;&lt;encoded_tag_closed \/&gt;p]:my-0\">\n<p class=\"my-2 [&amp;+p]:mt-4 [&amp;_strong:has(+br)]:inline-block [&amp;_strong:has(+br)]:pb-2\">Hochreines K\u00e4ltemittel (\u226599,9%) f\u00fcr gleichbleibende Leistung<\/p>\n<\/li>\n<li class=\"py-0 my-0 prose-p:pt-0 prose-p:mb-2 prose-p:my-0 [&amp;&lt;encoded_tag_closed \/&gt;p]:pt-0 [&amp;&lt;encoded_tag_closed \/&gt;p]:mb-2 [&amp;&lt;encoded_tag_closed \/&gt;p]:my-0\">\n<p class=\"my-2 [&amp;+p]:mt-4 [&amp;_strong:has(+br)]:inline-block [&amp;_strong:has(+br)]:pb-2\">Nicht \u2011 brennbares HFC mit null ODP, geeignet f\u00fcr viele Altsysteme<\/p>\n<\/li>\n<li class=\"py-0 my-0 prose-p:pt-0 prose-p:mb-2 prose-p:my-0 [&amp;&lt;encoded_tag_closed \/&gt;p]:pt-0 [&amp;&lt;encoded_tag_closed \/&gt;p]:mb-2 [&amp;&lt;encoded_tag_closed \/&gt;p]:my-0\">\n<p class=\"my-2 [&amp;+p]:mt-4 [&amp;_strong:has(+br)]:inline-block [&amp;_strong:has(+br)]:pb-2\">T\u2011PED-konformer Zylinder, konzipiert f\u00fcr sicheren Transport und Einsatz in der EU<\/p>\n<\/li>\n<li class=\"py-0 my-0 prose-p:pt-0 prose-p:mb-2 prose-p:my-0 [&amp;&lt;encoded_tag_closed \/&gt;p]:pt-0 [&amp;&lt;encoded_tag_closed \/&gt;p]:mb-2 [&amp;&lt;encoded_tag_closed \/&gt;p]:my-0\">\n<p class=\"my-2 [&amp;+p]:mt-4 [&amp;_strong:has(+br)]:inline-block [&amp;_strong:has(+br)]:pb-2\">Praktische Ladegr\u00f6\u00dfe von 900 g f\u00fcr Autowerkst\u00e4tten und HVAC-Serviceteams<\/p>\n<\/li>\n<\/ul>\n<p class=\"my-2 [&amp;+p]:mt-4 [&amp;_strong:has(+br)]:inline-block [&amp;_strong:has(+br)]:pb-2\">Dieser 900-g-Zylinder R134a ist ideal f\u00fcr Techniker, die ein kompaktes, \u2011leicht\u2011 zu handhabendes Format w\u00fcnschen, das dennoch gen\u00fcgend Ladung f\u00fcr mehrere Eingriffe liefert.<\/p>\n<h2 id=\"main-applications\" class=\"font-editorial font-bold mb-2 mt-4 [.has-inline-images_&amp;]:clear-end text-base first:mt-0\">Hauptanwendungen<\/h2>\n<p class=\"my-2 [&amp;+p]:mt-4 [&amp;_strong:has(+br)]:inline-block [&amp;_strong:has(+br)]:pb-2\">Verwenden Sie diesen R134a 900g-Zylinder mit Lindal 7\/16-Ventil f\u00fcr:<\/p>\n<ul class=\"marker:text-quiet list-disc pl-8\">\n<li class=\"py-0 my-0 prose-p:pt-0 prose-p:mb-2 prose-p:my-0 [&amp;&lt;encoded_tag_closed \/&gt;p]:pt-0 [&amp;&lt;encoded_tag_closed \/&gt;p]:mb-2 [&amp;&lt;encoded_tag_closed \/&gt;p]:my-0\">\n<p class=\"my-2 [&amp;+p]:mt-4 [&amp;_strong:has(+br)]:inline-block [&amp;_strong:has(+br)]:pb-2\">Aufladen der Autoklimaanlage bei Fahrzeugen der Klasse R134a<\/p>\n<\/li>\n<li class=\"py-0 my-0 prose-p:pt-0 prose-p:mb-2 prose-p:my-0 [&amp;&lt;encoded_tag_closed \/&gt;p]:pt-0 [&amp;&lt;encoded_tag_closed \/&gt;p]:mb-2 [&amp;&lt;encoded_tag_closed \/&gt;p]:my-0\">\n<p class=\"my-2 [&amp;+p]:mt-4 [&amp;_strong:has(+br)]:inline-block [&amp;_strong:has(+br)]:pb-2\">Kleine gewerbliche K\u00fchleinheiten und Vitrinen<\/p>\n<\/li>\n<li class=\"py-0 my-0 prose-p:pt-0 prose-p:mb-2 prose-p:my-0 [&amp;&lt;encoded_tag_closed \/&gt;p]:pt-0 [&amp;&lt;encoded_tag_closed \/&gt;p]:mb-2 [&amp;&lt;encoded_tag_closed \/&gt;p]:my-0\">\n<p class=\"my-2 [&amp;+p]:mt-4 [&amp;_strong:has(+br)]:inline-block [&amp;_strong:has(+br)]:pb-2\">Haushaltsk\u00fchl- und Gefrierschr\u00e4nke, urspr\u00fcnglich f\u00fcr R134a konzipiert<\/p>\n<\/li>\n<li class=\"py-0 my-0 prose-p:pt-0 prose-p:mb-2 prose-p:my-0 [&amp;&lt;encoded_tag_closed \/&gt;p]:pt-0 [&amp;&lt;encoded_tag_closed \/&gt;p]:mb-2 [&amp;&lt;encoded_tag_closed \/&gt;p]:my-0\">\n<p class=\"my-2 [&amp;+p]:mt-4 [&amp;_strong:has(+br)]:inline-block [&amp;_strong:has(+br)]:pb-2\">Service und Wartung von Altsystemen, die urspr\u00fcnglich von R12 auf R134a umgestellt wurden<\/p>\n<\/li>\n<\/ul>\n<p class=\"my-2 [&amp;+p]:mt-4 [&amp;_strong:has(+br)]:inline-block [&amp;_strong:has(+br)]:pb-2\">\u00dcberpr\u00fcfen Sie vor dem Laden immer das Systemetikett, um sicherzustellen, dass R134a das angegebene K\u00fchlmittel ist.<\/p>\n<h2 id=\"technical-specifications\" class=\"font-editorial font-bold mb-2 mt-4 [.has-inline-images_&amp;]:clear-end text-base first:mt-0\">technischen Spezifikationen<\/h2>\n<p class=\"my-2 [&amp;+p]:mt-4 [&amp;_strong:has(+br)]:inline-block [&amp;_strong:has(+br)]:pb-2\">Die folgende Tabelle fasst die wichtigsten technischen Daten f\u00fcr R134a zusammen, wie sie \u00fcblicherweise in technischen Datenbl\u00e4ttern angegeben sind:<\/p>\n<div class=\"group relative my-[1em]\">\n<div class=\"sticky top-0 z-10 h-0\" aria-hidden=\"true\">\n<div class=\"w-full overflow-hidden bg-raised border-x md:max-w-[90vw] border-subtlest ring-subtlest divide-subtlest\"><\/div>\n<\/div>\n<div class=\"w-full overflow-auto scrollbar-subtle rounded-lg border md:max-w-[90vw] border-subtlest ring-subtlest divide-subtlest bg-raised\">\n<table class=\"[&amp;_tr:last-child_td]:border-b-0 my-0 w-full table-auto border-separate border-spacing-0 text-sm font-sans rounded-lg [&amp;_tr:last-child_td:first-child]:rounded-bl-lg [&amp;_tr:last-child_td:last-child]:rounded-br-lg\">\n<thead>\n<tr>\n<th class=\"border-subtlest p-sm min-w-[48px] break-normal border-b text-left align-bottom border-r last:border-r-0 font-bold bg-subtle first:border-radius-tl-lg last:border-radius-tr-lg\" scope=\"col\"><\/th>\n<th class=\"border-subtlest p-sm min-w-[48px] break-normal border-b text-left align-bottom border-r last:border-r-0 font-bold bg-subtle first:border-radius-tl-lg last:border-radius-tr-lg\" scope=\"col\">Grundst\u00fcckswert<\/th>\n<\/tr>\n<\/thead>\n<tbody>\n<tr>\n<td class=\"border-subtlest px-sm min-w-[48px] break-normal border-b border-r last:border-r-0\"><\/td>\n<td class=\"border-subtlest px-sm min-w-[48px] break-normal border-b border-r last:border-r-0\">Chemischer Name<\/td>\n<p>1,1,1,2-Tetrafluorethan (HFC-134a)<br \/>\n<\/tr>\n<tr>\n<td class=\"border-subtlest px-sm min-w-[48px] break-normal border-b border-r last:border-r-0\"><\/td>\n<td class=\"border-subtlest px-sm min-w-[48px] break-normal border-b border-r last:border-r-0\">Chemische Formel<\/td>\n<p>CH\u2082FCF\u2083<br \/>\n<\/tr>\n<tr>\n<td class=\"border-subtlest px-sm min-w-[48px] break-normal border-b border-r last:border-r-0\"><\/td>\n<td class=\"border-subtlest px-sm min-w-[48px] break-normal border-b border-r last:border-r-0\">Reinheit<\/td>\n<p>\u2265 99,9 % (typisch)<br \/>\n<\/tr>\n<tr>\n<td class=\"border-subtlest px-sm min-w-[48px] break-normal border-b border-r last:border-r-0\"><\/td>\n<td class=\"border-subtlest px-sm min-w-[48px] break-normal border-b border-r last:border-r-0\">Feuchtigkeitsgehalt<\/td>\n<p>\u2264 10 ppm (typisch)<br \/>\n<\/tr>\n<tr>\n<td class=\"border-subtlest px-sm min-w-[48px] break-normal border-b border-r last:border-r-0\"><\/td>\n<td class=\"border-subtlest px-sm min-w-[48px] break-normal border-b border-r last:border-r-0\">Siedepunkt<\/td>\n<p>\u221226,1 \u00b0C bei 1 atm<br \/>\n<\/tr>\n<tr>\n<td class=\"border-subtlest px-sm min-w-[48px] break-normal border-b border-r last:border-r-0\"><\/td>\n<td class=\"border-subtlest px-sm min-w-[48px] break-normal border-b border-r last:border-r-0\">Kritische Temperatur<\/td>\n<p>\u2248 101,1 \u00b0C<br \/>\n<\/tr>\n<tr>\n<td class=\"border-subtlest px-sm min-w-[48px] break-normal border-b border-r last:border-r-0\"><\/td>\n<td class=\"border-subtlest px-sm min-w-[48px] break-normal border-b border-r last:border-r-0\">GWP (AR5, 100 Jahre)<\/td>\n<p>1430<br \/>\n<\/tr>\n<tr>\n<td class=\"border-subtlest px-sm min-w-[48px] break-normal border-b border-r last:border-r-0\"><\/td>\n<td class=\"border-subtlest px-sm min-w-[48px] break-normal border-b border-r last:border-r-0\">Ozonabbaupotenzial (ODP)<\/td>\n<p>0<br \/>\n<\/tr>\n<tr>\n<td class=\"border-subtlest px-sm min-w-[48px] break-normal border-b border-r last:border-r-0\">Cylinder content<\/td>\n<td class=\"border-subtlest px-sm min-w-[48px] break-normal border-b border-r last:border-r-0\">900 g \u00b1 production tolerance<\/td>\n<\/tr>\n<tr>\n<td class=\"border-subtlest px-sm min-w-[48px] break-normal border-b border-r last:border-r-0\"><\/td>\n<td class=\"border-subtlest px-sm min-w-[48px] break-normal border-b border-r last:border-r-0\">Ventiltyp<\/td>\n<p>Selbst \u2011 versiegelnder Lindal 7\/16&#8243;<br \/>\n<\/tr>\n<tr>\n<td class=\"border-subtlest px-sm min-w-[48px] break-normal border-b border-r last:border-r-0\"><\/td>\n<td class=\"border-subtlest px-sm min-w-[48px] break-normal border-b border-r last:border-r-0\">Zylinderstandard<\/td>\n<p>T\u2011PED \/ EN 13322\u20111-konform<br \/>\n<\/tr>\n<\/tbody>\n<\/table>\n<\/div>\n<\/div>\n<p class=\"my-2 [&amp;+p]:mt-4 [&amp;_strong:has(+br)]:inline-block [&amp;_strong:has(+br)]:pb-2\">Diese Werte sind repr\u00e4sentativ f\u00fcr das Standardk\u00e4ltemittel R134a, das in HLK- und Automobilanwendungen verwendet wird. Beachten Sie beim Umgang mit K\u00e4ltemittelgasen immer das Sicherheitsdatenblatt und die \u00f6rtlichen Vorschriften. <\/p>\n<h2 id=\"how-to-use-the-r134a-900g-lindal-valve-cylinder\" class=\"font-editorial font-bold mb-2 mt-4 [.has-inline-images_&amp;]:clear-end text-base first:mt-0\">So verwenden Sie den Lindal-Ventilzylinder R134a 900g<\/h2>\n<blockquote>\n<p class=\"my-2 [&amp;+p]:mt-4 [&amp;_strong:has(+br)]:inline-block [&amp;_strong:has(+br)]:pb-2\">Nur f\u00fcr den professionellen Gebrauch. Stellen Sie sicher, dass Sie die \u00f6rtlichen F\u2011Gas- und Handhabungsvorschriften einhalten. <\/p>\n<\/blockquote>\n<ol class=\"marker:text-quiet list-decimal pl-8\">\n<li class=\"py-0 my-0 prose-p:pt-0 prose-p:mb-2 prose-p:my-0 [&amp;&gt;p]:pt-0 [&amp;&gt;p]:mb-2 [&amp;&gt;p]:my-0\">\n<p class=\"my-2 [&amp;+p]:mt-4 [&amp;_strong:has(+br)]:inline-block [&amp;_strong:has(+br)]:pb-2\">\u00dcberpr\u00fcfen Sie den Systemtyp<br \/>\n\u00dcberpr\u00fcfen Sie das Identifikationsetikett am Fahrzeug oder an der Ausr\u00fcstung, um zu best\u00e4tigen, dass das K\u00e4ltemittel R134 a ist und dass das System kompatibel ist.<\/p>\n<\/li>\n<li class=\"py-0 my-0 prose-p:pt-0 prose-p:mb-2 prose-p:my-0 [&amp;&gt;p]:pt-0 [&amp;&gt;p]:mb-2 [&amp;&gt;p]:my-0\">\n<p class=\"my-2 [&amp;+p]:mt-4 [&amp;_strong:has(+br)]:inline-block [&amp;_strong:has(+br)]:pb-2\">Schlie\u00dfen Sie den Serviceschlauch an<br \/>\nBefestigen Sie einen geeigneten Manometersatz oder Serviceschlauch mit einem kompatiblen 7\/16-Zoll-Anschluss am Lindal-Ventil. Achten Sie darauf, dass alle Verbindungen fest sind. <\/p>\n<\/li>\n<li class=\"py-0 my-0 prose-p:pt-0 prose-p:mb-2 prose-p:my-0 [&amp;&lt;encoded_tag_closed \/&gt;p]:pt-0 [&amp;&lt;encoded_tag_closed \/&gt;p]:mb-2 [&amp;&lt;encoded_tag_closed \/&gt;p]:my-0\">\n<p class=\"my-2 [&amp;+p]:mt-4 [&amp;_strong:has(+br)]:inline-block [&amp;_strong:has(+br)]:pb-2\">Evakuieren und Leck\u2011Test<br \/>\nBefolgen Sie die Standardverfahren: Holen Sie altes K\u00e4ltemittel zur\u00fcck, evakuieren Sie das System und pr\u00fcfen Sie es vor dem Aufladen auf Lecks.<\/p>\n<\/li>\n<li class=\"py-0 my-0 prose-p:pt-0 prose-p:mb-2 prose-p:my-0 [&amp;&lt;encoded_tag_closed \/&gt;p]:pt-0 [&amp;&lt;encoded_tag_closed \/&gt;p]:mb-2 [&amp;&lt;encoded_tag_closed \/&gt;p]:my-0\">\n<p class=\"my-2 [&amp;+p]:mt-4 [&amp;_strong:has(+br)]:inline-block [&amp;_strong:has(+br)]:pb-2\">Laden Sie das System auf<br \/>\n\u00d6ffnen Sie das Lindal-Ventil vorsichtig und laden Sie die richtige Menge von R134a 900g oder wie vom Ger\u00e4tehersteller angegeben auf.<\/p>\n<\/li>\n<li class=\"py-0 my-0 prose-p:pt-0 prose-p:mb-2 prose-p:my-0 [&amp;&lt;encoded_tag_closed \/&gt;p]:pt-0 [&amp;&lt;encoded_tag_closed \/&gt;p]:mb-2 [&amp;&lt;encoded_tag_closed \/&gt;p]:my-0\">\n<p class=\"my-2 [&amp;+p]:mt-4 [&amp;_strong:has(+br)]:inline-block [&amp;_strong:has(+br)]:pb-2\">Schlie\u00dfen und trennen<br \/>\nWenn der Ladevorgang abgeschlossen ist, schlie\u00dfen Sie das Ventil, lassen Sie den Druck im Schlauch ab und trennen Sie ihn vorsichtig.<\/p>\n<\/li>\n<\/ol>\n<h2 id=\"safety-and-handling\" class=\"font-editorial font-bold mb-2 mt-4 [.has-inline-images_&amp;]:clear-end text-base first:mt-0\">Sicherheit und Handhabung<\/h2>\n<p class=\"my-2 [&amp;+p]:mt-4 [&amp;_strong:has(+br)]:inline-block [&amp;_strong:has(+br)]:pb-2\">R134a ist nicht\u2011entz\u00fcndlich, muss aber dennoch mit Vorsicht gehandhabt werden:<\/p>\n<ul class=\"marker:text-quiet list-disc pl-8\">\n<li class=\"py-0 my-0 prose-p:pt-0 prose-p:mb-2 prose-p:my-0 [&amp;&lt;encoded_tag_closed \/&gt;p]:pt-0 [&amp;&lt;encoded_tag_closed \/&gt;p]:mb-2 [&amp;&lt;encoded_tag_closed \/&gt;p]:my-0\">\n<p class=\"my-2 [&amp;+p]:mt-4 [&amp;_strong:has(+br)]:inline-block [&amp;_strong:has(+br)]:pb-2\">Tragen Sie w\u00e4hrend des Gebrauchs Schutzhandschuhe und Schutzbrillen<\/p>\n<\/li>\n<li class=\"py-0 my-0 prose-p:pt-0 prose-p:mb-2 prose-p:my-0 [&amp;&lt;encoded_tag_closed \/&gt;p]:pt-0 [&amp;&lt;encoded_tag_closed \/&gt;p]:mb-2 [&amp;&lt;encoded_tag_closed \/&gt;p]:my-0\">\n<p class=\"my-2 [&amp;+p]:mt-4 [&amp;_strong:has(+br)]:inline-block [&amp;_strong:has(+br)]:pb-2\">Nur in gut gel\u00fcfteten Bereichen verwenden<\/p>\n<\/li>\n<li class=\"py-0 my-0 prose-p:pt-0 prose-p:mb-2 prose-p:my-0 [&amp;&lt;encoded_tag_closed \/&gt;p]:pt-0 [&amp;&lt;encoded_tag_closed \/&gt;p]:mb-2 [&amp;&lt;encoded_tag_closed \/&gt;p]:my-0\">\n<p class=\"my-2 [&amp;+p]:mt-4 [&amp;_strong:has(+br)]:inline-block [&amp;_strong:has(+br)]:pb-2\">Setzen Sie Zylinder keinen Temperaturen \u00fcber 40 \u00b0C aus<\/p>\n<\/li>\n<li class=\"py-0 my-0 prose-p:pt-0 prose-p:mb-2 prose-p:my-0 [&amp;&lt;encoded_tag_closed \/&gt;p]:pt-0 [&amp;&lt;encoded_tag_closed \/&gt;p]:mb-2 [&amp;&lt;encoded_tag_closed \/&gt;p]:my-0\">\n<p class=\"my-2 [&amp;+p]:mt-4 [&amp;_strong:has(+br)]:inline-block [&amp;_strong:has(+br)]:pb-2\">Lassen Sie das K\u00e4ltemittel nicht absichtlich in die Atmosph\u00e4re ab \u2013 erholen Sie es mit der richtigen Ausr\u00fcstung<\/p>\n<\/li>\n<li class=\"py-0 my-0 prose-p:pt-0 prose-p:mb-2 prose-p:my-0 [&amp;&lt;encoded_tag_closed \/&gt;p]:pt-0 [&amp;&lt;encoded_tag_closed \/&gt;p]:mb-2 [&amp;&lt;encoded_tag_closed \/&gt;p]:my-0\">\n<p class=\"my-2 [&amp;+p]:mt-4 [&amp;_strong:has(+br)]:inline-block [&amp;_strong:has(+br)]:pb-2\">Bewahren Sie die Zylinder aufrecht an einem k\u00fchlen, trockenen Ort auf, gesch\u00fctzt vor direkter Sonneneinstrahlung<\/p>\n<\/li>\n<\/ul>\n<p class=\"my-2 [&amp;+p]:mt-4 [&amp;_strong:has(+br)]:inline-block [&amp;_strong:has(+br)]:pb-2\">Befolgen Sie die Empfehlungen im Sicherheitsdatenblatt und respektieren Sie die geltenden F\u2011Gas-Vorschriften in Ihrem Land.<\/p>\n<h2 id=\"compatibility-and-connections\" class=\"font-editorial font-bold mb-2 mt-4 [.has-inline-images_&amp;]:clear-end text-base first:mt-0\">Kompatibilit\u00e4t und Verbindungen<\/h2>\n<p class=\"my-2 [&amp;+p]:mt-4 [&amp;_strong:has(+br)]:inline-block [&amp;_strong:has(+br)]:pb-2\">Dieser 900 g Lindal-Ventilzylinder R134a 7\/16 ist ausgelegt f\u00fcr:<\/p>\n<ul class=\"marker:text-quiet list-disc pl-8\">\n<li class=\"py-0 my-0 prose-p:pt-0 prose-p:mb-2 prose-p:my-0 [&amp;&lt;encoded_tag_closed \/&gt;p]:pt-0 [&amp;&lt;encoded_tag_closed \/&gt;p]:mb-2 [&amp;&lt;encoded_tag_closed \/&gt;p]:my-0\">\n<p class=\"my-2 [&amp;+p]:mt-4 [&amp;_strong:has(+br)]:inline-block [&amp;_strong:has(+br)]:pb-2\">Serviceschl\u00e4uche und Verteilermessger\u00e4tes\u00e4tze mit 7\/16&#8243; Innengewindeanschluss<\/p>\n<\/li>\n<li class=\"py-0 my-0 prose-p:pt-0 prose-p:mb-2 prose-p:my-0 [&amp;&gt;p]:pt-0 [&amp;&gt;p]:mb-2 [&amp;&gt;p]:my-0\">\n<p class=\"my-2 [&amp;+p]:mt-4 [&amp;_strong:has(+br)]:inline-block [&amp;_strong:has(+br)]:pb-2\">Standardm\u00e4\u00dfige AC-Serviceausr\u00fcstung f\u00fcr Kraftfahrzeuge, kompatibel mit R134a<\/p>\n<\/li>\n<li class=\"py-0 my-0 prose-p:pt-0 prose-p:mb-2 prose-p:my-0 [&amp;&gt;p]:pt-0 [&amp;&gt;p]:mb-2 [&amp;&gt;p]:my-0\">\n<p class=\"my-2 [&amp;+p]:mt-4 [&amp;_strong:has(+br)]:inline-block [&amp;_strong:has(+br)]:pb-2\">Viele Aftermarket-Werkzeuge und Adapter, die im Automobil- und HVAC-Sektor verwendet werden<\/p>\n<\/li>\n<\/ul>\n<p class=\"my-2 [&amp;+p]:mt-4 [&amp;_strong:has(+br)]:inline-block [&amp;_strong:has(+br)]:pb-2\">Wenn Sie sich \u00fcber den Anschlussstandard Ihrer Werkzeuge nicht sicher sind, \u00fcberpr\u00fcfen Sie vor dem Anschluss des Zylinders die Dokumentation des Herstellers.<\/p>\n<h2 id=\"frequently-asked-questions\" class=\"font-editorial font-bold mb-2 mt-4 [.has-inline-images_&amp;]:clear-end text-base first:mt-0\">h\u00e4ufig gestellte Fragen<\/h2>\n<p class=\"my-2 [&amp;+p]:mt-4 [&amp;_strong:has(+br)]:inline-block [&amp;_strong:has(+br)]:pb-2\"><strong>Ist dieser 900-g-Zylinder R134a zum Aufladen von Klimaanlagen im Auto geeignet?<\/strong><br \/>\nJa. Solange das Fahrzeug R134a als Original-K\u00e4ltemittel verwendet, ist dieser Zylinder f\u00fcr die professionelle Wechselstromaufladung im Auto geeignet. <\/p>\n<p class=\"my-2 [&amp;+p]:mt-4 [&amp;_strong:has(+br)]:inline-block [&amp;_strong:has(+br)]:pb-2\"><strong>Ben\u00f6tige ich einen Adapter f\u00fcr das Lindal 7\/16 Ventil?<\/strong><br \/>\nDie meisten modernen R134a-Serviceschl\u00e4uche und -Messger\u00e4te verwenden einen 7\/16-Zoll-Anschluss, der mit Lindal-Selbstdichtungsventilen\u2011 kompatibel ist. Wenn Ihr Tool einen anderen Standard verwendet, ben\u00f6tigen Sie m\u00f6glicherweise einen Adapter. <\/p>\n<p class=\"my-2 [&amp;+p]:mt-4 [&amp;_strong:has(+br)]:inline-block [&amp;_strong:has(+br)]:pb-2\"><strong>K\u00f6nnen Sie dieses Produkt innerhalb der EU versenden?<\/strong><br \/>\nJa, der Zylinder ist f\u00fcr den regulierten Transport von unter Druck stehendem K\u00e4ltemittel innerhalb der Europ\u00e4ischen Union gem\u00e4\u00df den ADR- und T\u2011PED-Regeln ausgelegt. \u00dcberpr\u00fcfen Sie vor der Bestellung die spezifischen Einschr\u00e4nkungen f\u00fcr Ihr Land. <\/p>\n<p class=\"my-2 [&amp;+p]:mt-4 [&amp;_strong:has(+br)]:inline-block [&amp;_strong:has(+br)]:pb-2\">Wird R134a schrittweise abgebaut?<br \/>\nR134a unterliegt aufgrund seines Treibhauspotenzials der HFC-Phase\u2011down gem\u00e4\u00df der F\u2011Gas-Verordnung der EU. Es wird jedoch weiterhin h\u00e4ufig in bestehenden Systemen verwendet und Serviceprodukte wie dieses werden weiterhin f\u00fcr Wartung und Reparatur ben\u00f6tigt. <\/p>\n<p class=\"my-2 [&amp;+p]:mt-4 [&amp;_strong:has(+br)]:inline-block [&amp;_strong:has(+br)]:pb-2\">Externe DoFollow-Links (K\u00e4ltemittelquellen mit hoher Autorit\u00e4t):<\/p>\n<ul class=\"marker:text-quiet list-disc pl-8\">\n<li class=\"py-0 my-0 prose-p:pt-0 prose-p:mb-2 prose-p:my-0 [&amp;&lt;encoded_tag_closed \/&gt;p]:pt-0 [&amp;&lt;encoded_tag_closed \/&gt;p]:mb-2 [&amp;&lt;encoded_tag_closed \/&gt;p]:my-0\">\n<p class=\"my-2 [&amp;+p]:mt-4 [&amp;_strong:has(+br)]:inline-block [&amp;_strong:has(+br)]:pb-2\">&#8222;R134a properties&#8220; \u2192 https:\/\/en.wikipedia.org\/wiki\/1,1,1,2-Tetrafluoroethane<\/p>\n<\/li>\n<li class=\"py-0 my-0 prose-p:pt-0 prose-p:mb-2 prose-p:my-0 [&amp;&lt;encoded_tag_closed \/&gt;p]:pt-0 [&amp;&lt;encoded_tag_closed \/&gt;p]:mb-2 [&amp;&lt;encoded_tag_closed \/&gt;p]:my-0\">\n<p class=\"my-2 [&amp;+p]:mt-4 [&amp;_strong:has(+br)]:inline-block [&amp;_strong:has(+br)]:pb-2\">&#8222;F-Gas regulations&#8220; \u2192 https:\/\/ec.europa.eu\/clima\/eu-action\/f-gas-regulation_en<\/p>\n<\/li>\n<\/ul>\n<h2 id=\"order-your-r134a-900g-lindal-valve-cylinder\" class=\"font-editorial font-bold mb-2 mt-4 [.has-inline-images_&amp;]:clear-end text-base first:mt-0\">Bestellen Sie Ihren R134a 900g Lindal Ventilzylinder<\/h2>\n<p class=\"my-2 [&amp;+p]:mt-4 [&amp;_strong:has(+br)]:inline-block [&amp;_strong:has(+br)]:pb-2\">Dieser R134a 900g Zylinder mit Lindal 7\/16 Ventil bietet ein praktisches Gleichgewicht zwischen Gr\u00f6\u00dfe, Sicherheit und Leistung. Es ist eine ausgezeichnete Wahl f\u00fcr Werkst\u00e4tten, mobile Techniker und HVAC-Profis, die eine gebrauchsfertige \u2011to\u2011 L\u00f6sung f\u00fcr R134 a-Systeme ben\u00f6tigen. <\/p>\n<p class=\"my-2 [&amp;+p]:mt-4 [&amp;_strong:has(+br)]:inline-block [&amp;_strong:has(+br)]:pb-2\">Legen Sie es noch heute in Ihren Warenkorb und profitieren Sie von schnellem EU-Versand und professioneller\u2011Qualit\u00e4t f\u00fcr Ihren n\u00e4chsten AC- oder K\u00fchlservice-Job.<\/p>\n<p>&nbsp;<\/p>\n<p>**<strong>Recommended Resources<\/strong>:**<br \/>\nLearn more about [R134a properties](https:\/\/en.wikipedia.org\/wiki\/1,1,1,2-Tetrafluoroethane).<br \/>\nCheck EU [F-Gas regulations](https:\/\/ec.europa.eu\/clima\/eu-action\/f-gas-regulation_en).<\/p>\n<p>**<strong>Related Products<\/strong>:**<br \/>\n&#8211; [Refrigerant Gases Category](\/refrigerants\/)<br \/>\n&#8211; [R410A Pressure Gauge Kits](\/product\/r410a-kit-pressure-gauge\/)<\/p>\n","protected":false},"excerpt":{"rendered":"<p>Hochwertiger R134a 900g Zylinder mit Lindal 7\/16 Ventil. Ideal zum Aufladen und Warten von Klimaanlagen in Kraftfahrzeugen. Schnelle Lieferung in der gesamten EU.  <\/p>\n","protected":false},"featured_media":6739,"comment_status":"open","ping_status":"closed","template":"","meta":{"site-sidebar-layout":"default","site-content-layout":"","ast-site-content-layout":"default","site-content-style":"default","site-sidebar-style":"default","ast-global-header-display":"","ast-banner-title-visibility":"","ast-main-header-display":"","ast-hfb-above-header-display":"","ast-hfb-below-header-display":"","ast-hfb-mobile-header-display":"","site-post-title":"","ast-breadcrumbs-content":"","ast-featured-img":"","footer-sml-layout":"","ast-disable-related-posts":"","theme-transparent-header-meta":"default","adv-header-id-meta":"","stick-header-meta":"","header-above-stick-meta":"","header-main-stick-meta":"","header-below-stick-meta":"","astra-migrate-meta-layouts":"default","ast-page-background-enabled":"default","ast-page-background-meta":{"desktop":{"background-color":"","background-image":"","background-repeat":"repeat","background-position":"center center","background-size":"auto","background-attachment":"scroll","background-type":"","background-media":"","overlay-type":"","overlay-color":"","overlay-opacity":"","overlay-gradient":""},"tablet":{"background-color":"","background-image":"","background-repeat":"repeat","background-position":"center center","background-size":"auto","background-attachment":"scroll","background-type":"","background-media":"","overlay-type":"","overlay-color":"","overlay-opacity":"","overlay-gradient":""},"mobile":{"background-color":"","background-image":"","background-repeat":"repeat","background-position":"center center","background-size":"auto","background-attachment":"scroll","background-type":"","background-media":"","overlay-type":"","overlay-color":"","overlay-opacity":"","overlay-gradient":""}},"ast-content-background-meta":{"desktop":{"background-color":"var(--ast-global-color-5)","background-image":"","background-repeat":"repeat","background-position":"center center","background-size":"auto","background-attachment":"scroll","background-type":"","background-media":"","overlay-type":"","overlay-color":"","overlay-opacity":"","overlay-gradient":""},"tablet":{"background-color":"var(--ast-global-color-5)","background-image":"","background-repeat":"repeat","background-position":"center center","background-size":"auto","background-attachment":"scroll","background-type":"","background-media":"","overlay-type":"","overlay-color":"","overlay-opacity":"","overlay-gradient":""},"mobile":{"background-color":"var(--ast-global-color-5)","background-image":"","background-repeat":"repeat","background-position":"center center","background-size":"auto","background-attachment":"scroll","background-type":"","background-media":"","overlay-type":"","overlay-color":"","overlay-opacity":"","overlay-gradient":""}}},"product_brand":[],"product_cat":[210],"product_tag":[],"class_list":{"0":"post-6735","1":"product","2":"type-product","3":"status-publish","4":"has-post-thumbnail","6":"product_cat-r134a-de","7":"product_shipping_class-produkt-370gr-900gr-de","8":"desktop-align-center","9":"tablet-align-left","10":"mobile-align-left","12":"first","13":"instock","14":"shipping-taxable","15":"purchasable","16":"product-type-simple"},"_links":{"self":[{"href":"https:\/\/torettorefrigerant.com\/de\/wp-json\/wp\/v2\/product\/6735","targetHints":{"allow":["GET"]}}],"collection":[{"href":"https:\/\/torettorefrigerant.com\/de\/wp-json\/wp\/v2\/product"}],"about":[{"href":"https:\/\/torettorefrigerant.com\/de\/wp-json\/wp\/v2\/types\/product"}],"replies":[{"embeddable":true,"href":"https:\/\/torettorefrigerant.com\/de\/wp-json\/wp\/v2\/comments?post=6735"}],"version-history":[{"count":0,"href":"https:\/\/torettorefrigerant.com\/de\/wp-json\/wp\/v2\/product\/6735\/revisions"}],"wp:featuredmedia":[{"embeddable":true,"href":"https:\/\/torettorefrigerant.com\/de\/wp-json\/wp\/v2\/media\/6739"}],"wp:attachment":[{"href":"https:\/\/torettorefrigerant.com\/de\/wp-json\/wp\/v2\/media?parent=6735"}],"wp:term":[{"taxonomy":"product_brand","embeddable":true,"href":"https:\/\/torettorefrigerant.com\/de\/wp-json\/wp\/v2\/product_brand?post=6735"},{"taxonomy":"product_cat","embeddable":true,"href":"https:\/\/torettorefrigerant.com\/de\/wp-json\/wp\/v2\/product_cat?post=6735"},{"taxonomy":"product_tag","embeddable":true,"href":"https:\/\/torettorefrigerant.com\/de\/wp-json\/wp\/v2\/product_tag?post=6735"}],"curies":[{"name":"wp","href":"https:\/\/api.w.org\/{rel}","templated":true}]}}