{"id":4757,"date":"2025-05-10T15:47:01","date_gmt":"2025-05-10T15:47:01","guid":{"rendered":"https:\/\/torettorefrigerant.com\/product\/r290-kaeltemittel-370g\/"},"modified":"2025-05-10T15:47:01","modified_gmt":"2025-05-10T15:47:01","slug":"r290-kaeltemittel-370g","status":"publish","type":"product","link":"https:\/\/torettorefrigerant.com\/de\/product\/r290-kaeltemittel-370g\/","title":{"rendered":"R290 K\u00e4ltemittel 370g"},"content":{"rendered":"<p data-start=\"2001\" data-end=\"2091\"><strong data-start=\"2001\" data-end=\"2091\">R290 K\u00e4ltemittel &#8211; 370g Zylinder mit 7\/16-20 Ventil | T-PED zertifiziert | Entflammbar (A3)<\/strong><\/p>\n<p data-start=\"2093\" data-end=\"2370\">Das K\u00e4ltemittel R290 (370g) ist ein hocheffizientes, umweltfreundliches Propangas, das in Haushalts- und gewerblichen K\u00fchlsystemen verwendet wird. Mit einem sehr niedrigen globalen Erw\u00e4rmungspotenzial (GWP von 3) ist es die nachhaltige Wahl f\u00fcr K\u00fchlschr\u00e4nke, Gefrierschr\u00e4nke, Klimaanlagen und Anzeigeger\u00e4te. <\/p>\n<p data-start=\"2372\" data-end=\"2408\"><strong data-start=\"2374\" data-end=\"2406\">\u2705 Vorteile von R290 K\u00e4ltemittel<\/strong><\/p>\n<ul data-start=\"2409\" data-end=\"2607\">\n<li data-start=\"2409\" data-end=\"2444\">\n<p data-start=\"2411\" data-end=\"2444\"><strong data-start=\"2411\" data-end=\"2427\">Umweltfreundlich<\/strong>: Ultra-low GWP<\/p>\n<\/li>\n<li data-start=\"2445\" data-end=\"2489\">\n<p data-start=\"2447\" data-end=\"2489\"><strong data-start=\"2447\" data-end=\"2462\">Kosteneinsparung<\/strong>: Hohe K\u00fchlleistung<\/p>\n<\/li>\n<li data-start=\"2490\" data-end=\"2545\">\n<p data-start=\"2492\" data-end=\"2545\"><strong data-start=\"2492\" data-end=\"2512\">Breite Anwendung<\/strong>: Inl\u00e4ndische und industrielle Systeme<\/p>\n<\/li>\n<li data-start=\"2546\" data-end=\"2607\">\n<p data-start=\"2548\" data-end=\"2607\"><strong data-start=\"2548\" data-end=\"2568\">Zertifizierte Sicherheit<\/strong>: T-PED\/ EN 13322-1 konforme Flasche<\/p>\n<\/li>\n<\/ul>\n<p data-start=\"2609\" data-end=\"2642\"><strong data-start=\"2612\" data-end=\"2640\">\ud83d\udd27 Technische Daten<\/strong><\/p>\n<div class=\"_tableContainer_16hzy_1\">\n<div class=\"_tableWrapper_16hzy_14 group flex w-fit flex-col-reverse\" tabindex=\"-1\">\n<table class=\"w-fit min-w-(--thread-content-width)\" data-start=\"2643\" data-end=\"3058\">\n<thead data-start=\"2643\" data-end=\"2694\">\n<tr data-start=\"2643\" data-end=\"2694\">\n<th data-start=\"2643\" data-end=\"2662\" data-col-size=\"sm\">Grundst\u00fcck<\/th>\n<th data-start=\"2662\" data-end=\"2694\" data-col-size=\"sm\">Details<\/th>\n<\/tr>\n<\/thead>\n<tbody data-start=\"2747\" data-end=\"3058\">\n<tr data-start=\"2747\" data-end=\"2798\">\n<td data-start=\"2747\" data-end=\"2766\" data-col-size=\"sm\">Nettogewicht<\/td>\n<td data-start=\"2766\" data-end=\"2798\" data-col-size=\"sm\">370g<\/td>\n<\/tr>\n<tr data-start=\"2799\" data-end=\"2850\">\n<td data-start=\"2799\" data-end=\"2818\" data-col-size=\"sm\">Ventil<\/td>\n<td data-col-size=\"sm\" data-start=\"2818\" data-end=\"2850\">7\/16-20 (Schraubverbindung)<\/td>\n<\/tr>\n<tr data-start=\"2851\" data-end=\"2902\">\n<td data-start=\"2851\" data-end=\"2870\" data-col-size=\"sm\">Type<\/td>\n<td data-col-size=\"sm\" data-start=\"2870\" data-end=\"2902\">R290 (Propane)<\/td>\n<\/tr>\n<tr data-start=\"2903\" data-end=\"2954\">\n<td data-start=\"2903\" data-end=\"2922\" data-col-size=\"sm\">GWP<\/td>\n<td data-col-size=\"sm\" data-start=\"2922\" data-end=\"2954\">3<\/td>\n<\/tr>\n<tr data-start=\"2955\" data-end=\"3006\">\n<td data-start=\"2955\" data-end=\"2974\" data-col-size=\"sm\">Sicherheitsklasse<\/td>\n<td data-col-size=\"sm\" data-start=\"2974\" data-end=\"3006\">A3 &#8211; Leicht entz\u00fcndlich<\/td>\n<\/tr>\n<tr data-start=\"3007\" data-end=\"3058\">\n<td data-start=\"3007\" data-end=\"3026\" data-col-size=\"sm\">Zertifizierung<\/td>\n<td data-start=\"3026\" data-end=\"3058\" data-col-size=\"sm\">T-PED \/ EN 13322-1<\/td>\n<\/tr>\n<\/tbody>\n<\/table>\n<div class=\"sticky end-(--thread-content-margin) h-0 self-end select-none\">\n<div class=\"absolute end-0 flex items-end\"><\/div>\n<\/div>\n<\/div>\n<\/div>\n<p data-start=\"3060\" data-end=\"3246\">\ud83d\udce6 <strong data-start=\"3063\" data-end=\"3088\">Versand &amp; Compliance<\/strong><br data-start=\"3088\" data-end=\"3091\">Versand innerhalb der EU in 24-48 Stunden mit sicherer Verpackung. F\u00fcr den professionellen Einsatz gem\u00e4\u00df EU-F-Gas-Vorschriften. CE-konforme nachf\u00fcllbare Stahlzylinder enthalten.  <\/p>\n","protected":false},"excerpt":{"rendered":"<p data-start=\"3279\" data-end=\"3497\">Premium R290 K\u00e4ltemittel (370g) in T-PED zertifiziertem Zylinder mit 7\/16-20 Ventil. Brennbares A3-Gas, ideal f\u00fcr K\u00fchlschr\u00e4nke, A\/ C-Systeme und kommerzielle K\u00fchlung. Umweltfreundlich, langlebig und entspricht den EU-Standards. GWP: 3.   <\/p>\n","protected":false},"featured_media":5435,"comment_status":"open","ping_status":"closed","template":"","meta":{"site-sidebar-layout":"default","site-content-layout":"default","ast-site-content-layout":"default","site-content-style":"default","site-sidebar-style":"default","ast-global-header-display":"","ast-banner-title-visibility":"","ast-main-header-display":"","ast-hfb-above-header-display":"","ast-hfb-below-header-display":"","ast-hfb-mobile-header-display":"","site-post-title":"","ast-breadcrumbs-content":"","ast-featured-img":"","footer-sml-layout":"","theme-transparent-header-meta":"default","adv-header-id-meta":"","stick-header-meta":"default","header-above-stick-meta":"","header-main-stick-meta":"","header-below-stick-meta":"","astra-migrate-meta-layouts":"default","ast-page-background-enabled":"default","ast-page-background-meta":{"desktop":{"background-color":"","background-image":"","background-repeat":"repeat","background-position":"center center","background-size":"auto","background-attachment":"scroll","background-type":"","background-media":"","overlay-type":"","overlay-color":"","overlay-opacity":"","overlay-gradient":""},"tablet":{"background-color":"","background-image":"","background-repeat":"repeat","background-position":"center center","background-size":"auto","background-attachment":"scroll","background-type":"","background-media":"","overlay-type":"","overlay-color":"","overlay-opacity":"","overlay-gradient":""},"mobile":{"background-color":"","background-image":"","background-repeat":"repeat","background-position":"center center","background-size":"auto","background-attachment":"scroll","background-type":"","background-media":"","overlay-type":"","overlay-color":"","overlay-opacity":"","overlay-gradient":""}},"ast-content-background-meta":{"desktop":{"background-color":"var(--ast-global-color-5)","background-image":"","background-repeat":"repeat","background-position":"center center","background-size":"auto","background-attachment":"scroll","background-type":"","background-media":"","overlay-type":"","overlay-color":"","overlay-opacity":"","overlay-gradient":""},"tablet":{"background-color":"var(--ast-global-color-5)","background-image":"","background-repeat":"repeat","background-position":"center center","background-size":"auto","background-attachment":"scroll","background-type":"","background-media":"","overlay-type":"","overlay-color":"","overlay-opacity":"","overlay-gradient":""},"mobile":{"background-color":"var(--ast-global-color-5)","background-image":"","background-repeat":"repeat","background-position":"center center","background-size":"auto","background-attachment":"scroll","background-type":"","background-media":"","overlay-type":"","overlay-color":"","overlay-opacity":"","overlay-gradient":""}}},"product_brand":[],"product_cat":[230],"product_tag":[218,214],"class_list":{"0":"post-4757","1":"product","2":"type-product","3":"status-publish","4":"has-post-thumbnail","6":"product_cat-r290-de","7":"product_tag-freon-de","8":"product_tag-kaltemittel-de-2","9":"desktop-align-center","10":"tablet-align-left","11":"mobile-align-left","13":"first","14":"instock","15":"sale","16":"featured","17":"shipping-taxable","18":"purchasable","19":"product-type-simple"},"_links":{"self":[{"href":"https:\/\/torettorefrigerant.com\/de\/wp-json\/wp\/v2\/product\/4757","targetHints":{"allow":["GET"]}}],"collection":[{"href":"https:\/\/torettorefrigerant.com\/de\/wp-json\/wp\/v2\/product"}],"about":[{"href":"https:\/\/torettorefrigerant.com\/de\/wp-json\/wp\/v2\/types\/product"}],"replies":[{"embeddable":true,"href":"https:\/\/torettorefrigerant.com\/de\/wp-json\/wp\/v2\/comments?post=4757"}],"version-history":[{"count":0,"href":"https:\/\/torettorefrigerant.com\/de\/wp-json\/wp\/v2\/product\/4757\/revisions"}],"wp:featuredmedia":[{"embeddable":true,"href":"https:\/\/torettorefrigerant.com\/de\/wp-json\/wp\/v2\/media\/5435"}],"wp:attachment":[{"href":"https:\/\/torettorefrigerant.com\/de\/wp-json\/wp\/v2\/media?parent=4757"}],"wp:term":[{"taxonomy":"product_brand","embeddable":true,"href":"https:\/\/torettorefrigerant.com\/de\/wp-json\/wp\/v2\/product_brand?post=4757"},{"taxonomy":"product_cat","embeddable":true,"href":"https:\/\/torettorefrigerant.com\/de\/wp-json\/wp\/v2\/product_cat?post=4757"},{"taxonomy":"product_tag","embeddable":true,"href":"https:\/\/torettorefrigerant.com\/de\/wp-json\/wp\/v2\/product_tag?post=4757"}],"curies":[{"name":"wp","href":"https:\/\/api.w.org\/{rel}","templated":true}]}}