{"id":4551,"date":"2025-05-16T14:10:08","date_gmt":"2025-05-16T14:10:08","guid":{"rendered":"https:\/\/torettorefrigerant.com\/product\/r410a-kaeltemittel-10-kg\/"},"modified":"2025-06-10T17:29:17","modified_gmt":"2025-06-10T17:29:17","slug":"r410a-kaeltemittel-10-kg","status":"publish","type":"product","link":"https:\/\/torettorefrigerant.com\/de\/product\/r410a-kaeltemittel-10-kg\/","title":{"rendered":"R410A K\u00e4ltemittel 10 Kg"},"content":{"rendered":"<h2>Produkt\u00fcbersicht<\/h2>\n<p>Sie suchen ein leistungsstarkes K\u00e4ltemittel f\u00fcr Ihre K\u00fchlsysteme? Unser R410A-K\u00e4ltemittelgas wird in einem 10kg T-PED\/EN 13322-1 zertifizierten Zylinder mit einem professionellen 1\/4&#8243; SAE-Ventil geliefert. Dieses hochwertige Produkt entspricht den UN 3163-Vorschriften und gew\u00e4hrleistet einen sicheren Transport in ganz Europa.<\/p>\n<h2>\u00dcberlegene Eigenschaften<\/h2>\n<p>Unser K\u00e4ltemittel R410A ist speziell f\u00fcr eine optimale K\u00fchleffizienz in privaten und gewerblichen Anwendungen entwickelt worden. Der Zylinder verf\u00fcgt \u00fcber eine robuste Stahlkonstruktion mit CE-Zertifizierung gem\u00e4\u00df der Richtlinie F-GAS 517\/2014 &#8211; TPED &#8211; CE &#8211; REACH<sup class=\"inline not-prose select-none [&amp;&lt;encoded_tag_closed \/&gt;a]:rounded-2xl [&amp;&lt;encoded_tag_closed \/&gt;a]:border [&amp;&lt;encoded_tag_closed \/&gt;a]:px-1.5 [&amp;&lt;encoded_tag_closed \/&gt;a]:py-0.5 [&amp;&lt;encoded_tag_closed \/&gt;a]:transition-colors shadow [&amp;&lt;encoded_tag_closed \/&gt;a]:bg-ds-bg-subtle [&amp;&lt;encoded_tag_closed \/&gt;a]:text-xs [&amp;&lt;encoded_tag_closed \/&gt;svg]:w-4 [&amp;&lt;encoded_tag_closed \/&gt;svg]:h-4 relative -top-[2px] citation-shimmer no-underline\" style=\"box-sizing: border-box; border: 0px solid #e4e4e7; scrollbar-color: rgba(39, 39, 42, 0.6) #ffffff; scrollbar-width: thin; scroll-behavior: smooth; --scrollbar-track: hsl(0 0% 100%); --scrollbar-thumb: rgba(39,39,42,.6); --scrollbar-track-radius: 0.5rem; --scrollbar-thumb-radius: 0.5rem; --scrollbar-corner-radius: 0.5rem; --tw-border-spacing-x: 0; --tw-border-spacing-y: 0; --tw-translate-x: 0; --tw-translate-y: 0; --tw-rotate: 0; --tw-skew-x: 0; --tw-skew-y: 0; --tw-scale-x: 1; --tw-scale-y: 1; --tw-scroll-snap-strictness: proximity; --tw-ring-offset-width: 0px; --tw-ring-offset-color: #fff; --tw-ring-color: rgba(59,130,246,.5); --tw-ring-offset-shadow: 0 0 #0000; --tw-ring-shadow: 0 0 #0000; --tw-shadow: 0 1px 3px 0 rgba(0,0,0,.1),0 1px 2px -1px rgba(0,0,0,.1); --tw-shadow-colored: 0 1px 3px 0 var(--tw-shadow-color),0 1px 2px -1px var(--tw-shadow-color); font-size: 12px; line-height: 0; position: relative; vertical-align: baseline; top: -2px; display: inline; user-select: none; text-decoration-line: none; box-shadow: rgba(0, 0, 0, 0) 0px 0px 0px 0px, rgba(0, 0, 0, 0) 0px 0px 0px 0px, rgba(0, 0, 0, 0.1) 0px 1px 3px 0px, rgba(0, 0, 0, 0.1) 0px 1px 2px -1px; overflow-anchor: none;\" data-citation=\"5\"><a class=\"not-prose group inline break-all rounded-md px-1 text-sm font-medium text-ds-text-info focus-visible:outline-none focus-visible:ring-1 focus-visible:ring-ring md:text-base\" title=\"Gesetzliche K\u00e4ltemittel - Entalpia Europe\" href=\"https:\/\/entalpiaeurope.eu\/en\/refigerants\/#:~:text=We%20trade%20refrigerants%20in%20accordance,%E2%80%93%20CE%20%E2%80%93%20REACH%20directive%2E\" target=\"_blank\" rel=\"noopener\"><span class=\"underline\">5<\/span><\/a><\/sup>. Das nachf\u00fcllbare Design macht ihn au\u00dferdem sowohl wirtschaftlich als auch umweltvertr\u00e4glich.<\/p>\n<h2>Sicherheitsstandards<\/h2>\n<p>Sicherheit hat f\u00fcr uns oberste Priorit\u00e4t. Jeder Zylinder erf\u00fcllt strenge Qualit\u00e4ts- und Sicherheitsstandards<sup class=\"inline not-prose select-none [&amp;&lt;encoded_tag_closed \/&gt;a]:rounded-2xl [&amp;&lt;encoded_tag_closed \/&gt;a]:border [&amp;&lt;encoded_tag_closed \/&gt;a]:px-1.5 [&amp;&lt;encoded_tag_closed \/&gt;a]:py-0.5 [&amp;&lt;encoded_tag_closed \/&gt;a]:transition-colors shadow [&amp;&lt;encoded_tag_closed \/&gt;a]:bg-ds-bg-subtle [&amp;&lt;encoded_tag_closed \/&gt;a]:text-xs [&amp;&lt;encoded_tag_closed \/&gt;svg]:w-4 [&amp;&lt;encoded_tag_closed \/&gt;svg]:h-4 relative -top-[2px] citation-shimmer no-underline\" style=\"box-sizing: border-box; border: 0px solid #e4e4e7; scrollbar-color: rgba(39, 39, 42, 0.6) #ffffff; scrollbar-width: thin; scroll-behavior: smooth; --scrollbar-track: hsl(0 0% 100%); --scrollbar-thumb: rgba(39,39,42,.6); --scrollbar-track-radius: 0.5rem; --scrollbar-thumb-radius: 0.5rem; --scrollbar-corner-radius: 0.5rem; --tw-border-spacing-x: 0; --tw-border-spacing-y: 0; --tw-translate-x: 0; --tw-translate-y: 0; --tw-rotate: 0; --tw-skew-x: 0; --tw-skew-y: 0; --tw-scale-x: 1; --tw-scale-y: 1; --tw-scroll-snap-strictness: proximity; --tw-ring-offset-width: 0px; --tw-ring-offset-color: #fff; --tw-ring-color: rgba(59,130,246,.5); --tw-ring-offset-shadow: 0 0 #0000; --tw-ring-shadow: 0 0 #0000; --tw-shadow: 0 1px 3px 0 rgba(0,0,0,.1),0 1px 2px -1px rgba(0,0,0,.1); --tw-shadow-colored: 0 1px 3px 0 var(--tw-shadow-color),0 1px 2px -1px var(--tw-shadow-color); font-size: 12px; line-height: 0; position: relative; vertical-align: baseline; top: -2px; display: inline; user-select: none; text-decoration-line: none; box-shadow: rgba(0, 0, 0, 0) 0px 0px 0px 0px, rgba(0, 0, 0, 0) 0px 0px 0px 0px, rgba(0, 0, 0, 0.1) 0px 1px 3px 0px, rgba(0, 0, 0, 0.1) 0px 1px 2px -1px; overflow-anchor: none;\" data-citation=\"5\"><a class=\"not-prose group inline break-all rounded-md px-1 text-sm font-medium text-ds-text-info focus-visible:outline-none focus-visible:ring-1 focus-visible:ring-ring md:text-base\" title=\"Gesetzliche K\u00e4ltemittel - Entalpia Europe\" href=\"https:\/\/entalpiaeurope.eu\/en\/refigerants\/#:~:text=All%20refrigerants%20meet%20stringent%20quality%20and%20safety%20standards%2E\" target=\"_blank\" rel=\"noopener\"><span class=\"underline\">5<\/span><\/a><\/sup> mit T-PED\/EN 13322-1 Zertifizierung. Das professionelle 1\/4&#8243; SAE-Ventil gew\u00e4hrleistet eine sichere Handhabung bei allen Servicearbeiten. Dar\u00fcber hinaus werden alle Flaschen vor dem Versand einer Druck- und Dichtigkeitspr\u00fcfung unterzogen.<\/p>\n<h2>Vielseitige Anwendungen<\/h2>\n<p>R410A ist ideal f\u00fcr eine breite Palette von K\u00fchlanwendungen, darunter:<\/p>\n<ul>\n<li>Split-Klimaanlagen<\/li>\n<li>W\u00e4rmepumpen<\/li>\n<li>Gewerbliche K\u00fchlger\u00e4te<\/li>\n<li>Neue Installationen<\/li>\n<li>Wartung des Systems<\/li>\n<\/ul>\n<h2>Umweltbezogene \u00dcberlegungen<\/h2>\n<p>Mit einem GWP (Global Warming Potential) von 2088 ist unser K\u00e4ltemittel R410A f\u00fcr Fachleute gedacht, die zuverl\u00e4ssige Leistung ben\u00f6tigen und gleichzeitig die Umweltvorschriften beachten m\u00fcssen. Bei der Lieferung erhalten Sie eine vollst\u00e4ndige Dokumentation, einschlie\u00dflich des Sicherheitsdatenblatts<sup class=\"inline not-prose select-none [&amp;&lt;encoded_tag_closed \/&gt;a]:rounded-2xl [&amp;&lt;encoded_tag_closed \/&gt;a]:border [&amp;&lt;encoded_tag_closed \/&gt;a]:px-1.5 [&amp;&lt;encoded_tag_closed \/&gt;a]:py-0.5 [&amp;&lt;encoded_tag_closed \/&gt;a]:transition-colors shadow [&amp;&lt;encoded_tag_closed \/&gt;a]:bg-ds-bg-subtle [&amp;&lt;encoded_tag_closed \/&gt;a]:text-xs [&amp;&lt;encoded_tag_closed \/&gt;svg]:w-4 [&amp;&lt;encoded_tag_closed \/&gt;svg]:h-4 relative -top-[2px] citation-shimmer no-underline\" style=\"box-sizing: border-box; border: 0px solid #e4e4e7; scrollbar-color: rgba(39, 39, 42, 0.6) #ffffff; scrollbar-width: thin; scroll-behavior: smooth; --scrollbar-track: hsl(0 0% 100%); --scrollbar-thumb: rgba(39,39,42,.6); --scrollbar-track-radius: 0.5rem; --scrollbar-thumb-radius: 0.5rem; --scrollbar-corner-radius: 0.5rem; --tw-border-spacing-x: 0; --tw-border-spacing-y: 0; --tw-translate-x: 0; --tw-translate-y: 0; --tw-rotate: 0; --tw-skew-x: 0; --tw-skew-y: 0; --tw-scale-x: 1; --tw-scale-y: 1; --tw-scroll-snap-strictness: proximity; --tw-ring-offset-width: 0px; --tw-ring-offset-color: #fff; --tw-ring-color: rgba(59,130,246,.5); --tw-ring-offset-shadow: 0 0 #0000; --tw-ring-shadow: 0 0 #0000; --tw-shadow: 0 1px 3px 0 rgba(0,0,0,.1),0 1px 2px -1px rgba(0,0,0,.1); --tw-shadow-colored: 0 1px 3px 0 var(--tw-shadow-color),0 1px 2px -1px var(--tw-shadow-color); font-size: 12px; line-height: 0; position: relative; vertical-align: baseline; top: -2px; display: inline; user-select: none; text-decoration-line: none; box-shadow: rgba(0, 0, 0, 0) 0px 0px 0px 0px, rgba(0, 0, 0, 0) 0px 0px 0px 0px, rgba(0, 0, 0, 0.1) 0px 1px 3px 0px, rgba(0, 0, 0, 0.1) 0px 1px 2px -1px; overflow-anchor: none;\" data-citation=\"5\"><a class=\"not-prose group inline break-all rounded-md px-1 text-sm font-medium text-ds-text-info focus-visible:outline-none focus-visible:ring-1 focus-visible:ring-ring md:text-base\" title=\"Gesetzliche K\u00e4ltemittel - Entalpia Europe\" href=\"https:\/\/entalpiaeurope.eu\/en\/refigerants\/#:~:text=The%20Customer%20receives%20a%20complete,when%20the%20refrigerants%20are%20delivered%2E\" target=\"_blank\" rel=\"noopener\"><span class=\"underline\">5<\/span><\/a><\/sup>das in \u00dcbereinstimmung mit den geltenden Vorschriften erstellt wurde.<\/p>\n<h2>Qualit\u00e4tssicherung<\/h2>\n<p>Wir liefern ein v\u00f6llig legales und sicheres Produkt, immer in \u00dcbereinstimmung mit den geltenden Gesetzen<sup class=\"inline not-prose select-none [&amp;&lt;encoded_tag_closed \/&gt;a]:rounded-2xl [&amp;&lt;encoded_tag_closed \/&gt;a]:border [&amp;&lt;encoded_tag_closed \/&gt;a]:px-1.5 [&amp;&lt;encoded_tag_closed \/&gt;a]:py-0.5 [&amp;&lt;encoded_tag_closed \/&gt;a]:transition-colors shadow [&amp;&lt;encoded_tag_closed \/&gt;a]:bg-ds-bg-subtle [&amp;&lt;encoded_tag_closed \/&gt;a]:text-xs [&amp;&lt;encoded_tag_closed \/&gt;svg]:w-4 [&amp;&lt;encoded_tag_closed \/&gt;svg]:h-4 relative -top-[2px] citation-shimmer no-underline\" style=\"box-sizing: border-box; border: 0px solid #e4e4e7; scrollbar-color: rgba(39, 39, 42, 0.6) #ffffff; scrollbar-width: thin; scroll-behavior: smooth; --scrollbar-track: hsl(0 0% 100%); --scrollbar-thumb: rgba(39,39,42,.6); --scrollbar-track-radius: 0.5rem; --scrollbar-thumb-radius: 0.5rem; --scrollbar-corner-radius: 0.5rem; --tw-border-spacing-x: 0; --tw-border-spacing-y: 0; --tw-translate-x: 0; --tw-translate-y: 0; --tw-rotate: 0; --tw-skew-x: 0; --tw-skew-y: 0; --tw-scale-x: 1; --tw-scale-y: 1; --tw-scroll-snap-strictness: proximity; --tw-ring-offset-width: 0px; --tw-ring-offset-color: #fff; --tw-ring-color: rgba(59,130,246,.5); --tw-ring-offset-shadow: 0 0 #0000; --tw-ring-shadow: 0 0 #0000; --tw-shadow: 0 1px 3px 0 rgba(0,0,0,.1),0 1px 2px -1px rgba(0,0,0,.1); --tw-shadow-colored: 0 1px 3px 0 var(--tw-shadow-color),0 1px 2px -1px var(--tw-shadow-color); font-size: 12px; line-height: 0; position: relative; vertical-align: baseline; top: -2px; display: inline; user-select: none; text-decoration-line: none; box-shadow: rgba(0, 0, 0, 0) 0px 0px 0px 0px, rgba(0, 0, 0, 0) 0px 0px 0px 0px, rgba(0, 0, 0, 0.1) 0px 1px 3px 0px, rgba(0, 0, 0, 0.1) 0px 1px 2px -1px; overflow-anchor: none;\" data-citation=\"5\"><a class=\"not-prose group inline break-all rounded-md px-1 text-sm font-medium text-ds-text-info focus-visible:outline-none focus-visible:ring-1 focus-visible:ring-ring md:text-base\" title=\"Gesetzliche K\u00e4ltemittel - Entalpia Europe\" href=\"https:\/\/entalpiaeurope.eu\/en\/refigerants\/#:~:text=We%20provide%20a%20fully%20legal,in%20accordance%20with%20applicable%20laws%2E\" target=\"_blank\" rel=\"noopener\"><span class=\"underline\">5<\/span><\/a><\/sup>. Unsere Zylinder werden strengen Tests unterzogen, um die h\u00f6chste Qualit\u00e4t und Sicherheit f\u00fcr den professionellen Gebrauch zu gew\u00e4hrleisten. Das nachf\u00fcllbare Design bedeutet weniger Abfall und mehr Wert f\u00fcr Ihr Unternehmen.<\/p>\n<h2>Schneller Versand<\/h2>\n<p>Wir bieten eine prompte Lieferung in der gesamten EU. Alle Pakete entsprechen den strengen Sicherheitsrichtlinien f\u00fcr Gefahrguttransporte, so dass Sie sich bei jeder Bestellung keine Sorgen machen m\u00fcssen.<\/p>\n<p>W\u00e4hlen Sie unser K\u00e4ltemittel R410A f\u00fcr eine zuverl\u00e4ssige, effiziente und konforme K\u00fchlleistung in all Ihren HLK-Anwendungen!<\/p>\n","protected":false},"excerpt":{"rendered":"<p>Premium-K\u00e4ltemittel R410A (10kg) in T-PED\/EN 13322-1 zertifizierter Flasche mit professionellem 1\/4&#8243; SAE-Ventil. Entwickelt f\u00fcr private und gewerbliche Klimaanlagen und W\u00e4rmepumpen mit UN 3163-Konformit\u00e4t f\u00fcr den sicheren Transport. Mit CE-Zertifizierung, robuster Stahlkonstruktion und nachf\u00fcllbarem Design f\u00fcr eine nachhaltige Nutzung. Ideal f\u00fcr HLK-Profis, die eine zuverl\u00e4ssige K\u00fchlleistung mit einem <strong>GWP-Wert von 2088<\/strong> ben\u00f6tigen.<\/p>\n","protected":false},"featured_media":5423,"comment_status":"open","ping_status":"closed","template":"","meta":{"site-sidebar-layout":"default","site-content-layout":"default","ast-site-content-layout":"default","site-content-style":"default","site-sidebar-style":"default","ast-global-header-display":"","ast-banner-title-visibility":"","ast-main-header-display":"","ast-hfb-above-header-display":"","ast-hfb-below-header-display":"","ast-hfb-mobile-header-display":"","site-post-title":"","ast-breadcrumbs-content":"","ast-featured-img":"","footer-sml-layout":"","theme-transparent-header-meta":"default","adv-header-id-meta":"","stick-header-meta":"","header-above-stick-meta":"","header-main-stick-meta":"","header-below-stick-meta":"","astra-migrate-meta-layouts":"set","ast-page-background-enabled":"default","ast-page-background-meta":{"desktop":{"background-color":"","background-image":"","background-repeat":"repeat","background-position":"center center","background-size":"auto","background-attachment":"scroll","background-type":"","background-media":"","overlay-type":"","overlay-color":"","overlay-opacity":"","overlay-gradient":""},"tablet":{"background-color":"","background-image":"","background-repeat":"repeat","background-position":"center center","background-size":"auto","background-attachment":"scroll","background-type":"","background-media":"","overlay-type":"","overlay-color":"","overlay-opacity":"","overlay-gradient":""},"mobile":{"background-color":"","background-image":"","background-repeat":"repeat","background-position":"center center","background-size":"auto","background-attachment":"scroll","background-type":"","background-media":"","overlay-type":"","overlay-color":"","overlay-opacity":"","overlay-gradient":""}},"ast-content-background-meta":{"desktop":{"background-color":"var(--ast-global-color-5)","background-image":"","background-repeat":"repeat","background-position":"center center","background-size":"auto","background-attachment":"scroll","background-type":"","background-media":"","overlay-type":"","overlay-color":"","overlay-opacity":"","overlay-gradient":""},"tablet":{"background-color":"var(--ast-global-color-5)","background-image":"","background-repeat":"repeat","background-position":"center center","background-size":"auto","background-attachment":"scroll","background-type":"","background-media":"","overlay-type":"","overlay-color":"","overlay-opacity":"","overlay-gradient":""},"mobile":{"background-color":"var(--ast-global-color-5)","background-image":"","background-repeat":"repeat","background-position":"center center","background-size":"auto","background-attachment":"scroll","background-type":"","background-media":"","overlay-type":"","overlay-color":"","overlay-opacity":"","overlay-gradient":""}}},"product_brand":[],"product_cat":[180],"product_tag":[119,144,81,125,123,127],"class_list":{"0":"post-4551","1":"product","2":"type-product","3":"status-publish","4":"has-post-thumbnail","6":"product_cat-r410a","7":"product_tag-freon","8":"product_tag-gas","9":"product_tag-refrigerant","10":"product_tag-refillable","11":"product_tag-r410a","12":"product_tag-r41a-10kg","13":"product_shipping_class-product-12kg","14":"desktop-align-center","15":"tablet-align-left","16":"mobile-align-left","18":"first","19":"instock","20":"sale","21":"featured","22":"shipping-taxable","23":"purchasable","24":"product-type-simple"},"_links":{"self":[{"href":"https:\/\/torettorefrigerant.com\/de\/wp-json\/wp\/v2\/product\/4551","targetHints":{"allow":["GET"]}}],"collection":[{"href":"https:\/\/torettorefrigerant.com\/de\/wp-json\/wp\/v2\/product"}],"about":[{"href":"https:\/\/torettorefrigerant.com\/de\/wp-json\/wp\/v2\/types\/product"}],"replies":[{"embeddable":true,"href":"https:\/\/torettorefrigerant.com\/de\/wp-json\/wp\/v2\/comments?post=4551"}],"version-history":[{"count":2,"href":"https:\/\/torettorefrigerant.com\/de\/wp-json\/wp\/v2\/product\/4551\/revisions"}],"predecessor-version":[{"id":4680,"href":"https:\/\/torettorefrigerant.com\/de\/wp-json\/wp\/v2\/product\/4551\/revisions\/4680"}],"wp:featuredmedia":[{"embeddable":true,"href":"https:\/\/torettorefrigerant.com\/de\/wp-json\/wp\/v2\/media\/5423"}],"wp:attachment":[{"href":"https:\/\/torettorefrigerant.com\/de\/wp-json\/wp\/v2\/media?parent=4551"}],"wp:term":[{"taxonomy":"product_brand","embeddable":true,"href":"https:\/\/torettorefrigerant.com\/de\/wp-json\/wp\/v2\/product_brand?post=4551"},{"taxonomy":"product_cat","embeddable":true,"href":"https:\/\/torettorefrigerant.com\/de\/wp-json\/wp\/v2\/product_cat?post=4551"},{"taxonomy":"product_tag","embeddable":true,"href":"https:\/\/torettorefrigerant.com\/de\/wp-json\/wp\/v2\/product_tag?post=4551"}],"curies":[{"name":"wp","href":"https:\/\/api.w.org\/{rel}","templated":true}]}}