{"id":4547,"date":"2025-05-16T14:17:17","date_gmt":"2025-05-16T14:17:17","guid":{"rendered":"https:\/\/torettorefrigerant.com\/product\/freon-r410a-800gr\/"},"modified":"2025-06-10T17:31:50","modified_gmt":"2025-06-10T17:31:50","slug":"r410a-kaeltemittel-800gr","status":"publish","type":"product","link":"https:\/\/torettorefrigerant.com\/de\/product\/r410a-kaeltemittel-800gr\/","title":{"rendered":"R410a K\u00e4ltemittel 800gr"},"content":{"rendered":"<div class=\"prose dark:prose-invert prose-sm lg:prose-base prose-zinc prose-a:cursor-pointer prose-a:font-normal max-w-full whitespace-normal [overflow-wrap:anywhere]\">\n<p data-start=\"406\" data-end=\"729\">Sorgen Sie f\u00fcr eine optimale K\u00fchleffizienz mit unserem <strong data-start=\"457\" data-end=\"482\">Premium-K\u00e4ltemittelgas R410A<\/strong>, das in einer 800g-Flasche erh\u00e4ltlich ist. Dieses Produkt ist ideal f\u00fcr Klimaanlagen und W\u00e4rmepumpen und garantiert eine schnelle und zuverl\u00e4ssige Leistung. Perfekt f\u00fcr Profis und Techniker, die ein hochreines K\u00e4ltemittel mit geringer Umweltbelastung suchen.<\/p>\n<ul data-start=\"731\" data-end=\"891\">\n<li data-start=\"731\" data-end=\"791\">\n<p data-start=\"733\" data-end=\"791\">Geeignet f\u00fcr Haus-, Automobil- und industrielle AC-Systeme<\/p>\n<\/li>\n<li data-start=\"792\" data-end=\"846\">\n<p data-start=\"794\" data-end=\"846\">Auslaufsicherer, leichter Zylinder f\u00fcr sichere Handhabung<\/p>\n<\/li>\n<li data-start=\"847\" data-end=\"891\">\n<p data-start=\"849\" data-end=\"891\">Entspricht den europ\u00e4ischen F-Gas-Vorschriften<\/p>\n<\/li>\n<\/ul>\n<p data-start=\"893\" data-end=\"996\">Kaufen Sie online und genie\u00dfen Sie den schnellen EU-Versand. Sorgen Sie f\u00fcr einen reibungslosen Betrieb Ihrer Systeme mit unserem hochwertigen R410A-Gas.<\/p>\n<p data-start=\"893\" data-end=\"996\">GWP[2088]<\/p>\n<\/div>\n","protected":false},"excerpt":{"rendered":"<p data-start=\"388\" data-end=\"497\">Hochwertiges R410A-K\u00e4ltemittelgas in 800g-Flaschen. Ideal f\u00fcr Klimaanlagen und konform mit den EU F-Gas Vorschriften.<\/p>\n<p data-start=\"388\" data-end=\"497\"><strong>GWP[2088]<\/strong><\/p>\n","protected":false},"featured_media":5420,"comment_status":"open","ping_status":"closed","template":"","meta":{"site-sidebar-layout":"default","site-content-layout":"default","ast-site-content-layout":"default","site-content-style":"default","site-sidebar-style":"default","ast-global-header-display":"","ast-banner-title-visibility":"","ast-main-header-display":"","ast-hfb-above-header-display":"","ast-hfb-below-header-display":"","ast-hfb-mobile-header-display":"","site-post-title":"","ast-breadcrumbs-content":"","ast-featured-img":"","footer-sml-layout":"","theme-transparent-header-meta":"default","adv-header-id-meta":"","stick-header-meta":"","header-above-stick-meta":"","header-main-stick-meta":"","header-below-stick-meta":"","astra-migrate-meta-layouts":"set","ast-page-background-enabled":"default","ast-page-background-meta":{"desktop":{"background-color":"","background-image":"","background-repeat":"repeat","background-position":"center center","background-size":"auto","background-attachment":"scroll","background-type":"","background-media":"","overlay-type":"","overlay-color":"","overlay-opacity":"","overlay-gradient":""},"tablet":{"background-color":"","background-image":"","background-repeat":"repeat","background-position":"center center","background-size":"auto","background-attachment":"scroll","background-type":"","background-media":"","overlay-type":"","overlay-color":"","overlay-opacity":"","overlay-gradient":""},"mobile":{"background-color":"","background-image":"","background-repeat":"repeat","background-position":"center center","background-size":"auto","background-attachment":"scroll","background-type":"","background-media":"","overlay-type":"","overlay-color":"","overlay-opacity":"","overlay-gradient":""}},"ast-content-background-meta":{"desktop":{"background-color":"var(--ast-global-color-5)","background-image":"","background-repeat":"repeat","background-position":"center center","background-size":"auto","background-attachment":"scroll","background-type":"","background-media":"","overlay-type":"","overlay-color":"","overlay-opacity":"","overlay-gradient":""},"tablet":{"background-color":"var(--ast-global-color-5)","background-image":"","background-repeat":"repeat","background-position":"center center","background-size":"auto","background-attachment":"scroll","background-type":"","background-media":"","overlay-type":"","overlay-color":"","overlay-opacity":"","overlay-gradient":""},"mobile":{"background-color":"var(--ast-global-color-5)","background-image":"","background-repeat":"repeat","background-position":"center center","background-size":"auto","background-attachment":"scroll","background-type":"","background-media":"","overlay-type":"","overlay-color":"","overlay-opacity":"","overlay-gradient":""}}},"product_brand":[],"product_cat":[221],"product_tag":[207,204,222],"class_list":{"0":"post-4547","1":"product","2":"type-product","3":"status-publish","4":"has-post-thumbnail","6":"product_cat-r410a-de","7":"product_tag-gas-de","8":"product_tag-kuhlergrill","9":"product_tag-r410a-de-2","10":"product_shipping_class-produkt-370gr-900gr-de","11":"desktop-align-center","12":"tablet-align-left","13":"mobile-align-left","15":"first","16":"instock","17":"sale","18":"featured","19":"shipping-taxable","20":"purchasable","21":"product-type-simple"},"_links":{"self":[{"href":"https:\/\/torettorefrigerant.com\/de\/wp-json\/wp\/v2\/product\/4547","targetHints":{"allow":["GET"]}}],"collection":[{"href":"https:\/\/torettorefrigerant.com\/de\/wp-json\/wp\/v2\/product"}],"about":[{"href":"https:\/\/torettorefrigerant.com\/de\/wp-json\/wp\/v2\/types\/product"}],"replies":[{"embeddable":true,"href":"https:\/\/torettorefrigerant.com\/de\/wp-json\/wp\/v2\/comments?post=4547"}],"version-history":[{"count":3,"href":"https:\/\/torettorefrigerant.com\/de\/wp-json\/wp\/v2\/product\/4547\/revisions"}],"predecessor-version":[{"id":4682,"href":"https:\/\/torettorefrigerant.com\/de\/wp-json\/wp\/v2\/product\/4547\/revisions\/4682"}],"wp:featuredmedia":[{"embeddable":true,"href":"https:\/\/torettorefrigerant.com\/de\/wp-json\/wp\/v2\/media\/5420"}],"wp:attachment":[{"href":"https:\/\/torettorefrigerant.com\/de\/wp-json\/wp\/v2\/media?parent=4547"}],"wp:term":[{"taxonomy":"product_brand","embeddable":true,"href":"https:\/\/torettorefrigerant.com\/de\/wp-json\/wp\/v2\/product_brand?post=4547"},{"taxonomy":"product_cat","embeddable":true,"href":"https:\/\/torettorefrigerant.com\/de\/wp-json\/wp\/v2\/product_cat?post=4547"},{"taxonomy":"product_tag","embeddable":true,"href":"https:\/\/torettorefrigerant.com\/de\/wp-json\/wp\/v2\/product_tag?post=4547"}],"curies":[{"name":"wp","href":"https:\/\/api.w.org\/{rel}","templated":true}]}}