{"id":6815,"date":"2026-05-07T12:47:18","date_gmt":"2026-05-07T12:47:18","guid":{"rendered":"https:\/\/torettorefrigerant.com\/cookie-richtlinie\/"},"modified":"2026-05-07T14:52:10","modified_gmt":"2026-05-07T14:52:10","slug":"cookie-richtlinie","status":"publish","type":"page","link":"https:\/\/torettorefrigerant.com\/de\/cookie-richtlinie\/","title":{"rendered":"Cookie-Richtlinie"},"content":{"rendered":"\t\t<div data-elementor-type=\"wp-page\" data-elementor-id=\"6815\" class=\"elementor elementor-6815 elementor-6769\">\n\t\t\t\t<div class=\"elementor-element elementor-element-7dc9e20 e-flex e-con-boxed wpr-particle-no wpr-jarallax-no wpr-parallax-no wpr-sticky-section-no wpr-equal-height-no e-con e-parent\" data-id=\"7dc9e20\" data-element_type=\"container\" data-e-type=\"container\">\n\t\t\t\t\t<div class=\"e-con-inner\">\n\t\t\t\t<div class=\"elementor-element elementor-element-82c478f elementor-widget elementor-widget-text-editor\" data-id=\"82c478f\" data-element_type=\"widget\" data-e-type=\"widget\" data-widget_type=\"text-editor.default\">\n\t\t\t\t<div class=\"elementor-widget-container\">\n\t\t\t\t\t\t\t\t\t<p>Cookie-Richtlinie \u2013 Toretto K\u00e4ltemittel<\/p><p>Letzte Aktualisierung: Mai 2026<\/p><p>Diese Cookie-Richtlinie erkl\u00e4rt, wie Toretto Service sro (&#8222;wir&#8220;, &#8222;uns&#8220; oder &#8222;unser&#8220;), <br>betreibt die Website torettorefrigerant.com und verwendet Cookies und \u00e4hnliches <br>Tracking-Technologien.<\/p><p>&#8212;<\/p><p>1. Was sind Cookies<\/p><p>Cookies sind kleine Textdateien, die auf Ihrem Ger\u00e4t gespeichert werden, wenn Sie eine Website besuchen. <br>Sie werden h\u00e4ufig verwendet, um Websites effizient arbeiten zu lassen und bereitzustellen <br>Informationen f\u00fcr Websitebesitzer.<\/p><p>&#8212;<\/p><p>2. Wer wir sind<\/p><p>Toretto Service s.r.o.<br>Prague, Czech Republic<br>Contact: torettositedirection@gmail.com<\/p><p>&#8212;<\/p><p>3. Cookies, die wir verwenden<\/p><p>3.1 Unbedingt erforderliche Cookies<br>Diese Cookies sind f\u00fcr das Funktionieren der Website unerl\u00e4sslich und k\u00f6nnen nicht sein <br>ausgeschaltet. Sie enthalten Cookies, die von WooCommerce f\u00fcr den Warenkorb gesetzt wurden <br>und Checkout-Funktionalit\u00e4t sowie Sitzungscookies, die f\u00fcr eine sichere Anmeldung erforderlich sind. <\/p><p>3.2 Funktionale Cookies<br>Diese Cookies erm\u00f6glichen erweiterte Funktionen wie das Merken Ihrer <br>Sprachpr\u00e4ferenz (festgelegt von WPML) und Ihre Regionseinstellungen.<\/p><p>3.3 Analyse-Cookies<br>Wir k\u00f6nnen Analysetools verwenden, um zu verstehen, wie Besucher mit uns interagieren <br>Website. Diese Cookies sammeln Informationen in anonymer Form, einschlie\u00dflich <br>die Anzahl der Besucher und die Seiten, die sie besuchen. <\/p><p>3.4 Marketing-Cookies<br>Wir k\u00f6nnen Marketing-Cookies verwenden, um Besucher \u00fcber Websites hinweg zu verfolgen und anzuzeigen <br>Relevante Anzeigen. Diese werden nur mit Ihrer ausdr\u00fccklichen Zustimmung aktiviert. <\/p><p>&#8212;<\/p><p>4. Verwalten Ihrer Cookies<\/p><p>Sie k\u00f6nnen Ihre Cookie-Einstellungen jederzeit verwalten, indem Sie auf die <br>Die Schaltfl\u00e4che \u201eCookie-Einstellungen\u201c finden Sie unten auf unserer Website.<\/p><p>Sie k\u00f6nnen Cookies auch \u00fcber Ihre Browsereinstellungen steuern. Bitte beachten Sie <br>dass das Deaktivieren bestimmter Cookies die Funktionalit\u00e4t dieser Website beeintr\u00e4chtigen kann. <\/p><p>Weitere Informationen zur Verwaltung von Cookies in Ihrem Browser:<br>&#8211; Chrome: support.google.com\/chrome\/answer\/95647<br>&#8211; Firefox: support.mozilla.org\/kb\/enable-and-disable-cookies-website-preferences<br>&#8211; Safari: support.apple.com\/guide\/safari\/manage-cookies-sfri11471<\/p><p>&#8212;<\/p><p>5. Als Cookies von Drittanbietern<\/p><p>Einige Cookies auf unserer Website werden von Diensten Dritter gesetzt. Wir kontrollieren nicht <br>Diese Cookies. Bitte beachten Sie die jeweiligen Datenschutzrichtlinien dieser <br>Dienstleistungen f\u00fcr weitere Informationen.  <\/p><p>&#8212;<\/p><p>6. \u00c4nderungen an dieser Richtlinie<\/p><p>Wir k\u00f6nnen diese Cookie-Richtlinie von Zeit zu Zeit aktualisieren. Alle \u00c4nderungen werden vorgenommen <br>Auf dieser Seite mit einem aktualisierten Revisionsdatum ver\u00f6ffentlicht. <\/p><p>&#8212;<\/p><p>7. kontaktieren Sie uns<\/p><p>Wenn Sie Fragen zu unserer Verwendung von Cookies haben, kontaktieren Sie uns bitte unter:<br>torettositedirection@gmail.com<\/p>\t\t\t\t\t\t\t\t<\/div>\n\t\t\t\t<\/div>\n\t\t\t\t\t<\/div>\n\t\t\t\t<\/div>\n\t\t\t\t<\/div>\n\t\t","protected":false},"excerpt":{"rendered":"<p>Cookie-Richtlinie \u2013 Toretto K\u00e4ltemittel Letzte Aktualisierung: Mai 2026 Diese Cookie-Richtlinie erkl\u00e4rt, wie Toretto Service sro (&#8222;wir&#8220;, &#8222;uns&#8220; oder &#8222;unser&#8220;), betreibt die Website torettorefrigerant.com und verwendet Cookies und \u00e4hnliches Tracking-Technologien. &#8212; 1. Was sind Cookies Cookies sind kleine Textdateien, die auf Ihrem Ger\u00e4t gespeichert werden, wenn Sie eine Website besuchen. Sie werden h\u00e4ufig verwendet, um Websites effizient arbeiten zu lassen und bereitzustellen Informationen f\u00fcr Websitebesitzer. &#8212; 2. Wer wir sind Toretto Service s.r.o.Prague, Czech RepublicContact: torettositedirection@gmail.com &#8212; 3. Cookies, die wir verwenden 3.1 Unbedingt erforderliche CookiesDiese Cookies sind f\u00fcr das Funktionieren der Website unerl\u00e4sslich und k\u00f6nnen nicht sein ausgeschaltet. Sie enthalten Cookies, die von WooCommerce f\u00fcr den Warenkorb gesetzt wurden und Checkout-Funktionalit\u00e4t sowie Sitzungscookies, die f\u00fcr eine sichere Anmeldung erforderlich sind. 3.2 Funktionale CookiesDiese Cookies erm\u00f6glichen erweiterte Funktionen wie das Merken Ihrer Sprachpr\u00e4ferenz (festgelegt von WPML) und Ihre Regionseinstellungen. 3.3 Analyse-CookiesWir k\u00f6nnen Analysetools verwenden, um zu verstehen, wie Besucher mit uns interagieren Website. Diese Cookies sammeln Informationen in anonymer Form, einschlie\u00dflich die Anzahl der Besucher und die Seiten, die sie besuchen. 3.4 Marketing-CookiesWir k\u00f6nnen Marketing-Cookies verwenden, um Besucher \u00fcber Websites hinweg zu verfolgen und anzuzeigen Relevante Anzeigen. Diese werden nur mit Ihrer ausdr\u00fccklichen Zustimmung aktiviert. &#8212; 4. Verwalten Ihrer Cookies Sie k\u00f6nnen Ihre Cookie-Einstellungen jederzeit verwalten, indem Sie auf die Die Schaltfl\u00e4che \u201eCookie-Einstellungen\u201c finden Sie unten auf unserer Website. Sie k\u00f6nnen Cookies auch \u00fcber Ihre Browsereinstellungen steuern. Bitte beachten Sie dass das Deaktivieren bestimmter Cookies die Funktionalit\u00e4t dieser Website beeintr\u00e4chtigen kann. Weitere Informationen zur Verwaltung von Cookies in Ihrem Browser:&#8211; Chrome: support.google.com\/chrome\/answer\/95647&#8211; Firefox: support.mozilla.org\/kb\/enable-and-disable-cookies-website-preferences&#8211; Safari: support.apple.com\/guide\/safari\/manage-cookies-sfri11471 &#8212; 5. Als Cookies von Drittanbietern Einige Cookies auf unserer Website werden von Diensten Dritter gesetzt. Wir kontrollieren nicht Diese Cookies. Bitte beachten Sie die jeweiligen Datenschutzrichtlinien dieser Dienstleistungen f\u00fcr weitere Informationen. &#8212; 6. \u00c4nderungen an dieser Richtlinie Wir k\u00f6nnen diese Cookie-Richtlinie von Zeit zu Zeit aktualisieren. Alle \u00c4nderungen werden vorgenommen Auf dieser Seite mit einem aktualisierten Revisionsdatum ver\u00f6ffentlicht. &#8212; 7. kontaktieren Sie uns Wenn Sie Fragen zu unserer Verwendung von Cookies haben, kontaktieren Sie uns bitte unter:torettositedirection@gmail.com<\/p>\n","protected":false},"author":1,"featured_media":0,"parent":0,"menu_order":0,"comment_status":"closed","ping_status":"closed","template":"","meta":{"site-sidebar-layout":"no-sidebar","site-content-layout":"page-builder","ast-site-content-layout":"full-width-container","site-content-style":"default","site-sidebar-style":"default","ast-global-header-display":"","ast-banner-title-visibility":"","ast-main-header-display":"","ast-hfb-above-header-display":"","ast-hfb-below-header-display":"","ast-hfb-mobile-header-display":"","site-post-title":"","ast-breadcrumbs-content":"","ast-featured-img":"disabled","footer-sml-layout":"","ast-disable-related-posts":"","theme-transparent-header-meta":"","adv-header-id-meta":"","stick-header-meta":"","header-above-stick-meta":"","header-main-stick-meta":"","header-below-stick-meta":"","astra-migrate-meta-layouts":"default","ast-page-background-enabled":"default","ast-page-background-meta":{"desktop":{"background-color":"","background-image":"","background-repeat":"repeat","background-position":"center center","background-size":"auto","background-attachment":"scroll","background-type":"","background-media":"","overlay-type":"","overlay-color":"","overlay-opacity":"","overlay-gradient":""},"tablet":{"background-color":"","background-image":"","background-repeat":"repeat","background-position":"center center","background-size":"auto","background-attachment":"scroll","background-type":"","background-media":"","overlay-type":"","overlay-color":"","overlay-opacity":"","overlay-gradient":""},"mobile":{"background-color":"","background-image":"","background-repeat":"repeat","background-position":"center center","background-size":"auto","background-attachment":"scroll","background-type":"","background-media":"","overlay-type":"","overlay-color":"","overlay-opacity":"","overlay-gradient":""}},"ast-content-background-meta":{"desktop":{"background-color":"var(--ast-global-color-5)","background-image":"","background-repeat":"repeat","background-position":"center center","background-size":"auto","background-attachment":"scroll","background-type":"","background-media":"","overlay-type":"","overlay-color":"","overlay-opacity":"","overlay-gradient":""},"tablet":{"background-color":"var(--ast-global-color-5)","background-image":"","background-repeat":"repeat","background-position":"center center","background-size":"auto","background-attachment":"scroll","background-type":"","background-media":"","overlay-type":"","overlay-color":"","overlay-opacity":"","overlay-gradient":""},"mobile":{"background-color":"var(--ast-global-color-5)","background-image":"","background-repeat":"repeat","background-position":"center center","background-size":"auto","background-attachment":"scroll","background-type":"","background-media":"","overlay-type":"","overlay-color":"","overlay-opacity":"","overlay-gradient":""}},"footnotes":""},"class_list":["post-6815","page","type-page","status-publish","hentry"],"_links":{"self":[{"href":"https:\/\/torettorefrigerant.com\/de\/wp-json\/wp\/v2\/pages\/6815","targetHints":{"allow":["GET"]}}],"collection":[{"href":"https:\/\/torettorefrigerant.com\/de\/wp-json\/wp\/v2\/pages"}],"about":[{"href":"https:\/\/torettorefrigerant.com\/de\/wp-json\/wp\/v2\/types\/page"}],"author":[{"embeddable":true,"href":"https:\/\/torettorefrigerant.com\/de\/wp-json\/wp\/v2\/users\/1"}],"replies":[{"embeddable":true,"href":"https:\/\/torettorefrigerant.com\/de\/wp-json\/wp\/v2\/comments?post=6815"}],"version-history":[{"count":1,"href":"https:\/\/torettorefrigerant.com\/de\/wp-json\/wp\/v2\/pages\/6815\/revisions"}],"predecessor-version":[{"id":6817,"href":"https:\/\/torettorefrigerant.com\/de\/wp-json\/wp\/v2\/pages\/6815\/revisions\/6817"}],"wp:attachment":[{"href":"https:\/\/torettorefrigerant.com\/de\/wp-json\/wp\/v2\/media?parent=6815"}],"curies":[{"name":"wp","href":"https:\/\/api.w.org\/{rel}","templated":true}]}}