{"id":6796,"date":"2026-04-20T07:41:01","date_gmt":"2026-04-20T07:41:01","guid":{"rendered":"https:\/\/torettorefrigerant.com\/about-us\/"},"modified":"2026-05-07T13:20:19","modified_gmt":"2026-05-07T13:20:19","slug":"about-us","status":"publish","type":"page","link":"https:\/\/torettorefrigerant.com\/de\/about-us\/","title":{"rendered":"About us"},"content":{"rendered":"\n<style>\n.rb-about,.rb-about *{box-sizing:border-box;margin:0;padding:0}\n.rb-about{position:relative;overflow:hidden;border-radius:20px;background:#fff;padding:80px 48px;text-align:center;border:1px solid #e8e8e8;box-shadow:0 4px 32px rgba(0,0,0,.06)}\n.rb-about__bg{position:absolute;inset:-60px;background-image:url('https:\/\/www.refrigerantboys.com\/wp-content\/uploads\/2023\/02\/gas-refrigerant.png');background-size:cover;background-position:center;opacity:.05;will-change:transform;transition:transform .1s linear}\n.rb-about__overlay{position:absolute;inset:0;background:linear-gradient(160deg,rgba(255,255,255,.95) 0%,rgba(255,255,255,.80) 50%,rgba(255,255,255,.95) 100%);pointer-events:none}\n.rb-about__inner{position:relative;z-index:2;max-width:860px;margin:0 auto;display:flex;flex-direction:column;gap:56px}\n.rb-about__block{display:flex;flex-direction:column;gap:16px}\n.rb-about__pill{display:inline-flex;align-items:center;gap:7px;background:rgba(230,50,34,.08);border:1px solid rgba(230,50,34,.25);border-radius:999px;padding:5px 14px;font-size:11px;font-weight:700;letter-spacing:.1em;text-transform:uppercase;color:#e63222;width:fit-content;margin:0 auto 4px}\n.rb-about__pill-dot{width:5px;height:5px;border-radius:50%;background:#e63222;animation:rb-pulse 1.8s ease-in-out infinite}\n.rb-about__title{font-size:clamp(22px,3vw,34px);font-weight:800;color:#1a1a1a;line-height:1.2;letter-spacing:-.02em}\n.rb-about__subtitle{font-size:clamp(15px,2vw,18px);font-weight:700;color:#e63222;letter-spacing:-.01em;line-height:1.3}\n.rb-about__text{font-size:15px;color:#555;line-height:1.75;max-width:700px;margin:0 auto}\n.rb-about__text strong{color:#1a1a1a}\n.rb-about__tagline{font-size:14px;font-weight:700;color:#888;letter-spacing:.04em;font-style:italic;max-width:600px;margin:0 auto;padding-top:4px}\n.rb-about__stats{display:grid;grid-template-columns:repeat(3,1fr);gap:14px;margin-top:4px}\n.rb-stat{background:#f9f9f9;border:1px solid #e8e8e8;border-radius:14px;padding:20px 16px;display:flex;flex-direction:column;align-items:center;gap:6px;transition:box-shadow .2s,border-color .2s}\n.rb-stat:hover{box-shadow:0 4px 16px rgba(230,50,34,.08);border-color:rgba(230,50,34,.2)}\n.rb-stat__num{font-size:28px;font-weight:900;color:#e63222;line-height:1;letter-spacing:-.02em}\n.rb-stat__label{font-size:11px;font-weight:600;color:#888;text-transform:uppercase;letter-spacing:.06em;text-align:center;line-height:1.4}\n.rb-about__divider{width:48px;height:2px;background:linear-gradient(90deg,#e63222,transparent);margin:0 auto;border-radius:2px}\n.rb-gas-tags{display:flex;flex-wrap:wrap;justify-content:center;gap:8px}\n.rb-gas-tag{background:#f0f8ff;border:1px solid #c0e0f5;color:#1a7fbf;font-size:12px;font-weight:700;padding:5px 14px;border-radius:999px;letter-spacing:.06em;text-decoration:none;transition:background .2s,border-color .2s,color .2s}\n.rb-gas-tag:hover{background:#d0eeff;border-color:#1a7fbf;color:#0d5a8a}\n.rb-about__value{background:#fff5f4;border:1px solid rgba(230,50,34,.15);border-radius:14px;padding:20px 24px;max-width:680px;margin:0 auto;display:flex;align-items:center;gap:14px;text-align:left}\n.rb-about__value-icon{font-size:28px;flex-shrink:0}\n.rb-about__value-text{font-size:14px;color:#444;line-height:1.6}\n.rb-about__value-text strong{color:#c0281a}\n@keyframes rb-pulse{0%,100%{opacity:1;transform:scale(1)}50%{opacity:.4;transform:scale(.7)}}\n@media(max-width:700px){.rb-about__stats{grid-template-columns:repeat(2,1fr)}}\n@media(max-width:600px){.rb-about{padding:48px 24px;border-radius:0}.rb-about__value{flex-direction:column;gap:10px}}\n<\/style>\n\n<div class=\"rb-about\" id=\"rb-about\">\n<div class=\"rb-about__bg\" id=\"rb-about-bg\"><\/div>\n<div class=\"rb-about__overlay\"><\/div>\n<div class=\"rb-about__inner\">\n\n    <div class=\"rb-about__block\">\n        <div class=\"rb-about__pill\">\n            <span class=\"rb-about__pill-dot\"><\/span>\n            \u00dcber uns \u00b7 Seit 2013        <\/div>\n        <h2 class=\"rb-about__title\">Toretto Service s.r.o.<\/h2>\n        <div class=\"rb-about__subtitle\">Wo Chemie zur Leistung wird<\/div>\n        <p class=\"rb-about__text\">\n            Toretto Service sro wurde 2013 gegr\u00fcndet und ist ein vertrauensw\u00fcrdiger Lieferant von            <strong>Hochleistungs-K\u00e4ltemittelgase<\/strong>\n            und fortschrittliche K\u00e4ltemittelmischungen f\u00fcr den europ\u00e4ischen und globalen Markt. Wir sind spezialisiert auf propriet\u00e4re            <strong>Chemische Formulierung, Synthese und erweiterte Leistungstests<\/strong>,\n            Bereitstellung kompletter L\u00f6sungen f\u00fcr Fachleute in            <strong>HVAC, Automobil- und Industriek\u00fchlung<\/strong>.\n        <\/p>\n    <\/div>\n\n    <div class=\"rb-about__stats\">\n        <div class=\"rb-stat\">\n            <div class=\"rb-stat__num\">2013<\/div>\n            <div class=\"rb-stat__label\">gegr\u00fcndet<\/div>\n        <\/div>\n        <div class=\"rb-stat\">\n            <div class=\"rb-stat__num\">EU+<\/div>\n            <div class=\"rb-stat__label\">Globale M\u00e4rkte bedient<\/div>\n        <\/div>\n        <div class=\"rb-stat\">\n            <div class=\"rb-stat__num\">100%<\/div>\n            <div class=\"rb-stat__label\">Eigenproduktion<\/div>\n        <\/div>\n    <\/div>\n\n    <div class=\"rb-about__divider\"><\/div>\n\n    <div class=\"rb-about__block\">\n        <div class=\"rb-about__pill\">\n            <span class=\"rb-about__pill-dot\"><\/span>\n            unser Modell        <\/div>\n        <h2 class=\"rb-about__title\">Keine Vermittler. Volle Kontrolle.<\/h2>\n        <p class=\"rb-about__text\">\n            Durch die interne Verwaltung jeder Phase \u2014 von            <strong>Forschung und Entwicklung<\/strong>\n            nach            <strong>Produktion und Vertrieb<\/strong>\n            \u2014 Wir eliminieren Zwischenh\u00e4ndler und sorgen f\u00fcr gleichbleibende Qualit\u00e4t, sofortige Verf\u00fcgbarkeit und \u00e4u\u00dferst wettbewerbsf\u00e4hige Direktpreise.        <\/p>\n        <div class=\"rb-about__value\">\n            <div class=\"rb-about__value-icon\">\ud83c\udfc6<\/div>\n            <div class=\"rb-about__value-text\">\n                Toretto Service bietet eines der                <strong>Beste Wertversprechen in Europa<\/strong>\n                \u2014 wo die wettbewerbsf\u00e4higsten Preise den h\u00f6chsten Qualit\u00e4tsstandards entsprechen. Die Wahl von Toretto bedeutet, mit einem                <strong>Zuverl\u00e4ssiger, schneller und leistungsorientierter Partner<\/strong>\n                in der K\u00e4ltetechnik.            <\/div>\n        <\/div>\n    <\/div>\n\n    <div class=\"rb-about__divider\"><\/div>\n\n    <div class=\"rb-about__block\">\n        <div class=\"rb-about__pill\">\n            <span class=\"rb-about__pill-dot\"><\/span>\n            unser Sortiment        <\/div>\n        <h2 class=\"rb-about__title\">Wir verarbeiten die meisten K\u00e4ltemittelgase<\/h2>\n        <p class=\"rb-about__text\">\n            Unser Portfolio umfasst weit verbreitete K\u00e4ltemittel, die f\u00fcr die Lieferung entwickelt wurden            <strong>Maximale Effizienz, Zuverl\u00e4ssigkeit und langfristige Leistung<\/strong>\n            \u00fcber anspruchsvolle Anwendungen hinweg.        <\/p>\n        <div class=\"rb-gas-tags\">\n            <a class=\"rb-gas-tag\" href=\"https:\/\/torettorefrigerant.com\/de\/products-page\/\">R32<\/a><a class=\"rb-gas-tag\" href=\"https:\/\/torettorefrigerant.com\/de\/products-page\/\">R134a<\/a><a class=\"rb-gas-tag\" href=\"https:\/\/torettorefrigerant.com\/de\/products-page\/\">R407C<\/a><a class=\"rb-gas-tag\" href=\"https:\/\/torettorefrigerant.com\/de\/products-page\/\">R410A<\/a><a class=\"rb-gas-tag\" href=\"https:\/\/torettorefrigerant.com\/de\/products-page\/\">R290<\/a><a class=\"rb-gas-tag\" href=\"https:\/\/torettorefrigerant.com\/de\/products-page\/\">R1234yf<\/a><a class=\"rb-gas-tag\" href=\"https:\/\/torettorefrigerant.com\/de\/products-page\/\">R448A<\/a><a class=\"rb-gas-tag\" href=\"https:\/\/torettorefrigerant.com\/de\/products-page\/\">R449A<\/a><a class=\"rb-gas-tag\" href=\"https:\/\/torettorefrigerant.com\/de\/products-page\/\">R452A<\/a><a class=\"rb-gas-tag\" href=\"https:\/\/torettorefrigerant.com\/de\/products-page\/\">R600a<\/a>        <\/div>\n        <div class=\"rb-about__tagline\">\n            Hochleistungs-K\u00e4ltemittelmischungen, konstruiert und geliefert ohne Zwischenh\u00e4ndler.        <\/div>\n    <\/div>\n\n<\/div>\n<\/div>\n\n<script>\n(function(){\n    var bg=document.getElementById('rb-about-bg');\n    var s=document.getElementById('rb-about');\n    if(!bg||!s)return;\n    function upd(){bg.style.transform='translateY('+(s.getBoundingClientRect().top\/innerHeight*28)+'px)';}\n    window.addEventListener('scroll',upd,{passive:true});\n    upd();\n})();\n<\/script>\n        \n","protected":false},"excerpt":{"rendered":"","protected":false},"author":1,"featured_media":0,"parent":0,"menu_order":0,"comment_status":"closed","ping_status":"closed","template":"","meta":{"site-sidebar-layout":"default","site-content-layout":"","ast-site-content-layout":"default","site-content-style":"default","site-sidebar-style":"default","ast-global-header-display":"","ast-banner-title-visibility":"","ast-main-header-display":"","ast-hfb-above-header-display":"","ast-hfb-below-header-display":"","ast-hfb-mobile-header-display":"","site-post-title":"disabled","ast-breadcrumbs-content":"","ast-featured-img":"","footer-sml-layout":"","ast-disable-related-posts":"","theme-transparent-header-meta":"","adv-header-id-meta":"","stick-header-meta":"","header-above-stick-meta":"","header-main-stick-meta":"","header-below-stick-meta":"","astra-migrate-meta-layouts":"default","ast-page-background-enabled":"default","ast-page-background-meta":{"desktop":{"background-color":"","background-image":"","background-repeat":"repeat","background-position":"center center","background-size":"auto","background-attachment":"scroll","background-type":"","background-media":"","overlay-type":"","overlay-color":"","overlay-opacity":"","overlay-gradient":""},"tablet":{"background-color":"","background-image":"","background-repeat":"repeat","background-position":"center center","background-size":"auto","background-attachment":"scroll","background-type":"","background-media":"","overlay-type":"","overlay-color":"","overlay-opacity":"","overlay-gradient":""},"mobile":{"background-color":"","background-image":"","background-repeat":"repeat","background-position":"center center","background-size":"auto","background-attachment":"scroll","background-type":"","background-media":"","overlay-type":"","overlay-color":"","overlay-opacity":"","overlay-gradient":""}},"ast-content-background-meta":{"desktop":{"background-color":"var(--ast-global-color-5)","background-image":"","background-repeat":"repeat","background-position":"center center","background-size":"auto","background-attachment":"scroll","background-type":"","background-media":"","overlay-type":"","overlay-color":"","overlay-opacity":"","overlay-gradient":""},"tablet":{"background-color":"var(--ast-global-color-5)","background-image":"","background-repeat":"repeat","background-position":"center center","background-size":"auto","background-attachment":"scroll","background-type":"","background-media":"","overlay-type":"","overlay-color":"","overlay-opacity":"","overlay-gradient":""},"mobile":{"background-color":"var(--ast-global-color-5)","background-image":"","background-repeat":"repeat","background-position":"center center","background-size":"auto","background-attachment":"scroll","background-type":"","background-media":"","overlay-type":"","overlay-color":"","overlay-opacity":"","overlay-gradient":""}},"footnotes":""},"class_list":["post-6796","page","type-page","status-publish","hentry"],"_links":{"self":[{"href":"https:\/\/torettorefrigerant.com\/de\/wp-json\/wp\/v2\/pages\/6796","targetHints":{"allow":["GET"]}}],"collection":[{"href":"https:\/\/torettorefrigerant.com\/de\/wp-json\/wp\/v2\/pages"}],"about":[{"href":"https:\/\/torettorefrigerant.com\/de\/wp-json\/wp\/v2\/types\/page"}],"author":[{"embeddable":true,"href":"https:\/\/torettorefrigerant.com\/de\/wp-json\/wp\/v2\/users\/1"}],"replies":[{"embeddable":true,"href":"https:\/\/torettorefrigerant.com\/de\/wp-json\/wp\/v2\/comments?post=6796"}],"version-history":[{"count":1,"href":"https:\/\/torettorefrigerant.com\/de\/wp-json\/wp\/v2\/pages\/6796\/revisions"}],"predecessor-version":[{"id":6799,"href":"https:\/\/torettorefrigerant.com\/de\/wp-json\/wp\/v2\/pages\/6796\/revisions\/6799"}],"wp:attachment":[{"href":"https:\/\/torettorefrigerant.com\/de\/wp-json\/wp\/v2\/media?parent=6796"}],"curies":[{"name":"wp","href":"https:\/\/api.w.org\/{rel}","templated":true}]}}