{"id":4505,"date":"2025-06-05T21:36:33","date_gmt":"2025-06-05T21:36:33","guid":{"rendered":"https:\/\/torettorefrigerant.com\/faq\/"},"modified":"2025-06-07T15:06:34","modified_gmt":"2025-06-07T15:06:34","slug":"faq","status":"publish","type":"page","link":"https:\/\/torettorefrigerant.com\/de\/faq\/","title":{"rendered":"Faq"},"content":{"rendered":"\t\t<div data-elementor-type=\"wp-page\" data-elementor-id=\"4505\" class=\"elementor elementor-4505 elementor-3918\">\n\t\t\t\t<div class=\"elementor-element elementor-element-58a1bac e-flex e-con-boxed wpr-particle-no wpr-jarallax-no wpr-parallax-no wpr-sticky-section-no wpr-equal-height-no e-con e-parent\" data-id=\"58a1bac\" data-element_type=\"container\" data-e-type=\"container\">\n\t\t\t\t\t<div class=\"e-con-inner\">\n\t\t\t\t<div class=\"elementor-element elementor-element-155f3d6 elementor-widget-divider--view-line elementor-widget elementor-widget-divider\" data-id=\"155f3d6\" data-element_type=\"widget\" data-e-type=\"widget\" data-widget_type=\"divider.default\">\n\t\t\t\t<div class=\"elementor-widget-container\">\n\t\t\t\t\t\t\t<div class=\"elementor-divider\">\n\t\t\t<span class=\"elementor-divider-separator\">\n\t\t\t\t\t\t<\/span>\n\t\t<\/div>\n\t\t\t\t\t\t<\/div>\n\t\t\t\t<\/div>\n\t\t\t\t\t<\/div>\n\t\t\t\t<\/div>\n\t\t<div class=\"elementor-element elementor-element-f4a1989 e-flex e-con-boxed wpr-particle-no wpr-jarallax-no wpr-parallax-no wpr-sticky-section-no wpr-equal-height-no e-con e-parent\" data-id=\"f4a1989\" data-element_type=\"container\" data-e-type=\"container\">\n\t\t\t\t\t<div class=\"e-con-inner\">\n\t\t\t\t<div class=\"elementor-element elementor-element-97bdc33 elementor-widget elementor-widget-text-editor\" data-id=\"97bdc33\" data-element_type=\"widget\" data-e-type=\"widget\" data-widget_type=\"text-editor.default\">\n\t\t\t\t<div class=\"elementor-widget-container\">\n\t\t\t\t\t\t\t\t\t<h3 data-start=\"272\" data-end=\"331\"><img decoding=\"async\" class=\"emoji\" role=\"img\" draggable=\"false\" src=\"https:\/\/s.w.org\/images\/core\/emoji\/15.1.0\/svg\/2753.svg\" alt=\"\u2753\" title=\"\">  Was ist der Unterschied zwischen R134a, R410A und R32?<\/h3><p data-start=\"333\" data-end=\"573\"><img decoding=\"async\" class=\"emoji\" role=\"img\" draggable=\"false\" src=\"https:\/\/s.w.org\/images\/core\/emoji\/15.1.0\/svg\/1f539.svg\" alt=\"\ud83d\udd39\" title=\"\"> <strong data-start=\"336\" data-end=\"345\">R134a<\/strong> wird \u00fcblicherweise in Klimaanlagen f\u00fcr Kraftfahrzeuge verwendet.<br data-start=\"402\" data-end=\"405\"><img decoding=\"async\" class=\"emoji\" role=\"img\" draggable=\"false\" src=\"https:\/\/s.w.org\/images\/core\/emoji\/15.1.0\/svg\/1f539.svg\" alt=\"\ud83d\udd39\" title=\"\"> <strong data-start=\"408\" data-end=\"417\">R410A<\/strong> wird in Klimaanlagen f\u00fcr Privathaushalte und Unternehmen verwendet.<br data-start=\"473\" data-end=\"476\"><img decoding=\"async\" class=\"emoji\" role=\"img\" draggable=\"false\" src=\"https:\/\/s.w.org\/images\/core\/emoji\/15.1.0\/svg\/1f539.svg\" alt=\"\ud83d\udd39\" title=\"\"> <strong data-start=\"479\" data-end=\"486\">R32<\/strong> ist ein neueres, umweltfreundlicheres K\u00e4ltemittel mit einem niedrigeren GWP (Global Warming Potential).<\/p><hr data-start=\"575\" data-end=\"578\"><h3 data-start=\"580\" data-end=\"641\"><img decoding=\"async\" class=\"emoji\" role=\"img\" draggable=\"false\" src=\"https:\/\/s.w.org\/images\/core\/emoji\/15.1.0\/svg\/2753.svg\" alt=\"\u2753\" title=\"\">  Kann ich K\u00e4ltemittelgas ohne ein F-GAS-Zertifikat kaufen?<\/h3><p data-start=\"643\" data-end=\"927\">Gem\u00e4\u00df den F-GAS-Verordnungen der EU ist f\u00fcr den Kauf und die Verwendung <strong data-start=\"678\" data-end=\"712\">einiger K\u00e4ltemittel (wie R410A)<\/strong> eine g\u00fcltige <strong data-start=\"729\" data-end=\"752\">F-GAS-Zertifizierung<\/strong> erforderlich.<br data-start=\"773\" data-end=\"776\"><strong data-start=\"785\" data-end=\"823\">R134a in kleinen Formaten (z.B. 900g)<\/strong> kann jedoch oft von Privatpersonen erworben werden.<br data-start=\"870\" data-end=\"873\">\u00dcberpr\u00fcfen Sie immer die Produktbeschreibung auf Einschr\u00e4nkungen.<\/p><hr data-start=\"929\" data-end=\"932\"><h3 data-start=\"934\" data-end=\"998\"><img decoding=\"async\" class=\"emoji\" role=\"img\" draggable=\"false\" src=\"https:\/\/s.w.org\/images\/core\/emoji\/15.1.0\/svg\/2753.svg\" alt=\"\u2753\" title=\"\">  Versenden Sie K\u00e4ltemittel europaweit und international?<\/h3><p data-start=\"1000\" data-end=\"1177\">Ja, wir versenden <strong data-start=\"1013\" data-end=\"1029\">innerhalb Deutschlands<\/strong> und in <strong data-start=\"1037\" data-end=\"1067\">mehrere europ\u00e4ische L\u00e4nder<\/strong>.<br data-start=\"1068\" data-end=\"1071\">Alle K\u00e4ltemittel werden in zertifizierten Beh\u00e4ltern versandt, die den Transportvorschriften f\u00fcr komprimierte Gase entsprechen.<\/p><hr data-start=\"1179\" data-end=\"1182\"><h3 data-start=\"1184\" data-end=\"1233\"><img decoding=\"async\" class=\"emoji\" role=\"img\" draggable=\"false\" src=\"https:\/\/s.w.org\/images\/core\/emoji\/15.1.0\/svg\/2753.svg\" alt=\"\u2753\" title=\"\">  Sind die Flaschen nachf\u00fcllbar oder Einwegartikel?<\/h3><p data-start=\"1235\" data-end=\"1393\">Wir bieten sowohl <strong data-start=\"1249\" data-end=\"1273\">Einwegflaschen<\/strong> als auch <strong data-start=\"1278\" data-end=\"1300\">wiederbef\u00fcllbare Flaschen<\/strong> an.<br data-start=\"1301\" data-end=\"1304\">Bitte pr\u00fcfen Sie die Produktbeschreibung: Wenn \u201eEinweg\u201c draufsteht, ist es nur <strong data-start=\"1373\" data-end=\"1387\">zum einmaligen Gebrauch<\/strong>.<\/p><hr data-start=\"1395\" data-end=\"1398\"><h3 data-start=\"1400\" data-end=\"1443\"><img decoding=\"async\" class=\"emoji\" role=\"img\" draggable=\"false\" src=\"https:\/\/s.w.org\/images\/core\/emoji\/15.1.0\/svg\/2753.svg\" alt=\"\u2753\" title=\"\">  Wie sollte ich K\u00e4ltemittelgase lagern?<\/h3><p data-start=\"1445\" data-end=\"1616\">Lagern Sie es an einem <strong data-start=\"1456\" data-end=\"1495\">k\u00fchlen, trockenen und gut bel\u00fcfteten Ort<\/strong>, fern von direktem Sonnenlicht und W\u00e4rmequellen.<br data-start=\"1540\" data-end=\"1543\">Au\u00dferhalb der Reichweite von Kindern aufbewahren und extremen Temperaturen aussetzen.<\/p><hr data-start=\"1618\" data-end=\"1621\"><h3 data-start=\"1623\" data-end=\"1665\"><img decoding=\"async\" class=\"emoji\" role=\"img\" draggable=\"false\" src=\"https:\/\/s.w.org\/images\/core\/emoji\/15.1.0\/svg\/2753.svg\" alt=\"\u2753\" title=\"\">  Kann ich eine K\u00e4ltemittelflasche zur\u00fcckgeben?<\/h3><p data-start=\"1667\" data-end=\"1842\">R\u00fccksendungen werden <strong data-start=\"1688\" data-end=\"1756\">nur<\/strong> akzeptiert <strong data-start=\"1688\" data-end=\"1756\">, wenn das Produkt versiegelt, unbenutzt und im Originalzustand ist<\/strong>.<br data-start=\"1757\" data-end=\"1760\">Aus Sicherheitsgr\u00fcnden <strong data-start=\"1780\" data-end=\"1841\">k\u00f6nnen ge\u00f6ffnete oder teilweise benutzte Gasflaschen nicht zur\u00fcckgegeben werden<\/strong>.<\/p>\t\t\t\t\t\t\t\t<\/div>\n\t\t\t\t<\/div>\n\t\t<div class=\"elementor-element elementor-element-68623c5 e-con-full e-flex wpr-particle-no wpr-jarallax-no wpr-parallax-no wpr-sticky-section-no wpr-equal-height-no e-con e-child\" data-id=\"68623c5\" data-element_type=\"container\" data-e-type=\"container\">\n\t\t\t\t<div class=\"elementor-element elementor-element-45fe7ef elementor-widget-divider--view-line elementor-widget elementor-widget-divider\" data-id=\"45fe7ef\" data-element_type=\"widget\" data-e-type=\"widget\" data-widget_type=\"divider.default\">\n\t\t\t\t<div class=\"elementor-widget-container\">\n\t\t\t\t\t\t\t<div class=\"elementor-divider\">\n\t\t\t<span class=\"elementor-divider-separator\">\n\t\t\t\t\t\t<\/span>\n\t\t<\/div>\n\t\t\t\t\t\t<\/div>\n\t\t\t\t<\/div>\n\t\t\t\t<\/div>\n\t\t\t\t\t<\/div>\n\t\t\t\t<\/div>\n\t\t\t\t<\/div>\n\t\t","protected":false},"excerpt":{"rendered":"<p>Was ist der Unterschied zwischen R134a, R410A und R32? R134a wird \u00fcblicherweise in Klimaanlagen f\u00fcr Kraftfahrzeuge verwendet. R410A wird in Klimaanlagen f\u00fcr Privathaushalte und Unternehmen verwendet. R32 ist ein neueres, umweltfreundlicheres K\u00e4ltemittel mit einem niedrigeren GWP (Global Warming Potential). Kann ich K\u00e4ltemittelgas ohne ein F-GAS-Zertifikat kaufen? Gem\u00e4\u00df den F-GAS-Verordnungen der EU ist f\u00fcr den Kauf und die Verwendung einiger K\u00e4ltemittel (wie R410A) eine g\u00fcltige F-GAS-Zertifizierung erforderlich.R134a in kleinen Formaten (z.B. 900g) kann jedoch oft von Privatpersonen erworben werden.\u00dcberpr\u00fcfen Sie immer die Produktbeschreibung auf Einschr\u00e4nkungen. Versenden Sie K\u00e4ltemittel europaweit und international? Ja, wir versenden innerhalb Deutschlands und in mehrere europ\u00e4ische L\u00e4nder.Alle K\u00e4ltemittel werden in zertifizierten Beh\u00e4ltern versandt, die den Transportvorschriften f\u00fcr komprimierte Gase entsprechen. Sind die Flaschen nachf\u00fcllbar oder Einwegartikel? Wir bieten sowohl Einwegflaschen als auch wiederbef\u00fcllbare Flaschen an.Bitte pr\u00fcfen Sie die Produktbeschreibung: Wenn \u201eEinweg\u201c draufsteht, ist es nur zum einmaligen Gebrauch. Wie sollte ich K\u00e4ltemittelgase lagern? Lagern Sie es an einem k\u00fchlen, trockenen und gut bel\u00fcfteten Ort, fern von direktem Sonnenlicht und W\u00e4rmequellen.Au\u00dferhalb der Reichweite von Kindern aufbewahren und extremen Temperaturen aussetzen. Kann ich eine K\u00e4ltemittelflasche zur\u00fcckgeben? R\u00fccksendungen werden nur akzeptiert , wenn das Produkt versiegelt, unbenutzt und im Originalzustand ist.Aus Sicherheitsgr\u00fcnden k\u00f6nnen ge\u00f6ffnete oder teilweise benutzte Gasflaschen nicht zur\u00fcckgegeben werden.<\/p>\n","protected":false},"author":1,"featured_media":0,"parent":0,"menu_order":0,"comment_status":"closed","ping_status":"closed","template":"","meta":{"site-sidebar-layout":"no-sidebar","site-content-layout":"page-builder","ast-site-content-layout":"full-width-container","site-content-style":"default","site-sidebar-style":"default","ast-global-header-display":"","ast-banner-title-visibility":"","ast-main-header-display":"","ast-hfb-above-header-display":"","ast-hfb-below-header-display":"","ast-hfb-mobile-header-display":"","site-post-title":"disabled","ast-breadcrumbs-content":"","ast-featured-img":"disabled","footer-sml-layout":"","theme-transparent-header-meta":"","adv-header-id-meta":"","stick-header-meta":"","header-above-stick-meta":"","header-main-stick-meta":"","header-below-stick-meta":"","astra-migrate-meta-layouts":"default","ast-page-background-enabled":"default","ast-page-background-meta":{"desktop":{"background-color":"","background-image":"","background-repeat":"repeat","background-position":"center center","background-size":"auto","background-attachment":"scroll","background-type":"","background-media":"","overlay-type":"","overlay-color":"","overlay-opacity":"","overlay-gradient":""},"tablet":{"background-color":"","background-image":"","background-repeat":"repeat","background-position":"center center","background-size":"auto","background-attachment":"scroll","background-type":"","background-media":"","overlay-type":"","overlay-color":"","overlay-opacity":"","overlay-gradient":""},"mobile":{"background-color":"","background-image":"","background-repeat":"repeat","background-position":"center center","background-size":"auto","background-attachment":"scroll","background-type":"","background-media":"","overlay-type":"","overlay-color":"","overlay-opacity":"","overlay-gradient":""}},"ast-content-background-meta":{"desktop":{"background-color":"var(--ast-global-color-5)","background-image":"","background-repeat":"repeat","background-position":"center center","background-size":"auto","background-attachment":"scroll","background-type":"","background-media":"","overlay-type":"","overlay-color":"","overlay-opacity":"","overlay-gradient":""},"tablet":{"background-color":"var(--ast-global-color-5)","background-image":"","background-repeat":"repeat","background-position":"center center","background-size":"auto","background-attachment":"scroll","background-type":"","background-media":"","overlay-type":"","overlay-color":"","overlay-opacity":"","overlay-gradient":""},"mobile":{"background-color":"var(--ast-global-color-5)","background-image":"","background-repeat":"repeat","background-position":"center center","background-size":"auto","background-attachment":"scroll","background-type":"","background-media":"","overlay-type":"","overlay-color":"","overlay-opacity":"","overlay-gradient":""}},"footnotes":""},"class_list":["post-4505","page","type-page","status-publish","hentry"],"_links":{"self":[{"href":"https:\/\/torettorefrigerant.com\/de\/wp-json\/wp\/v2\/pages\/4505","targetHints":{"allow":["GET"]}}],"collection":[{"href":"https:\/\/torettorefrigerant.com\/de\/wp-json\/wp\/v2\/pages"}],"about":[{"href":"https:\/\/torettorefrigerant.com\/de\/wp-json\/wp\/v2\/types\/page"}],"author":[{"embeddable":true,"href":"https:\/\/torettorefrigerant.com\/de\/wp-json\/wp\/v2\/users\/1"}],"replies":[{"embeddable":true,"href":"https:\/\/torettorefrigerant.com\/de\/wp-json\/wp\/v2\/comments?post=4505"}],"version-history":[{"count":2,"href":"https:\/\/torettorefrigerant.com\/de\/wp-json\/wp\/v2\/pages\/4505\/revisions"}],"predecessor-version":[{"id":4512,"href":"https:\/\/torettorefrigerant.com\/de\/wp-json\/wp\/v2\/pages\/4505\/revisions\/4512"}],"wp:attachment":[{"href":"https:\/\/torettorefrigerant.com\/de\/wp-json\/wp\/v2\/media?parent=4505"}],"curies":[{"name":"wp","href":"https:\/\/api.w.org\/{rel}","templated":true}]}}