{"id":4485,"date":"2025-05-05T20:44:15","date_gmt":"2025-05-05T20:44:15","guid":{"rendered":"https:\/\/torettorefrigerant.com\/rueckgabe-widerrufsrecht\/"},"modified":"2025-06-20T07:44:20","modified_gmt":"2025-06-20T07:44:20","slug":"rueckgabe-widerrufsrecht","status":"publish","type":"page","link":"https:\/\/torettorefrigerant.com\/de\/rueckgabe-widerrufsrecht\/","title":{"rendered":"Verkaufsbedingungen"},"content":{"rendered":"\n<p class=\"has-text-align-center\">Unser Unternehmen ist spezialisiert auf den Verkauf von K\u00e4ltemittelgasen und Ausr\u00fcstung f\u00fcr die Klima- und K\u00e4ltetechnik.<\/p>\n\n\n\n<p><strong>Torettomotorsport <\/strong>wurde von Fachleuten mit langj\u00e4hriger Erfahrung im Handel und Vertrieb von K\u00e4ltemittelgasen gegr\u00fcndet. Unser Online-Shop wurde geschaffen, um die wachsende Nachfrage unserer Kunden zu erf\u00fcllen, schnell zu finden und zu bestellen, was sie mit nur wenigen Klicks brauchen. Unsere Produktpalette umfasst K\u00e4ltemittelgase, Ger\u00e4te f\u00fcr Fachleute im K\u00fchlsektor und Chemikalien f\u00fcr die Wartung, Reinigung und Diagnose von HVAC-, K\u00e4lte- und Automobilsystemen.  <\/p>\n\n\n\n<p>Wir bieten auch einen <strong>Nachf\u00fcllservice f\u00fcr kundeneigene Zylinder an<\/strong>, der die Logistik f\u00fcr die Abholung und Lieferung in voller \u00dcbereinstimmung mit den Sicherheitsstandards und mit maximaler Geschwindigkeit auch w\u00e4hrend der saisonalen Spitzenzeiten verwaltet.<\/p>\n\n\n\n<p>Dank eines Teams von Fachleuten mit \u00fcber 20 Jahren Erfahrung in der K\u00e4ltemittelgasbranche kann Torettomotorsport Ihre technischen und kommerziellen Anforderungen durch unseren Kundendienst erf\u00fcllen:<br><strong>\ud83d\udce7 <a>torettositedirection@gmail.com<\/a><\/strong><\/p>\n\n\n\n<h3 class=\"wp-block-heading\"><strong>Unser Kundenstamm umfasst:<\/strong><\/h3>\n\n\n\n<ul class=\"wp-block-list\">\n<li>Zivil- und gewerbliche Klimatechnik: Installateure, Techniker, Wiederverk\u00e4ufer<\/li>\n\n\n\n<li>Haushaltsger\u00e4te-Ersatzteile: Reparaturtechniker, Einzelh\u00e4ndler<\/li>\n\n\n\n<li>Elektrobranche: Installateure, Reparaturbetriebe, Wiederverk\u00e4ufer<\/li>\n\n\n\n<li>Sanit\u00e4r und HVAC: Techniker, Installateure, Ersatzteilh\u00e4ndler<\/li>\n\n\n\n<li>Kfz-Klimatisierung: Autowerkst\u00e4tten, Autoelektriker, Karosseriewerkst\u00e4tten, Ersatzteilh\u00e4ndler<\/li>\n<\/ul>\n\n\n\n<hr class=\"wp-block-separator has-alpha-channel-opacity\"\/>\n\n\n\n<h2 class=\"wp-block-heading\"><strong>Garantie<\/strong><\/h2>\n\n\n\n<p><strong>Torettomotorsport S.r.l.<\/strong> gew\u00e4hrt auf alle verkauften Produkte eine 12-monatige Garantie. Die Garantie unterliegt einer technischen \u00dcberpr\u00fcfung durch unser spezialisiertes Team, das die Art des Defekts bestimmt. <\/p>\n\n\n\n<p>Um einen Garantieanspruch f\u00fcr Ersatz oder Reparatur zu beantragen, wenden Sie sich bitte an unseren Kundendienst unter:<br>\ud83d\udce7 <strong><a><strong><a>torettositedirection@gmail.com<\/a><\/strong><\/a><\/strong><\/p>\n\n\n\n<p>Die Garantie auf Zylinder ist nur g\u00fcltig, <strong>wenn die Schrumpfdichtung am Ventil intakt ist<\/strong>. Alle Produkte m\u00fcssen <strong>nur nach schriftlicher Genehmigung<\/strong> von unserer Firma, ordnungsgem\u00e4\u00df verpackt und unbenutzt zur\u00fcckgegeben werden.<br>Die Nichteinhaltung dieser Bedingungen f\u00fchrt zum <strong>automatischen Verlust der Garantie<\/strong>. <\/p>\n\n\n\n<hr class=\"wp-block-separator has-alpha-channel-opacity\"\/>\n\n\n\n<h2 class=\"wp-block-heading\"><strong>Sicherheit und Vorsorge<\/strong><\/h2>\n\n\n\n<p><strong>Torettomotorsport S.r.l.<\/strong> ist <strong>nicht verantwortlich<\/strong> f\u00fcr direkte oder indirekte Sch\u00e4den, die durch die Verwendung seiner Produkte verursacht werden, noch f\u00fcr falsche oder unangemessene Verwendung oder Lagerung in Umgebungen, die mit dem Umgang mit K\u00e4ltemittelgasen nicht konform sind.<\/p>\n\n\n\n<p>Beziehen Sie sich immer auf die <strong>Sicherheitsdatenbl\u00e4tter (SDS)<\/strong> f\u00fcr jedes Produkt, die zur Konsultation oder zum Download in der speziellen SDS-Sektion verf\u00fcgbar sind.<\/p>\n\n\n\n<p>Die Verwendung von K\u00e4ltemittelgasen ist durch spezielle Gesetze geregelt und <strong>wird nur f\u00fcr zertifizierte Fachleute<\/strong> in der HLK- und K\u00e4ltetechnik empfohlen.<\/p>\n\n\n\n<hr class=\"wp-block-separator has-alpha-channel-opacity\"\/>\n\n\n\n<h2 class=\"wp-block-heading\"><strong>Produktaussehen<\/strong><\/h2>\n\n\n\n<p>Auf unserer Website gezeigte Produktbilder k\u00f6nnen in Form und\/oder Farbe variieren, wobei die gleiche Konformit\u00e4t, <strong>die gleichen Merkmale und die gleichen Funktionen beibehalten<\/strong> werden.<\/p>\n\n\n\n<hr class=\"wp-block-separator has-alpha-channel-opacity\"\/>\n\n\n\n<h2 class=\"wp-block-heading\"><strong>Widerrufsrecht (R\u00fcckgaberecht)<\/strong><\/h2>\n\n\n\n<p>In \u00dcbereinstimmung <strong>mit dem Gesetz <\/strong>gilt das <strong>Widerrufsrecht nur f\u00fcr Privatkunden<\/strong> (Personen, die f\u00fcr den pers\u00f6nlichen Gebrauch kaufen, nicht im Zusammenhang mit gesch\u00e4ftlichen Aktivit\u00e4ten).<\/p>\n\n\n\n<p>Dieses Recht muss durch das Senden einer E-Mail innerhalb von <strong>10 Werktagen nach<\/strong> Erhalt der Ware ausge\u00fcbt werden.<\/p>\n\n\n\n<p>\ud83d\udce7 Kontakt: <strong><a><strong><a>torettositedirection@gmail.com<\/a><\/strong><\/a><\/strong><\/p>\n\n\n\n<p>Die R\u00fccksendung berechtigt den Kunden zu einer vollst\u00e4ndigen <strong>R\u00fcckerstattung der Bestellung<\/strong>, <strong>ohne R\u00fccksendekosten<\/strong>. Der zur\u00fcckgesendete Artikel muss <strong>nachverfolgbar <\/strong>sein und die Lieferung an unser Lager muss best\u00e4tigt werden. <\/p>\n\n\n\n<p>Produkte und Verpackungen m\u00fcssen <strong>intakt <\/strong>sein, einschlie\u00dflich aller Dichtungen, Schutzvorrichtungen und Zubeh\u00f6rteile.<br>Die Originalverpackung muss unber\u00fchrt sein und keine <strong>Gebrauchsspuren aufweisen<\/strong>. Wenn Sie diese Bedingungen nicht erf\u00fcllen, erlischt das Widerrufsrecht und der Artikel (die Artikel) wird an den Absender zur\u00fcckgesandt, wobei die R\u00fccksendekosten in Rechnung gestellt werden. <\/p>\n\n\n\n<p>Nach erfolgreicher R\u00fccksendung wird <strong>Torettomotorsport S.r.l. <\/strong>die R\u00fcckerstattung innerhalb von 15 <strong>Tagen <\/strong>per <strong>Bank\u00fcberweisung oder direkte R\u00fcckerstattung vornehmen<\/strong>.<\/p>\n\n\n\n<hr class=\"wp-block-separator has-alpha-channel-opacity\"\/>\n\n\n\n<h2 class=\"wp-block-heading\"><strong>Fehlkauf<\/strong><\/h2>\n\n\n\n<p>Im Falle eines falschen Kaufs kann der Kunde das Produkt(e) nach den gleichen Schritten wie im Abschnitt <strong>Widerrufsrecht zur\u00fcckgeben<\/strong>.<br>Alle R\u00fccksendekosten liegen in der <strong>Verantwortung des Kunden<\/strong>.<\/p>\n\n\n\n<p class=\"has-text-align-center\">Bei Zweifeln, bevor Sie eine Bestellung aufgeben, empfehlen wir, sich an unser Support-Team zu wenden:<br>\ud83d\udce7 <strong><a>torettositedirection@gmail.com<br><\/a><\/strong><\/p>\n\n\n\n<p><\/p>\n","protected":false},"excerpt":{"rendered":"<p>Unser Unternehmen ist spezialisiert auf den Verkauf von K\u00e4ltemittelgasen und Ausr\u00fcstung f\u00fcr die Klima- und K\u00e4ltetechnik. Torettomotorsport wurde von Fachleuten mit langj\u00e4hriger Erfahrung im Handel und Vertrieb von K\u00e4ltemittelgasen gegr\u00fcndet. Unser Online-Shop wurde geschaffen, um die wachsende Nachfrage unserer Kunden zu erf\u00fcllen, schnell zu finden und zu bestellen, was sie mit nur wenigen Klicks brauchen. Unsere Produktpalette umfasst K\u00e4ltemittelgase, Ger\u00e4te f\u00fcr Fachleute im K\u00fchlsektor und Chemikalien f\u00fcr die Wartung, Reinigung und Diagnose von HVAC-, K\u00e4lte- und Automobilsystemen. Wir bieten auch einen Nachf\u00fcllservice f\u00fcr kundeneigene Zylinder an, der die Logistik f\u00fcr die Abholung und Lieferung in voller \u00dcbereinstimmung mit den Sicherheitsstandards und mit maximaler Geschwindigkeit auch w\u00e4hrend der saisonalen Spitzenzeiten verwaltet. Dank eines Teams von Fachleuten mit \u00fcber 20 Jahren Erfahrung in der K\u00e4ltemittelgasbranche kann Torettomotorsport Ihre technischen und kommerziellen Anforderungen durch unseren Kundendienst erf\u00fcllen:\ud83d\udce7 torettositedirection@gmail.com Unser Kundenstamm umfasst: Garantie Torettomotorsport S.r.l. gew\u00e4hrt auf alle verkauften Produkte eine 12-monatige Garantie. Die Garantie unterliegt einer technischen \u00dcberpr\u00fcfung durch unser spezialisiertes Team, das die Art des Defekts bestimmt. Um einen Garantieanspruch f\u00fcr Ersatz oder Reparatur zu beantragen, wenden Sie sich bitte an unseren Kundendienst unter:\ud83d\udce7 torettositedirection@gmail.com Die Garantie auf Zylinder ist nur g\u00fcltig, wenn die Schrumpfdichtung am Ventil intakt ist. Alle Produkte m\u00fcssen nur nach schriftlicher Genehmigung von unserer Firma, ordnungsgem\u00e4\u00df verpackt und unbenutzt zur\u00fcckgegeben werden.Die Nichteinhaltung dieser Bedingungen f\u00fchrt zum automatischen Verlust der Garantie. Sicherheit und Vorsorge Torettomotorsport S.r.l. ist nicht verantwortlich f\u00fcr direkte oder indirekte Sch\u00e4den, die durch die Verwendung seiner Produkte verursacht werden, noch f\u00fcr falsche oder unangemessene Verwendung oder Lagerung in Umgebungen, die mit dem Umgang mit K\u00e4ltemittelgasen nicht konform sind. Beziehen Sie sich immer auf die Sicherheitsdatenbl\u00e4tter (SDS) f\u00fcr jedes Produkt, die zur Konsultation oder zum Download in der speziellen SDS-Sektion verf\u00fcgbar sind. Die Verwendung von K\u00e4ltemittelgasen ist durch spezielle Gesetze geregelt und wird nur f\u00fcr zertifizierte Fachleute in der HLK- und K\u00e4ltetechnik empfohlen. Produktaussehen Auf unserer Website gezeigte Produktbilder k\u00f6nnen in Form und\/oder Farbe variieren, wobei die gleiche Konformit\u00e4t, die gleichen Merkmale und die gleichen Funktionen beibehalten werden. Widerrufsrecht (R\u00fcckgaberecht) In \u00dcbereinstimmung mit dem Gesetz gilt das Widerrufsrecht nur f\u00fcr Privatkunden (Personen, die f\u00fcr den pers\u00f6nlichen Gebrauch kaufen, nicht im Zusammenhang mit gesch\u00e4ftlichen Aktivit\u00e4ten). Dieses Recht muss durch das Senden einer E-Mail innerhalb von 10 Werktagen nach Erhalt der Ware ausge\u00fcbt werden. \ud83d\udce7 Kontakt: torettositedirection@gmail.com Die R\u00fccksendung berechtigt den Kunden zu einer vollst\u00e4ndigen R\u00fcckerstattung der Bestellung, ohne R\u00fccksendekosten. Der zur\u00fcckgesendete Artikel muss nachverfolgbar sein und die Lieferung an unser Lager muss best\u00e4tigt werden. Produkte und Verpackungen m\u00fcssen intakt sein, einschlie\u00dflich aller Dichtungen, Schutzvorrichtungen und Zubeh\u00f6rteile.Die Originalverpackung muss unber\u00fchrt sein und keine Gebrauchsspuren aufweisen. Wenn Sie diese Bedingungen nicht erf\u00fcllen, erlischt das Widerrufsrecht und der Artikel (die Artikel) wird an den Absender zur\u00fcckgesandt, wobei die R\u00fccksendekosten in Rechnung gestellt werden. Nach erfolgreicher R\u00fccksendung wird Torettomotorsport S.r.l. die R\u00fcckerstattung innerhalb von 15 Tagen per Bank\u00fcberweisung oder direkte R\u00fcckerstattung vornehmen. Fehlkauf Im Falle eines falschen Kaufs kann der Kunde das Produkt(e) nach den gleichen Schritten wie im Abschnitt Widerrufsrecht zur\u00fcckgeben.Alle R\u00fccksendekosten liegen in der Verantwortung des Kunden. Bei Zweifeln, bevor Sie eine Bestellung aufgeben, empfehlen wir, sich an unser Support-Team zu wenden:\ud83d\udce7 torettositedirection@gmail.com<\/p>\n","protected":false},"author":1,"featured_media":0,"parent":0,"menu_order":0,"comment_status":"closed","ping_status":"closed","template":"","meta":{"site-sidebar-layout":"default","site-content-layout":"","ast-site-content-layout":"default","site-content-style":"default","site-sidebar-style":"default","ast-global-header-display":"","ast-banner-title-visibility":"","ast-main-header-display":"","ast-hfb-above-header-display":"","ast-hfb-below-header-display":"","ast-hfb-mobile-header-display":"","site-post-title":"disabled","ast-breadcrumbs-content":"","ast-featured-img":"","footer-sml-layout":"","theme-transparent-header-meta":"","adv-header-id-meta":"","stick-header-meta":"","header-above-stick-meta":"","header-main-stick-meta":"","header-below-stick-meta":"","astra-migrate-meta-layouts":"set","ast-page-background-enabled":"default","ast-page-background-meta":{"desktop":{"background-color":"","background-image":"","background-repeat":"repeat","background-position":"center center","background-size":"auto","background-attachment":"scroll","background-type":"","background-media":"","overlay-type":"","overlay-color":"","overlay-opacity":"","overlay-gradient":""},"tablet":{"background-color":"","background-image":"","background-repeat":"repeat","background-position":"center center","background-size":"auto","background-attachment":"scroll","background-type":"","background-media":"","overlay-type":"","overlay-color":"","overlay-opacity":"","overlay-gradient":""},"mobile":{"background-color":"","background-image":"","background-repeat":"repeat","background-position":"center center","background-size":"auto","background-attachment":"scroll","background-type":"","background-media":"","overlay-type":"","overlay-color":"","overlay-opacity":"","overlay-gradient":""}},"ast-content-background-meta":{"desktop":{"background-color":"var(--ast-global-color-5)","background-image":"","background-repeat":"repeat","background-position":"center center","background-size":"auto","background-attachment":"scroll","background-type":"","background-media":"","overlay-type":"","overlay-color":"","overlay-opacity":"","overlay-gradient":""},"tablet":{"background-color":"var(--ast-global-color-5)","background-image":"","background-repeat":"repeat","background-position":"center center","background-size":"auto","background-attachment":"scroll","background-type":"","background-media":"","overlay-type":"","overlay-color":"","overlay-opacity":"","overlay-gradient":""},"mobile":{"background-color":"var(--ast-global-color-5)","background-image":"","background-repeat":"repeat","background-position":"center center","background-size":"auto","background-attachment":"scroll","background-type":"","background-media":"","overlay-type":"","overlay-color":"","overlay-opacity":"","overlay-gradient":""}},"footnotes":""},"class_list":["post-4485","page","type-page","status-publish","hentry"],"_links":{"self":[{"href":"https:\/\/torettorefrigerant.com\/de\/wp-json\/wp\/v2\/pages\/4485","targetHints":{"allow":["GET"]}}],"collection":[{"href":"https:\/\/torettorefrigerant.com\/de\/wp-json\/wp\/v2\/pages"}],"about":[{"href":"https:\/\/torettorefrigerant.com\/de\/wp-json\/wp\/v2\/types\/page"}],"author":[{"embeddable":true,"href":"https:\/\/torettorefrigerant.com\/de\/wp-json\/wp\/v2\/users\/1"}],"replies":[{"embeddable":true,"href":"https:\/\/torettorefrigerant.com\/de\/wp-json\/wp\/v2\/comments?post=4485"}],"version-history":[{"count":6,"href":"https:\/\/torettorefrigerant.com\/de\/wp-json\/wp\/v2\/pages\/4485\/revisions"}],"predecessor-version":[{"id":5222,"href":"https:\/\/torettorefrigerant.com\/de\/wp-json\/wp\/v2\/pages\/4485\/revisions\/5222"}],"wp:attachment":[{"href":"https:\/\/torettorefrigerant.com\/de\/wp-json\/wp\/v2\/media?parent=4485"}],"curies":[{"name":"wp","href":"https:\/\/api.w.org\/{rel}","templated":true}]}}